{"id":530,"date":"2021-06-19T12:06:39","date_gmt":"2021-06-19T05:06:39","guid":{"rendered":"http:\/\/handan.com.vn\/?post_type=product&#038;p=530"},"modified":"2026-01-05T15:41:19","modified_gmt":"2026-01-05T08:41:19","slug":"nhip-st","status":"publish","type":"product","link":"http:\/\/handan.com.vn\/en\/product\/nhip-st\/","title":{"rendered":"NHI\u0301P ST"},"content":{"rendered":"<p>Ch\u1ea5t li\u1ec7u th\u00e9p kh\u00f4ng g\u1ec9 n\u00ean \u0111\u1ea3m b\u1ea3o \u0111\u1ed9 ch\u1eafc ch\u1eafn v\u00e0 c\u1ee9ng c\u00e1p. S\u1ea3n ph\u1ea9m c\u00f3 kh\u1ea3 n\u1eafng ch\u1ed1ng acid v\u00e0 kh\u00e1ng t\u1eeb t\u1ed1t<br \/>\nNh\u00edp g\u1eafp linh ki\u1ec7n ST c\u00f2n c\u00f3 kh\u1ea3 n\u0103ng ch\u1ed1ng ch\u00f3i n\u00ean h\u1ed7 tr\u1ee3 t\u1ed1t nh\u1ea5t cho qu\u00e1 tr\u00ecnh l\u00e0m vi\u1ec7c \u0111\u1ea1t k\u1ebft qu\u1ea3 cao.<br \/>\nCh\u00fang ta c\u00f3 th\u1ec3 d\u1ec5 d\u00e0ng b\u1eaft g\u1eb7p nh\u1eefng s\u1ea3n ph\u1ea9m n\u00e0y trong c\u00e1c ng\u00e0nh s\u1ea3n xu\u1ea5t, s\u1eeda ch\u1eefa thi\u1ebft b\u1ecb \u0111i\u1ec7n t\u1eed, \u0111\u1ed3ng h\u1ed3, \u0111i\u1ec7n tho\u1ea1i\u2026<\/p>\n<p><img loading=\"lazy\" class=\"alignnone size-full wp-image-531\" src=\"http:\/\/handan.com.vn\/wp-content\/uploads\/2021\/06\/ST.jpg\" alt=\"\" width=\"300\" height=\"300\" srcset=\"http:\/\/handan.com.vn\/wp-content\/uploads\/2021\/06\/ST.jpg 300w, http:\/\/handan.com.vn\/wp-content\/uploads\/2021\/06\/ST-150x150.jpg 150w, http:\/\/handan.com.vn\/wp-content\/uploads\/2021\/06\/ST-12x12.jpg 12w, http:\/\/handan.com.vn\/wp-content\/uploads\/2021\/06\/ST-247x247.jpg 247w, http:\/\/handan.com.vn\/wp-content\/uploads\/2021\/06\/ST-100x100.jpg 100w\" sizes=\"(max-width: 300px) 100vw, 300px\" \/><\/p>","protected":false},"excerpt":{"rendered":"<p>Nh\u00edp g\u1eafp linh ki\u1ec7n Vetus ST \u0111\u01b0\u1ee3c s\u1ea3n xu\u1ea5t t\u1eeb ch\u1ea5t li\u1ec7u th\u00e9p kh\u00f4ng g\u1ec9, c\u00f3 kh\u1ea3 n\u0103ng ch\u1ed1ng \u0103n m\u00f2n t\u1ed1t, ch\u1ed1ng acid hi\u1ec7u qu\u1ea3.<br \/>\nPh\u00e2n loa\u0323i: ST-11, ST-12, ST-13, ST-14, ST-15, ST-16, ST-17&#8230;<br \/>\nChi\u1ec1u d\u00e0i: 110 &#8211; 120mm<br \/>\n\u0110\u01b0\u1ee3c s\u1eed d\u1ee5ng trong c\u00e1c ng\u00e0nh s\u1ea3n xu\u1ea5t, s\u1eeda ch\u1eefa thi\u1ebft b\u1ecb linh ki\u1ec7n \u0111i\u1ec7n t\u1eed \u0111\u00f2i h\u1ecfi \u0111\u1ed9 ch\u00ednh x\u00e1c cao.<\/p>\n<p><img loading=\"lazy\" class=\"alignnone size-medium wp-image-535\" src=\"http:\/\/handan.com.vn\/wp-content\/uploads\/2021\/06\/ST5-300x300.jpg\" alt=\"\" width=\"300\" height=\"300\" srcset=\"http:\/\/handan.com.vn\/wp-content\/uploads\/2021\/06\/ST5-300x300.jpg 300w, http:\/\/handan.com.vn\/wp-content\/uploads\/2021\/06\/ST5-150x150.jpg 150w, http:\/\/handan.com.vn\/wp-content\/uploads\/2021\/06\/ST5-12x12.jpg 12w, http:\/\/handan.com.vn\/wp-content\/uploads\/2021\/06\/ST5-247x247.jpg 247w, http:\/\/handan.com.vn\/wp-content\/uploads\/2021\/06\/ST5-100x100.jpg 100w, http:\/\/handan.com.vn\/wp-content\/uploads\/2021\/06\/ST5.jpg 400w\" sizes=\"(max-width: 300px) 100vw, 300px\" \/><\/p>","protected":false},"featured_media":531,"template":"","meta":[],"_links":{"self":[{"href":"http:\/\/handan.com.vn\/en\/wp-json\/wp\/v2\/product\/530"}],"collection":[{"href":"http:\/\/handan.com.vn\/en\/wp-json\/wp\/v2\/product"}],"about":[{"href":"http:\/\/handan.com.vn\/en\/wp-json\/wp\/v2\/types\/product"}],"wp:featuredmedia":[{"embeddable":true,"href":"http:\/\/handan.com.vn\/en\/wp-json\/wp\/v2\/media\/531"}],"wp:attachment":[{"href":"http:\/\/handan.com.vn\/en\/wp-json\/wp\/v2\/media?parent=530"}],"curies":[{"name":"wp","href":"https:\/\/api.w.org\/{rel}","templated":true}]}}