{"id":479,"date":"2021-06-13T17:51:27","date_gmt":"2021-06-13T10:51:27","guid":{"rendered":"http:\/\/handan.com.vn\/?post_type=product&#038;p=479"},"modified":"2026-01-05T15:41:19","modified_gmt":"2026-01-05T08:41:19","slug":"khau-trang-phong-sach-2","status":"publish","type":"product","link":"http:\/\/handan.com.vn\/en\/product\/khau-trang-phong-sach-2\/","title":{"rendered":"Kh\u1ea9u trang ph\u00f2ng s\u1ea1ch"},"content":{"rendered":"<p>Handan l\u00e0 nh\u00e0 s\u1ea3n xu\u1ea5t kh\u1ea9u trang ph\u00f2ng s\u1ea1ch 3 l\u1edbp \u0111\u1ea1t ti\u00eau chu\u1ea9n ISO 13485:2016<\/p>\n<p>K\u00edch th\u01b0\u1edbc: 175x90cm, 3 l\u1edbp, m\u00e0u tr\u1eafng<\/p>\n<p>C\u1ea5u t\u1ea1o: S\u1ea3n ph\u1ea9m s\u1eed d\u1ee5ng ch\u1ea5t li\u1ec7u v\u1ea3i ES kh\u00f4ng d\u1ec7t m\u00e0u tr\u1eafng,l\u1edbp gi\u1eefa gi\u1ea5y kh\u00e1ng khu\u1ea9n 99%, n\u1eb9p nh\u1ef1a, d\u00e2y thun tr\u00f2n 3.0mm \u0111\u1ea1t ti\u00eau chu\u1ea9n xu\u1ea5t kh\u1ea9u.<\/p>\n<p>\u0110\u01b0\u1ee3c s\u1ea3n xu\u1ea5t v\u00e0 \u0111\u00f3ng g\u00f3i trong m\u00f4i tr\u01b0\u1eddng ph\u00f2ng s\u1ea1ch.<\/p>\n<p>\u0110\u00f3ng g\u00f3i: 100pcs\/t\u00fai, 50 t\u00fai\/th\u00f9ng<\/p>\n<p>\u0110\u1ea1t ti\u00eau chu\u1ea9n ph\u00f2ng s\u1ea1ch<\/p>\n<p>&nbsp;<\/p>","protected":false},"excerpt":{"rendered":"<p>Thi\u1ebft k\u1ebf m\u1ee9c x\u01a1 v\u1ea3i c\u1ef1c th\u1ea5p \u0111\u1ea3m b\u1ea3o s\u1eed d\u1ee5ng trong m\u00f4i tr\u01b0\u1eddng ph\u00f2ng s\u1ea1ch kh\u00f4ng ph\u00e1t sinh b\u1ee5i<br \/>\nKi\u1ec3m so\u00e1t quy tr\u00ecnh s\u1ea3n xu\u1ea5t th\u1ed1ng k\u00ea \u0111\u1ea3m b\u1ea3o t\u00ednh nh\u1ea5t qu\u00e1n v\u00e0 ch\u1ea5t l\u01b0\u1ee3ng s\u1ea3n ph\u1ea9m<\/p>","protected":false},"featured_media":475,"template":"","meta":[],"_links":{"self":[{"href":"http:\/\/handan.com.vn\/en\/wp-json\/wp\/v2\/product\/479"}],"collection":[{"href":"http:\/\/handan.com.vn\/en\/wp-json\/wp\/v2\/product"}],"about":[{"href":"http:\/\/handan.com.vn\/en\/wp-json\/wp\/v2\/types\/product"}],"wp:featuredmedia":[{"embeddable":true,"href":"http:\/\/handan.com.vn\/en\/wp-json\/wp\/v2\/media\/475"}],"wp:attachment":[{"href":"http:\/\/handan.com.vn\/en\/wp-json\/wp\/v2\/media?parent=479"}],"curies":[{"name":"wp","href":"https:\/\/api.w.org\/{rel}","templated":true}]}}