{"id":384,"date":"2021-05-26T14:58:50","date_gmt":"2021-05-26T07:58:50","guid":{"rendered":"http:\/\/handan.com.vn\/?post_type=product&#038;p=384"},"modified":"2026-01-05T15:41:22","modified_gmt":"2026-01-05T08:41:22","slug":"bang-dinh-chong-ti%cc%83nh-die%cc%a3n-han-quoc","status":"publish","type":"product","link":"http:\/\/handan.com.vn\/en\/product\/bang-dinh-chong-ti%cc%83nh-die%cc%a3n-han-quoc\/","title":{"rendered":"B\u0102NG DI\u0301NH CH\u00d4\u0301NG TI\u0303NH \u0110I\u00ca\u0323N HA\u0300N QU\u00d4\u0301C"},"content":{"rendered":"<p><img loading=\"lazy\" class=\"alignnone size-medium wp-image-387\" src=\"http:\/\/handan.com.vn\/wp-content\/uploads\/2021\/05\/IMG_9849-300x200.jpg\" alt=\"\" width=\"300\" height=\"200\" srcset=\"http:\/\/handan.com.vn\/wp-content\/uploads\/2021\/05\/IMG_9849-300x200.jpg 300w, http:\/\/handan.com.vn\/wp-content\/uploads\/2021\/05\/IMG_9849-1024x683.jpg 1024w, http:\/\/handan.com.vn\/wp-content\/uploads\/2021\/05\/IMG_9849-768x512.jpg 768w, http:\/\/handan.com.vn\/wp-content\/uploads\/2021\/05\/IMG_9849-1536x1024.jpg 1536w, http:\/\/handan.com.vn\/wp-content\/uploads\/2021\/05\/IMG_9849-2048x1365.jpg 2048w, http:\/\/handan.com.vn\/wp-content\/uploads\/2021\/05\/IMG_9849-16x12.jpg 16w, http:\/\/handan.com.vn\/wp-content\/uploads\/2021\/05\/IMG_9849-510x340.jpg 510w\" sizes=\"(max-width: 300px) 100vw, 300px\" \/>Hi\u1ec7n nay c\u0169ng c\u00f3 nhi\u1ec1u gi\u1ea3i ph\u00e1p cho v\u1ea5n \u0111\u1ec1 t\u0129nh \u0111i\u1ec7n, v\u00e0 m\u1ed9t trong nh\u1eefng gi\u1ea3i ph\u00e1p \u0111\u01b0\u1ee3c cho l\u00e0 h\u1eefu hi\u1ec7u nh\u1ea5t trong l\u1eafp r\u00e1p linh ki\u1ec7n ch\u00ednh l\u00e0 s\u1eed\u00a0d\u1ee5ng b\u0103ng d\u00ednh ch\u1ed1ng t\u0129nh \u0111i\u1ec7n. Khi c\u00e1c s\u1ea3n ph\u1ea3m \u0111\u01b0\u1ee3c t\u1ea1o ra m\u00e0 \u0111\u1ec3 trong khay c\u00f3 d\u00e1n b\u0103ng d\u00ednh ch\u1ed1ng t\u0129nh \u0111i\u1ec7n n\u00e0y th\u00ec s\u1ebd\u00a0ch\u1ed1ng t\u0129nh \u0111i\u1ec7n \u0111\u01b0\u1ee3c t\u1ed1t h\u01a1n, ch\u1ea5t l\u01b0\u1ee3ng s\u1ea3n ph\u1ea9m cao h\u01a1n v\u00e0 s\u1ee9c kh\u1ecfe ng\u01b0\u1eddi lao \u0111\u1ed9ng kh\u00f4ng b\u1ecb\u00a0\u1ea3nh h\u01b0\u1edfng d\u1eabn \u0111\u1ebfn n\u0103ng su\u1ea5t lao \u0111\u1ed9ng t\u1ed1t h\u01a1n. M\u1ed9t trong nh\u1eefng b\u0103ng d\u00ednh ch\u1ed1ng t\u0129nh \u0111i\u1ec7n t\u1ed1t h\u01a1n c\u1ea3v\u00e0 \u0111\u01b0\u1ee3c kh\u00e1ch h\u00e0ng l\u1ef1a ch\u1ecdn nhi\u1ec1u \u0111\u00f3 ch\u00ednh l\u00e0 b\u0103ng d\u00ednh ch\u1ed1ng t\u0129nh \u0111i\u1ec7n do H\u00e0n Qu\u1ed1c s\u1ea3n xu\u1ea5t.<\/p>\n<p><img loading=\"lazy\" class=\"alignnone size-medium wp-image-385\" src=\"http:\/\/handan.com.vn\/wp-content\/uploads\/2021\/05\/IMG_9844-300x200.jpg\" alt=\"\" width=\"300\" height=\"200\" srcset=\"http:\/\/handan.com.vn\/wp-content\/uploads\/2021\/05\/IMG_9844-300x200.jpg 300w, http:\/\/handan.com.vn\/wp-content\/uploads\/2021\/05\/IMG_9844-1024x683.jpg 1024w, http:\/\/handan.com.vn\/wp-content\/uploads\/2021\/05\/IMG_9844-768x512.jpg 768w, http:\/\/handan.com.vn\/wp-content\/uploads\/2021\/05\/IMG_9844-1536x1024.jpg 1536w, http:\/\/handan.com.vn\/wp-content\/uploads\/2021\/05\/IMG_9844-2048x1365.jpg 2048w, http:\/\/handan.com.vn\/wp-content\/uploads\/2021\/05\/IMG_9844-16x12.jpg 16w, http:\/\/handan.com.vn\/wp-content\/uploads\/2021\/05\/IMG_9844-510x340.jpg 510w\" sizes=\"(max-width: 300px) 100vw, 300px\" \/><\/p>\n<p>+\u00a0B\u0103ng d\u00ednh ch\u1ed1ng t\u0129nh \u0111i\u1ec7n H\u00e0n Qu\u1ed1c \u0111\u01b0\u1ee3c thi\u1ebft k\u1ebf\u00a0\u0111\u1eb7c bi\u1ec7t v\u1edbi l\u1edbp phim PET tr\u00e1ng kim lo\u1ea1i k\u1ebft h\u1ee3p v\u1edbi l\u1edbp k\u1ebft d\u00ednh acrylic c\u00f3 cho kh\u1ea3n\u0103ng ch\u1ed1ng t\u0129nh \u0111i\u1ec7n cao.<\/p>\n<p>+ \u0110\u1ea3m b\u1ea3o an to\u00e0n cho ng\u01b0\u1eddi lao \u0111\u1ed9ng, b\u1ea3o v\u1ec7\u00a0linh ki\u1ec7n \u0111i\u1ec7n t\u1eed\u00a0v\u00e0 c\u00e1c thi\u1ebft b\u1ecbt\u1ed1t h\u01a1n. L\u00e0 s\u1ea3n ph\u1ea9m l\u00fd t\u01b0\u1edfng cho vi\u1ec7c b\u1ea3o v\u1ec7\u00a0c\u00e1c s\u1ea3n ph\u1ea9m: b\u1ea3ng m\u1ea1ch, linh ki\u1ec7n \u0111i\u1ec7n t\u1eed, ch\u1ea5t b\u00e1n d\u1eabn,&#8230; r\u1ea5t nh\u1ea1y c\u1ea3m trong qu\u00e1 tr\u00ecnh s\u1ea3n xu\u1ea5t, g\u00f2 h\u00e0n,&#8230;<\/p>\n<p>+ B\u0103ng d\u00ednh ch\u1ed1ng t\u0129nh \u0111i\u1ec7n n\u00e0y ho\u1ea1t \u0111\u1ed9ng nh\u01b0 m\u1ed9t ch\u1ea5t c\u00e1ch \u0111i\u1ec7n tuy\u1ec7t v\u1eddi cho c\u00e1c linh ki\u1ec7n \u0111i\u1ec7n t\u1eed, s\u1eedd\u1ee5ng trong \u0111\u00f3ng g\u00f3i IC, t\u00fai ch\u1ed1ng t\u0129nh \u0111i\u1ec7n.<\/p>\n<p>+ D\u00f9ng \u0111\u1ec3\u00a0d\u00e1n c\u00e1c khay \u0111\u1ec3\u00a0linh ki\u1ec7n \u0111i\u1ec7n t\u1eed\u00a0ch\u1ed1ng t\u0129nh \u0111i\u1ec7n cho c\u00e1c s\u1ea3n ph\u1ea9m.K\u00edch th\u01b0\u1edbc: 25mm*50m*50 mic<\/p>","protected":false},"excerpt":{"rendered":"<p>B\u0103ng d\u00ednh ch\u1ed1ng t\u0129nh \u0111i\u1ec7n H\u00e0n Qu\u1ed1c c\u00f3 c\u1ea5u t\u1ea1o t\u1eeb\u00a0l\u1edbp phim PET tr\u00e1ng kim lo\u1ea1i k\u1ebft h\u1ee3p v\u1edbi l\u1edbp k\u1ebft d\u00ednh Acrylic ch\u1ed1ng t\u0129nh \u0111i\u1ec7n, g\u1ed3m 3 l\u1edbp:<\/p>\n<p>&#8211; L\u1edbp m\u00e0ng PET d\u00e0y 25 micrometer<\/p>\n<p>&#8211; L\u1edbp x\u1eed\u00a0l\u00fd ch\u1ed1ng t\u0129nh \u0111i\u1ec7n<\/p>\n<p>&#8211; L\u1edbp k\u1ebft d\u00ednh acrylic d\u00e0y 25 micrometer<\/p>\n<p>&nbsp;<\/p>\n<p>\u0110i\u1ec7n tr\u1edf\u00a0su\u1ea5t b\u1ec1\u00a0m\u1eb7t l\u1edbp keo 10^7 \u0111\u1ebfn 10^9 Ohm\/cm2, l\u1edbp tr\u00ean c\u00f9ng l\u00e0 10e11 \u0111\u1ebfn 10e12.<\/p>\n<p>K\u00edch th\u01b0\u1edbc: 2,5cm x 50m, 5cm x 50m<\/p>\n<p>Xu\u1ea5t x\u1ee9: H\u00e0n Qu\u1ed1c<\/p>","protected":false},"featured_media":385,"template":"","meta":[],"_links":{"self":[{"href":"http:\/\/handan.com.vn\/en\/wp-json\/wp\/v2\/product\/384"}],"collection":[{"href":"http:\/\/handan.com.vn\/en\/wp-json\/wp\/v2\/product"}],"about":[{"href":"http:\/\/handan.com.vn\/en\/wp-json\/wp\/v2\/types\/product"}],"wp:featuredmedia":[{"embeddable":true,"href":"http:\/\/handan.com.vn\/en\/wp-json\/wp\/v2\/media\/385"}],"wp:attachment":[{"href":"http:\/\/handan.com.vn\/en\/wp-json\/wp\/v2\/media?parent=384"}],"curies":[{"name":"wp","href":"https:\/\/api.w.org\/{rel}","templated":true}]}}