{"id":377,"date":"2021-05-13T16:27:52","date_gmt":"2021-05-13T09:27:52","guid":{"rendered":"http:\/\/handan.com.vn\/?post_type=product&#038;p=377"},"modified":"2026-01-05T15:41:22","modified_gmt":"2026-01-05T08:41:22","slug":"kha%cc%89u-trang-y-te-4-lop","status":"publish","type":"product","link":"http:\/\/handan.com.vn\/en\/product\/kha%cc%89u-trang-y-te-4-lop\/","title":{"rendered":"Kem h\u00e0n kh\u00f4ng ch\u00ec"},"content":{"rendered":"","protected":false},"excerpt":{"rendered":"<ul>\n<li><span style=\"color: #ed1c24;\">C\u00f4ng ngh\u1ec7 ch\u1ed1ng oxy ho\u00e1 h\u1ed7n h\u1ee3p nh\u1ef1a th\u00f4ng<\/span><\/li>\n<li><span style=\"color: #ed1c24;\">Hi\u1ec7u su\u1ea5t \u1ed5n \u0111\u1ecbnh, \u0111\u1ed9 b\u00e1m d\u00ednh v\u1eeba ph\u1ea3i<\/span><\/li>\n<li><span style=\"color: #ed1c24;\">Kh\u1ea3 n\u0103ng l\u00e0m \u01b0\u1edbt t\u1ed1t, th\u1eddi gian ch\u1ed1ng kh\u00f4 l\u00ean t\u1edbi 48 gi\u1edd<\/span><\/li>\n<li><span style=\"color: #ed1c24;\">C\u00f3 th\u1ec3 in t\u1ed1t v\u1edbi c\u00e1c b\u1ea3n m\u1ea1ch PCB v\u1edbi kho\u1ea3ng c\u00e1ch 0,3 mm\u00a0<\/span><\/li>\n<li><span style=\"color: #ed1c24;\">S\u1ef1 thay \u0111\u1ed5i \u0111\u1ed9 nh\u1edbt r\u1ea5t \u00edt trong qu\u00e1 tr\u00ecnh in li\u00ean t\u1ee5c<\/span><\/li>\n<\/ul>","protected":false},"featured_media":3275,"template":"","meta":[],"_links":{"self":[{"href":"http:\/\/handan.com.vn\/en\/wp-json\/wp\/v2\/product\/377"}],"collection":[{"href":"http:\/\/handan.com.vn\/en\/wp-json\/wp\/v2\/product"}],"about":[{"href":"http:\/\/handan.com.vn\/en\/wp-json\/wp\/v2\/types\/product"}],"wp:featuredmedia":[{"embeddable":true,"href":"http:\/\/handan.com.vn\/en\/wp-json\/wp\/v2\/media\/3275"}],"wp:attachment":[{"href":"http:\/\/handan.com.vn\/en\/wp-json\/wp\/v2\/media?parent=377"}],"curies":[{"name":"wp","href":"https:\/\/api.w.org\/{rel}","templated":true}]}}