{"id":3340,"date":"2024-02-19T11:15:09","date_gmt":"2024-02-19T04:15:09","guid":{"rendered":"http:\/\/handan.com.vn\/?post_type=product&#038;p=3340"},"modified":"2026-01-05T15:29:14","modified_gmt":"2026-01-05T08:29:14","slug":"thung-carton","status":"publish","type":"product","link":"http:\/\/handan.com.vn\/en\/product\/thung-carton\/","title":{"rendered":"Th\u00f9ng Carton"},"content":{"rendered":"<p>\u0110\u1ec3 ph\u1ee5c v\u1ee5 cho vi\u1ec7c chuy\u00ean s\u1ea3n xu\u1ea5t s\u1ea3n ph\u1ea9m \u0111\u00f3ng g\u00f3i, hi\u1ec7n ch\u00fang t\u00f4i nh\u1eadn cung c\u1ea5p c\u00e1c lo\u1ea1i<\/p>\n<p>Th\u00f9ng carton kh\u1ed5 l\u1edbn, th\u00f9ng b\u00eca carton 3 l\u1edbp, 5 l\u1edbp, 7 l\u1edbp ch\u1ea5t l\u01b0\u1ee3ng cao, d\u00f9ng cho vi\u1ec7c bao g\u00f3i h\u00e0ng h\u00f3a cho c\u00e1c nh\u00e0 m\u00e1y, kho h\u00e0ng h\u00f3a, c\u00e1c si\u00eau th\u1ecb ph\u1ee5c v\u1ee5 cho ho\u1ea1t \u0111\u1ed9ng n\u1ed9i \u0111\u1ecba v\u00e0 xu\u1ea5t kh\u1ea9u.<\/p>\n<p>Ngo\u00e0i ra, ch\u00fang t\u00f4i c\u00f2n cung c\u1ea5p Pallet gi\u1ea5y carton, \u1ed0ng gi\u1ea5y carton, thanh n\u1eb9p gi\u1ea5y Carton, Gi\u1ea5y t\u1ea5m, gi\u1ea5y cu\u1ed9n v\u00e0 c\u00e1c lo\u1ea1i gi\u1ea5y l\u00f3t gi\u1ea7y&#8230;.<\/p>","protected":false},"excerpt":{"rendered":"<p>\u0110\u1ec3 ph\u1ee5c v\u1ee5 cho vi\u1ec7c chuy\u00ean s\u1ea3n xu\u1ea5t s\u1ea3n ph\u1ea9m \u0111\u00f3ng g\u00f3i, hi\u1ec7n ch\u00fang t\u00f4i nh\u1eadn cung c\u1ea5p c\u00e1c lo\u1ea1i Th\u00f9ng carton kh\u1ed5 l\u1edbn, th\u00f9ng b\u00eca carton 3 l\u1edbp, 5 l\u1edbp, 7 l\u1edbp ch\u1ea5t l\u01b0\u1ee3ng cao, d\u00f9ng cho vi\u1ec7c bao g\u00f3i h\u00e0ng h\u00f3a cho c\u00e1c nh\u00e0 m\u00e1y, kho h\u00e0ng h\u00f3a, c\u00e1c si\u00eau th\u1ecb ph\u1ee5c v\u1ee5 [&#8230;]","protected":false},"featured_media":22712,"template":"","meta":[],"_links":{"self":[{"href":"http:\/\/handan.com.vn\/en\/wp-json\/wp\/v2\/product\/3340"}],"collection":[{"href":"http:\/\/handan.com.vn\/en\/wp-json\/wp\/v2\/product"}],"about":[{"href":"http:\/\/handan.com.vn\/en\/wp-json\/wp\/v2\/types\/product"}],"wp:featuredmedia":[{"embeddable":true,"href":"http:\/\/handan.com.vn\/en\/wp-json\/wp\/v2\/media\/22712"}],"wp:attachment":[{"href":"http:\/\/handan.com.vn\/en\/wp-json\/wp\/v2\/media?parent=3340"}],"curies":[{"name":"wp","href":"https:\/\/api.w.org\/{rel}","templated":true}]}}