{"id":3287,"date":"2023-09-22T14:58:46","date_gmt":"2023-09-22T07:58:46","guid":{"rendered":"http:\/\/handan.com.vn\/?post_type=product&#038;p=3287"},"modified":"2026-01-05T15:41:05","modified_gmt":"2026-01-05T08:41:05","slug":"thanh-han-khong-chi","status":"publish","type":"product","link":"http:\/\/handan.com.vn\/en\/product\/thanh-han-khong-chi\/","title":{"rendered":"Lead-free Solder Bar"},"content":{"rendered":"","protected":false},"excerpt":{"rendered":"<ul>\n<li><span style=\"color: #ed1c24;\">Sn-Cu\/Sn-Ag-Cu alloy solder is produced with high purity raw materials according to the requirements of new casting process\u00a0<\/span><\/li>\n<li><span style=\"color: #ed1c24;\">Lo\u1ea1i b\u1ecf hi\u1ec7u qu\u1ea3 c\u00e1c oxit \u0111\u01b0\u1ee3c h\u00ecnh th\u00e0nh trong nguy\u00ean li\u1ec7u kim lo\u1ea1i \u0111\u1ec3 c\u1ea3i thi\u1ec7n kh\u1ea3 n\u0103ng oxy ho\u00e1\u00a0<\/span><\/li>\n<li><span style=\"color: #ed1c24;\">Fully meet quality requirements of RoSH, SS-00259<\/span><\/li>\n<li><span style=\"color: #ed1c24;\">Good wettability<\/span><\/li>\n<li><span style=\"color: #ed1c24;\">Good solderability, less impurities<\/span><\/li>\n<li><span style=\"color: #ed1c24;\">Good diffusivity<\/span><\/li>\n<li><span style=\"color: #ed1c24;\">It is suitable for all kinds of wave soldering and manual soldering with high quality<\/span><\/li>\n<li><span style=\"color: #ed1c24;\">Enviromental protection requirements<\/span><\/li>\n<li><span style=\"color: #ed1c24;\">To improve production speed and reduce production cost<\/span><\/li>\n<\/ul>","protected":false},"featured_media":3288,"template":"","meta":[],"_links":{"self":[{"href":"http:\/\/handan.com.vn\/en\/wp-json\/wp\/v2\/product\/3287"}],"collection":[{"href":"http:\/\/handan.com.vn\/en\/wp-json\/wp\/v2\/product"}],"about":[{"href":"http:\/\/handan.com.vn\/en\/wp-json\/wp\/v2\/types\/product"}],"wp:featuredmedia":[{"embeddable":true,"href":"http:\/\/handan.com.vn\/en\/wp-json\/wp\/v2\/media\/3288"}],"wp:attachment":[{"href":"http:\/\/handan.com.vn\/en\/wp-json\/wp\/v2\/media?parent=3287"}],"curies":[{"name":"wp","href":"https:\/\/api.w.org\/{rel}","templated":true}]}}