{"id":30982,"date":"2025-11-04T15:30:34","date_gmt":"2025-11-04T08:30:34","guid":{"rendered":"http:\/\/handan.com.vn\/?post_type=product&#038;p=30982"},"modified":"2026-01-05T15:40:42","modified_gmt":"2026-01-05T08:40:42","slug":"hop-loc-ams-khi-hon-hop-clo-so2-flo-amoniac-ce2834-a8560-cho-mat-na-phin-loc-khi-hon-hop","status":"publish","type":"product","link":"http:\/\/handan.com.vn\/en\/product\/hop-loc-ams-khi-hon-hop-clo-so2-flo-amoniac-ce2834-a8560-cho-mat-na-phin-loc-khi-hon-hop\/","title":{"rendered":"Phin l\u1ecdc kh\u00ed Ams A8560"},"content":{"rendered":"<div><span style=\"font-size: 170%;\"><strong>H\u1ed9p l\u1ecdc Ams kh\u00ed h\u1ed7n h\u1ee3p clo, so2, flo, Amoniac CE2834 A8560\u00a0<\/strong><\/span><\/div>\n<div><\/div>\n<div class=\"accordion-button\">M\u00f4 t\u1ea3 s\u1ea3n ph\u1ea9m<i class=\"float-right\"><\/i><\/div>\n<div class=\"mr-sm-0 ml-sm-0 align-items-start accordion-content\">\n<div class=\"mb-3 mb-sm-0 product-content js-content-wrapper card border-0\">\n<div id=\"ega-uti-editable-content\" class=\"rte js-product-getcontent product_getcontent pos-relative\" data-platform=\"sapo\" data-id=\"45331604\">\n<div id=\"content\" class=\"content js-content\">\n<h3>Amoniac, Methylamine, Formaldehyde, Hydrogen Sulfide, M\u1ed9t s\u1ed1 h\u01a1i h\u1eefu c\u01a1, L\u01b0u hu\u1ef3nh dioxit, Hydrogen Chloride, Clo, Dioxit Clo, Hydrogen Fluoride<\/h3>\n<h3><strong>Khuy\u1ebfn c\u00e1o an to\u00e0n:<\/strong><\/h3>\n<p>\u2757 Ch\u1ec9 s\u1eed d\u1ee5ng trong m\u00f4i tr\u01b0\u1eddng l\u00e0m vi\u1ec7c chuy\u00ean m\u00f4n \u0111\u00e3 \u0111\u00e1nh gi\u00e1 r\u1ee7i ro v\u00e0 c\u00f3 h\u1ec7 th\u1ed1ng ki\u1ec3m so\u00e1t k\u1ef9 l\u01b0\u1ee1ng.<\/p>\n<p>\u2757 Lu\u00f4n ki\u1ec3m tra \u0111\u1ed9 k\u00edn m\u1eb7t n\u1ea1 (fit check) tr\u01b0\u1edbc khi v\u00e0o khu v\u1ef1c nguy hi\u1ec3m.<\/p>\n<p>\u2757 Kh\u00f4ng s\u1eed d\u1ee5ng h\u1ed9p l\u1ecdc n\u1ebfu:<\/p>\n<ul>\n<li>\u0110\u00e3 h\u1ebft h\u1ea1n ho\u1eb7c v\u01b0\u1ee3t qu\u00e1 th\u1eddi gian s\u1eed d\u1ee5ng khuy\u1ebfn ngh\u1ecb<\/li>\n<li>B\u1ecb h\u01b0 h\u1ecfng, bi\u1ebfn d\u1ea1ng, ho\u1eb7c nhi\u1ec5m b\u1ea9n kh\u00f4ng th\u1ec3 l\u00e0m s\u1ea1ch<\/li>\n<\/ul>\n<p>\u2757 Thay th\u1ebf ngay khi c\u1ea3m th\u1ea5y l\u1ef1c c\u1ea3n h\u00edt v\u00e0o t\u0103ng cao.<\/p>\n<p>\u2757 N\u1ebfu ng\u1eedi th\u1ea5y m\u00f9i ho\u1eb7c v\u1ecb l\u1ea1 khi \u0111ang \u0111eo \u0111\u00fang c\u00e1ch, r\u1eddi kh\u1ecfi khu v\u1ef1c v\u00e0 thay h\u1ed9p l\u1ecdc.<\/p>\n<p>\u2757 Ng\u1eebng s\u1eed d\u1ee5ng ngay n\u1ebfu c\u00f3 tri\u1ec7u ch\u1ee9ng ch\u00f3ng m\u1eb7t, k\u00edch \u1ee9ng ho\u1eb7c b\u1ea5t th\u01b0\u1eddng v\u1ec1 h\u00f4 h\u1ea5p.<\/p>\n<h3><strong>Kh\u00f4ng s\u1eed d\u1ee5ng trong c\u00e1c tr\u01b0\u1eddng h\u1ee3p sau:<\/strong><\/h3>\n<p data-end=\"637\" data-start=\"587\">\u274c M\u00f4i tr\u01b0\u1eddng c\u00f3\u00a0<strong data-end=\"629\" data-start=\"603\">n\u1ed3ng \u0111\u1ed9 oxy d\u01b0\u1edbi 19,5%<\/strong>, v\u00ed d\u1ee5:<\/p>\n<ul data-end=\"675\" data-start=\"640\">\n<li data-end=\"675\" data-start=\"640\">\n<p data-end=\"675\" data-start=\"642\">Kh\u00f4ng gian k\u00edn, h\u1ea7m ch\u1ee9a, b\u1ed3n b\u1ec3\u2026<\/p>\n<\/li>\n<\/ul>\n<p data-end=\"841\" data-start=\"678\">\u274c M\u00f4i tr\u01b0\u1eddng c\u00f3\u00a0<strong data-end=\"740\" data-start=\"694\">n\u1ed3ng \u0111\u1ed9 ch\u1ea5t \u0111\u1ed9c v\u01b0\u1ee3t qu\u00e1 gi\u1edbi h\u1ea1n ph\u00e1p l\u00fd<\/strong>\u00a0ho\u1eb7c thu\u1ed9c nh\u00f3m\u00a0<strong data-end=\"765\" data-start=\"757\">IDLH<\/strong>\u00a0(<em data-end=\"808\" data-start=\"767\">Immediately Dangerous to Life or Health<\/em>\u00a0\u2013 nguy hi\u1ec3m ngay \u0111\u1ebfn t\u00ednh m\u1ea1ng).<\/p>\n<p data-end=\"961\" data-start=\"844\">\u274c N\u1ebfu b\u1ea1n c\u00f3\u00a0<strong data-end=\"883\" data-start=\"857\">r\u00e2u, ria ho\u1eb7c l\u00f4ng m\u1eb7t<\/strong>, khi\u1ebfn m\u1eb7t n\u1ea1 kh\u00f4ng ti\u1ebfp x\u00fac k\u00edn ho\u00e0n to\u00e0n v\u1edbi da m\u1eb7t \u279c gi\u1ea3m hi\u1ec7u qu\u1ea3 b\u1ea3o v\u1ec7.<\/p>\n<p data-end=\"1054\" data-start=\"965\">\ud83d\udccc\u00a0<em data-end=\"1054\" data-start=\"968\">\u2192 H\u00e3y lu\u00f4n ki\u1ec3m tra \u0111\u1ed9 k\u00edn c\u1ee7a m\u1eb7t n\u1ea1 tr\u01b0\u1edbc khi l\u00e0m vi\u1ec7c trong m\u00f4i tr\u01b0\u1eddng nguy hi\u1ec3m.<\/em><\/p>\n<h3 data-end=\"1102\" data-start=\"1061\"><strong data-end=\"1102\" data-start=\"1066\">H\u01b0\u1edbng d\u1eabn thay th\u1ebf &amp; b\u1ea3o tr\u00ec:<\/strong><\/h3>\n<p data-end=\"1199\" data-start=\"1105\">\ud83d\udd04 Thay h\u1ed9p l\u1ecdc\u00a0<strong data-end=\"1165\" data-start=\"1121\">theo h\u01b0\u1edbng d\u1eabn v\u1eadn h\u00e0nh c\u1ee7a nh\u00e0 s\u1ea3n xu\u1ea5t<\/strong>\u00a0\u2013 tr\u01b0\u1edbc khi \u0111\u1ea1t gi\u1edbi h\u1ea1n s\u1eed d\u1ee5ng.<\/p>\n<p data-end=\"1291\" data-start=\"1202\">\u26d4\u00a0<strong data-end=\"1239\" data-start=\"1204\">Kh\u00f4ng th\u00e1o r\u1eddi ho\u1eb7c m\u1edf h\u1ed9p l\u1ecdc.<\/strong>\u00a0Vi\u1ec7c thay \u0111\u1ed5i c\u1ea5u tr\u00fac c\u00f3 th\u1ec3 l\u00e0m m\u1ea5t kh\u1ea3 n\u0103ng l\u1ecdc.<\/p>\n<p data-end=\"1371\" data-start=\"1294\">\ud83d\udca7\u00a0<strong data-end=\"1346\" data-start=\"1297\">Tr\u00e1nh n\u01b0\u1edbc ho\u1eb7c h\u01a1i n\u01b0\u1edbc x\u00e2m nh\u1eadp v\u00e0o h\u1ed9p l\u1ecdc<\/strong>\u00a0trong qu\u00e1 tr\u00ecnh s\u1eed d\u1ee5ng.<\/p>\n<p data-end=\"1404\" data-start=\"1374\">\ud83d\uded1 Ng\u01b0ng s\u1eed d\u1ee5ng n\u1ebfu c\u1ea3m th\u1ea5y:<\/p>\n<ul data-end=\"1498\" data-start=\"1407\">\n<li data-end=\"1431\" data-start=\"1407\">\n<p data-end=\"1431\" data-start=\"1409\">M\u00f9i kh\u00ed l\u1ecdt qua m\u1eb7t n\u1ea1<\/p>\n<\/li>\n<li data-end=\"1454\" data-start=\"1434\">\n<p data-end=\"1454\" data-start=\"1436\">Kh\u00f3 th\u1edf b\u1ea5t th\u01b0\u1eddng<\/p>\n<\/li>\n<li data-end=\"1498\" data-start=\"1457\">\n<p data-end=\"1498\" data-start=\"1459\">H\u1ed9p l\u1ecdc b\u1ecb bi\u1ebfn d\u1ea1ng, \u0111\u1ed5i m\u00e0u ho\u1eb7c h\u1ecfng<\/p>\n<\/li>\n<\/ul>\n<p><strong>R\u1ee7i ro khi d\u00f9ng sai:<\/strong><\/p>\n<ul>\n<li>Vi\u1ec7c s\u1eed d\u1ee5ng, l\u1eafp \u0111\u1eb7t, ho\u1eb7c b\u1ea3o tr\u00ec kh\u00f4ng \u0111\u00fang c\u00e1ch c\u00f3 th\u1ec3:<\/li>\n<li>G\u00e2y m\u1ea5t hi\u1ec7u qu\u1ea3 l\u1ecdc<\/li>\n<li>D\u1eabn \u0111\u1ebfn nhi\u1ec5m \u0111\u1ed9c, t\u1ed5n th\u01b0\u01a1ng h\u00f4 h\u1ea5p, th\u1eadm ch\u00ed t\u1eed vong<\/li>\n<\/ul>\n<\/div>\n<\/div>\n<\/div>\n<\/div>","protected":false},"excerpt":{"rendered":"<p><strong>Model:<\/strong> A8560<\/p>\n<p><strong>Quy c\u00e1ch<\/strong>: 2pcs\/t\u00fai<\/p>\n<p><strong>Xu\u1ea5t x\u1ee9:<\/strong> AMS &#8211; Trung Qu\u1ed1c<\/p>","protected":false},"featured_media":30984,"template":"","meta":[],"_links":{"self":[{"href":"http:\/\/handan.com.vn\/en\/wp-json\/wp\/v2\/product\/30982"}],"collection":[{"href":"http:\/\/handan.com.vn\/en\/wp-json\/wp\/v2\/product"}],"about":[{"href":"http:\/\/handan.com.vn\/en\/wp-json\/wp\/v2\/types\/product"}],"wp:featuredmedia":[{"embeddable":true,"href":"http:\/\/handan.com.vn\/en\/wp-json\/wp\/v2\/media\/30984"}],"wp:attachment":[{"href":"http:\/\/handan.com.vn\/en\/wp-json\/wp\/v2\/media?parent=30982"}],"curies":[{"name":"wp","href":"https:\/\/api.w.org\/{rel}","templated":true}]}}