{"id":30976,"date":"2025-11-04T15:25:10","date_gmt":"2025-11-04T08:25:10","guid":{"rendered":"http:\/\/handan.com.vn\/?post_type=product&#038;p=30976"},"modified":"2026-01-05T15:40:42","modified_gmt":"2026-01-05T08:40:42","slug":"phin-loc-ams-a4501-kn95","status":"publish","type":"product","link":"http:\/\/handan.com.vn\/en\/product\/phin-loc-ams-a4501-kn95\/","title":{"rendered":"Phin l\u1ecdc Ams A4501 KN95"},"content":{"rendered":"<h3 data-end=\"159\" data-start=\"111\"><strong data-end=\"157\" data-start=\"115\">MI\u1ebeNG L\u1eccC AMS CHU\u1ea8N KN95 \u2013 MODEL A4501<\/strong><\/h3>\n<p data-end=\"260\" data-start=\"160\"><strong data-end=\"208\" data-start=\"160\">(H\u1ed9p 10 c\u00e1i | D\u00f9ng cho m\u1eb7t n\u1ea1 ph\u00f2ng \u0111\u1ed9c AMS)<\/strong><br data-end=\"211\" data-start=\"208\" \/><strong data-end=\"260\" data-start=\"211\">Ti\u00eau chu\u1ea9n: GB2626-2019 | Hi\u1ec7u su\u1ea5t l\u1ecdc \u2265 95%<\/strong><\/p>\n<h4 data-end=\"286\" data-start=\"262\"><strong data-end=\"286\" data-start=\"267\">M\u00f4 t\u1ea3 s\u1ea3n ph\u1ea9m:<\/strong><\/h4>\n<p data-end=\"572\" data-start=\"287\">Mi\u1ebfng l\u1ecdc\u00a0<strong data-end=\"310\" data-start=\"297\">AMS A4501<\/strong>\u00a0l\u00e0 ph\u1ee5 ki\u1ec7n chuy\u00ean d\u1ee5ng d\u00e0nh cho m\u1eb7t n\u1ea1 ph\u00f2ng \u0111\u1ed9c AMS, gi\u00fap t\u0103ng c\u01b0\u1eddng kh\u1ea3 n\u0103ng l\u1ecdc b\u1ee5i m\u1ecbn, h\u1ea1t d\u1ea7u v\u00e0 c\u00e1c h\u1ea1t \u00f4 nhi\u1ec5m trong kh\u00f4ng kh\u00ed. S\u1ea3n ph\u1ea9m \u0111\u1ea1t chu\u1ea9n\u00a0<strong data-end=\"489\" data-start=\"467\">KN95 \u2013 GB2626-2019<\/strong>, t\u01b0\u01a1ng \u0111\u01b0\u01a1ng ti\u00eau chu\u1ea9n qu\u1ed1c t\u1ebf trong vi\u1ec7c l\u1ecdc c\u00e1c h\u1ea1t c\u00f3 k\u00edch th\u01b0\u1edbc \u2265 0.3 micron.<\/p>\n<h4 data-end=\"600\" data-start=\"574\"><strong data-end=\"600\" data-start=\"579\">\u0110\u1eb7c \u0111i\u1ec3m n\u1ed5i b\u1eadt:<\/strong><\/h4>\n<ul data-end=\"1089\" data-start=\"601\">\n<li data-end=\"697\" data-start=\"601\">\n<p data-end=\"697\" data-start=\"603\"><strong data-end=\"625\" data-start=\"603\">L\u1ecdc hi\u1ec7u qu\u1ea3 \u2265 95%<\/strong>\u00a0b\u1ee5i m\u1ecbn PM2.5, kh\u00f3i h\u00e0n, ph\u1ea5n hoa, s\u01b0\u01a1ng d\u1ea7u, vi khu\u1ea9n trong kh\u00f4ng kh\u00ed.<\/p>\n<\/li>\n<li data-end=\"909\" data-start=\"698\">\n<p data-end=\"719\" data-start=\"700\"><strong data-end=\"718\" data-start=\"700\">C\u1ea5u t\u1ea1o \u0111a l\u1edbp<\/strong>:<\/p>\n<ul data-end=\"909\" data-start=\"722\">\n<li data-end=\"766\" data-start=\"722\">\n<p data-end=\"766\" data-start=\"724\">L\u1edbp\u00a0<strong data-end=\"745\" data-start=\"728\">v\u1ea3i kh\u00f4ng d\u1ec7t<\/strong>\u00a0b\u1ea3o v\u1ec7 v\u00e0 \u0111\u1ecbnh h\u00ecnh.<\/p>\n<\/li>\n<li data-end=\"837\" data-start=\"769\">\n<p data-end=\"837\" data-start=\"771\">L\u1edbp\u00a0<strong data-end=\"802\" data-start=\"775\">v\u1ea3i t\u0129nh \u0111i\u1ec7n meltblown<\/strong>\u00a0cho kh\u1ea3 n\u0103ng gi\u1eef h\u1ea1t b\u1ee5i si\u00eau nh\u1ecf.<\/p>\n<\/li>\n<li data-end=\"909\" data-start=\"840\">\n<p data-end=\"909\" data-start=\"842\">Thi\u1ebft k\u1ebf m\u1ecfng nh\u1eb9, th\u00f4ng tho\u00e1ng, kh\u00f4ng g\u00e2y kh\u00f3 th\u1edf khi s\u1eed d\u1ee5ng l\u00e2u.<\/p>\n<\/li>\n<\/ul>\n<\/li>\n<li data-end=\"1001\" data-start=\"910\">\n<p data-end=\"1001\" data-start=\"912\"><strong data-end=\"926\" data-start=\"912\">D\u1ec5 l\u1eafp \u0111\u1eb7t<\/strong>\u00a0v\u00e0o h\u1ed9p l\u1ecdc c\u1ee7a m\u1eb7t n\u1ea1 AMS (t\u01b0\u01a1ng th\u00edch v\u1edbi c\u00e1c d\u00f2ng nh\u01b0 A420P, A4501&#8230;).<\/p>\n<\/li>\n<li data-end=\"1089\" data-start=\"1002\">\n<p data-end=\"1089\" data-start=\"1004\"><strong data-end=\"1043\" data-start=\"1004\">Ti\u00eau chu\u1ea9n GB2626-2019 (Trung Qu\u1ed1c)<\/strong>\u00a0\u2013 t\u01b0\u01a1ng \u0111\u01b0\u01a1ng N95 c\u1ee7a M\u1ef9 v\u00e0 FFP2 c\u1ee7a ch\u00e2u \u00c2u.<\/p>\n<\/li>\n<\/ul>","protected":false},"excerpt":{"rendered":"<ul data-end=\"1281\" data-start=\"1120\">\n<li data-end=\"1140\" data-start=\"1120\">\n<p data-end=\"1140\" data-start=\"1122\"><strong data-end=\"1131\" data-start=\"1122\">Model<\/strong>: A4501<\/p>\n<\/li>\n<li data-end=\"1183\" data-start=\"1141\">\n<p data-end=\"1183\" data-start=\"1143\"><strong data-end=\"1161\" data-start=\"1143\">Ti\u00eau chu\u1ea9n l\u1ecdc<\/strong>: KN95 \u2013 GB2626-2019<\/p>\n<\/li>\n<li data-end=\"1214\" data-start=\"1184\">\n<p data-end=\"1214\" data-start=\"1186\"><strong data-end=\"1198\" data-start=\"1186\">S\u1ed1 l\u01b0\u1ee3ng<\/strong>: 10 mi\u1ebfng\/l\u1ed1c<\/p>\n<\/li>\n<li data-end=\"1281\" data-start=\"1215\">\n<p data-end=\"1281\" data-start=\"1217\"><strong data-end=\"1229\" data-start=\"1217\">\u1ee8ng d\u1ee5ng<\/strong>: L\u1ecdc b\u1ee5i m\u1ecbn, kh\u00f3i h\u00e0n, PM2.5, ph\u1ea5n hoa, h\u1ea1t d\u1ea7u&#8230;<\/p>\n<\/li>\n<li data-end=\"1281\" data-start=\"1215\"><strong>Xu\u1ea5t x\u1ee9:<\/strong> AMS &#8211; Trung Qu\u1ed1c<\/li>\n<\/ul>\n<h4 data-end=\"1309\" data-start=\"1283\"><strong data-end=\"1309\" data-start=\"1288\">\u1ee8ng d\u1ee5ng th\u1ef1c t\u1ebf:<\/strong><\/h4>\n<p data-end=\"1484\" data-start=\"1310\">Ph\u00f9 h\u1ee3p s\u1eed d\u1ee5ng trong c\u00e1c l\u0129nh v\u1ef1c:<br data-end=\"1348\" data-start=\"1345\" \/>\u2714\ufe0f Phun s\u01a1n \u2013 m\u00e0i gi\u0169a<br data-end=\"1373\" data-start=\"1370\" \/>\u2714\ufe0f C\u00f4ng nghi\u1ec7p nh\u1eb9 v\u00e0 n\u1eb7ng<br data-end=\"1402\" data-start=\"1399\" \/>\u2714\ufe0f Khai th\u00e1c kho\u00e1ng s\u1ea3n<br data-end=\"1428\" data-start=\"1425\" \/>\u2714\ufe0f H\u00e0n \u2013 c\u1eaft kim lo\u1ea1i<br data-end=\"1452\" data-start=\"1449\" \/>\u2714\ufe0f \u0110i\u1ec1u ch\u1ebf h\u00f3a h\u1ecdc \u2013 ph\u00f2ng s\u1ea1ch<\/p>","protected":false},"featured_media":30977,"template":"","meta":[],"_links":{"self":[{"href":"http:\/\/handan.com.vn\/en\/wp-json\/wp\/v2\/product\/30976"}],"collection":[{"href":"http:\/\/handan.com.vn\/en\/wp-json\/wp\/v2\/product"}],"about":[{"href":"http:\/\/handan.com.vn\/en\/wp-json\/wp\/v2\/types\/product"}],"wp:featuredmedia":[{"embeddable":true,"href":"http:\/\/handan.com.vn\/en\/wp-json\/wp\/v2\/media\/30977"}],"wp:attachment":[{"href":"http:\/\/handan.com.vn\/en\/wp-json\/wp\/v2\/media?parent=30976"}],"curies":[{"name":"wp","href":"https:\/\/api.w.org\/{rel}","templated":true}]}}