{"id":30971,"date":"2025-11-04T15:18:05","date_gmt":"2025-11-04T08:18:05","guid":{"rendered":"http:\/\/handan.com.vn\/?post_type=product&#038;p=30971"},"modified":"2026-01-05T15:40:43","modified_gmt":"2026-01-05T08:40:43","slug":"phin-loc-bui-ams-kn95","status":"publish","type":"product","link":"http:\/\/handan.com.vn\/en\/product\/phin-loc-bui-ams-kn95\/","title":{"rendered":"Phin l\u1ecdc b\u1ee5i AMS KN95"},"content":{"rendered":"<p>M\u00e0ng l\u1ecdc Ams KN95 cho m\u1eb7t n\u1ea1 h\u1ed9p l\u1ecdc quy c\u00e1ch A8501 h\u00ecnh thang<\/p>\n<ul>\n<li data-end=\"348\" data-start=\"221\">\n<p data-end=\"348\" data-start=\"223\">M\u00e0ng l\u1ecdc thay th\u1ebf chu\u1ea9n\u00a0<strong data-end=\"255\" data-start=\"247\">KN95<\/strong>, \u0111\u1ea1t hi\u1ec7u su\u1ea5t l\u1ecdc \u2265 95% \u0111\u1ed1i v\u1edbi h\u1ea1t b\u1ee5i si\u00eau m\u1ecbn, vi khu\u1ea9n, vi r\u00fat v\u00e0 c\u00e1c h\u1ea1t d\u1ea1ng sol kh\u00ed.<\/p>\n<\/li>\n<li data-end=\"444\" data-start=\"349\">\n<p data-end=\"444\" data-start=\"351\">D\u00f9ng cho\u00a0<strong data-end=\"386\" data-start=\"360\">m\u1eb7t n\u1ea1 Ams model A8501<\/strong>\u00a0v\u00e0 c\u00e1c m\u1eb7t n\u1ea1\/h\u1ed9p l\u1ecdc t\u01b0\u01a1ng th\u00edch c\u00f3 thi\u1ebft k\u1ebf h\u00ecnh thang.<\/p>\n<\/li>\n<li data-end=\"561\" data-start=\"445\">\n<p data-end=\"561\" data-start=\"447\">L\u1ecdc b\u1ee5i, s\u01b0\u01a1ng kh\u00f3i, h\u01a1i s\u01a1n, PM2.5 v\u00e0 c\u00e1c t\u00e1c nh\u00e2n g\u00e2y h\u1ea1i trong m\u00f4i tr\u01b0\u1eddng c\u00f4ng nghi\u1ec7p, ph\u00f2ng s\u1ea1ch, ph\u00f2ng lab&#8230;<\/p>\n<\/li>\n<\/ul>\n<p data-end=\"576\" data-start=\"563\"><strong data-end=\"576\" data-start=\"563\">Quy c\u00e1ch:<\/strong><\/p>\n<ul data-end=\"864\" data-start=\"577\">\n<li data-end=\"651\" data-start=\"577\">\n<p data-end=\"651\" data-start=\"579\">H\u00ecnh d\u00e1ng:\u00a0<strong data-end=\"614\" data-start=\"590\">h\u00ecnh thang \u0111\u1eb7c tr\u01b0ng<\/strong>, thi\u1ebft k\u1ebf v\u1eeba kh\u00edt v\u1edbi \u0111\u1ebf l\u1ecdc A8501.<\/p>\n<\/li>\n<li data-end=\"722\" data-start=\"652\">\n<p data-end=\"722\" data-start=\"654\">V\u1eadt li\u1ec7u:\u00a0<strong data-end=\"688\" data-start=\"664\">v\u1ea3i kh\u00f4ng d\u1ec7t \u0111a l\u1edbp<\/strong>, t\u00edch h\u1ee3p l\u1edbp melt-blown cao c\u1ea5p.<\/p>\n<\/li>\n<li data-end=\"791\" data-start=\"723\">\n<p data-end=\"791\" data-start=\"725\">Hi\u1ec7u su\u1ea5t l\u1ecdc:\u00a0<strong data-end=\"762\" data-start=\"740\">\u2265 95% (chu\u1ea9n KN95)<\/strong>\u00a0theo ti\u00eau chu\u1ea9n GB2626-2019.<\/p>\n<\/li>\n<li data-end=\"864\" data-start=\"792\">\n<p data-end=\"864\" data-start=\"794\">D\u1ec5 d\u00e0ng thay th\u1ebf \u2013 g\u00e0i tr\u1ef1c ti\u1ebfp v\u00e0o \u0111\u1ebf l\u1ecdc, kh\u00f4ng c\u1ea7n d\u1ee5ng c\u1ee5 h\u1ed7 tr\u1ee3.<\/p>\n<\/li>\n<\/ul>\n<p data-end=\"879\" data-start=\"866\"><strong data-end=\"879\" data-start=\"866\">\u1ee8ng d\u1ee5ng:<\/strong><\/p>\n<ul data-end=\"988\" data-start=\"880\">\n<li data-end=\"988\" data-start=\"880\">\n<p data-end=\"988\" data-start=\"882\">D\u00f9ng trong c\u00e1c ng\u00e0nh: \u0111i\u1ec7n t\u1eed, s\u01a1n, h\u00f3a ch\u1ea5t nh\u1eb9, x\u00e2y d\u1ef1ng, m\u00f4i tr\u01b0\u1eddng c\u00f3 b\u1ee5i m\u1ecbn ho\u1eb7c s\u01b0\u01a1ng kh\u00f3i \u0111\u1ed9c h\u1ea1i.<\/p>\n<\/li>\n<\/ul>\n<p data-end=\"1000\" data-start=\"990\"><strong data-end=\"1000\" data-start=\"990\">L\u01b0u \u00fd:<\/strong><\/p>\n<ul data-end=\"1191\" data-start=\"1001\">\n<li data-end=\"1085\" data-start=\"1001\">\n<p data-end=\"1085\" data-start=\"1003\">Th\u1eddi gian s\u1eed d\u1ee5ng m\u00e0ng l\u1ecdc ph\u1ee5 thu\u1ed9c v\u00e0o m\u00f4i tr\u01b0\u1eddng l\u00e0m vi\u1ec7c (th\u01b0\u1eddng t\u1eeb 1-7 ng\u00e0y).<\/p>\n<\/li>\n<li data-end=\"1191\" data-start=\"1086\">\n<p data-end=\"1191\" data-start=\"1088\">Khi c\u1ea3m th\u1ea5y\u00a0<strong data-end=\"1128\" data-start=\"1101\">kh\u00f3 th\u1edf h\u01a1n b\u00ecnh th\u01b0\u1eddng<\/strong>\u00a0ho\u1eb7c l\u1edbp l\u1ecdc \u0111\u1ed5i m\u00e0u, c\u1ea7n thay ngay \u0111\u1ec3 \u0111\u1ea3m b\u1ea3o an to\u00e0n h\u00f4 h\u1ea5p.<\/p>\n<\/li>\n<\/ul>","protected":false},"excerpt":{"rendered":"<p><strong>Xu\u1ea5t x\u1ee9:<\/strong> AMS &#8211; Trung Qu\u1ed1c<\/p>","protected":false},"featured_media":30974,"template":"","meta":[],"_links":{"self":[{"href":"http:\/\/handan.com.vn\/en\/wp-json\/wp\/v2\/product\/30971"}],"collection":[{"href":"http:\/\/handan.com.vn\/en\/wp-json\/wp\/v2\/product"}],"about":[{"href":"http:\/\/handan.com.vn\/en\/wp-json\/wp\/v2\/types\/product"}],"wp:featuredmedia":[{"embeddable":true,"href":"http:\/\/handan.com.vn\/en\/wp-json\/wp\/v2\/media\/30974"}],"wp:attachment":[{"href":"http:\/\/handan.com.vn\/en\/wp-json\/wp\/v2\/media?parent=30971"}],"curies":[{"name":"wp","href":"https:\/\/api.w.org\/{rel}","templated":true}]}}