{"id":30959,"date":"2025-11-04T14:41:42","date_gmt":"2025-11-04T07:41:42","guid":{"rendered":"http:\/\/handan.com.vn\/?post_type=product&#038;p=30959"},"modified":"2026-01-05T15:40:43","modified_gmt":"2026-01-05T08:40:43","slug":"phin-loc-doc-ams-a8510","status":"publish","type":"product","link":"http:\/\/handan.com.vn\/en\/product\/phin-loc-doc-ams-a8510\/","title":{"rendered":"Phin l\u1ecdc \u0111\u1ed9c AMS A8510"},"content":{"rendered":"<div class=\"accordion-button\"><span style=\"font-size: 130%;\"><strong>M\u00f4 t\u1ea3 s\u1ea3n ph\u1ea9m<\/strong><\/span><i class=\"float-right\"><\/i><\/div>\n<div class=\"mr-sm-0 ml-sm-0 align-items-start accordion-content\">\n<div class=\"mb-3 mb-sm-0 product-content js-content-wrapper card border-0\">\n<div id=\"ega-uti-editable-content\" class=\"rte js-product-getcontent product_getcontent pos-relative\" data-platform=\"sapo\" data-id=\"45067706\">\n<div id=\"content\" class=\"content js-content\">\n<p>H\u1ed9p l\u1ecdc Ams A8510 \u0111\u1ea1t ti\u00eau chu\u1ea9n CE 2834 EN14387:2021 v\u00e0 GB2890-2022\u00a0 v\u00e0\u00a0<strong>QCVN 10: 2012\/BL\u0110TBXH\u00a0<\/strong>\u2013 \u0111\u01b0\u1ee3c thi\u1ebft k\u1ebf \u0111\u1ec3 b\u1ea3o v\u1ec7 ng\u01b0\u1eddi d\u00f9ng kh\u1ecfi h\u01a1i h\u1eefu c\u01a1 \u0111\u1ed9c h\u1ea1i nh\u01b0: s\u01a1n, x\u0103ng, acetone, formaldehyde, v\u00e0 m\u1ed9t s\u1ed1 h\u01a1i h\u00f3a ch\u1ea5t c\u00f4ng nghi\u1ec7p kh\u00e1c.<br \/>\nS\u1ea3n ph\u1ea9m t\u01b0\u01a1ng th\u00edch v\u1edbi nhi\u1ec1u lo\u1ea1i m\u1eb7t n\u1ea1 t\u00e1i s\u1eed d\u1ee5ng Ams (n\u1eeda m\u1eb7t &amp; to\u00e0n m\u1eb7t) nh\u1edd c\u01a1 ch\u1ebf k\u1ebft n\u1ed1i ki\u1ec3u kh\u1edbp xoay v\u00e0 ch\u1ed1t c\u00e0i nhanh.<\/p>\n<h3><strong>T\u00ednh n\u0103ng n\u1ed5i b\u1eadt:<\/strong><\/h3>\n<p>\u2705 K\u1ebft n\u1ed1i nhanh, ch\u1eafc ch\u1eafn: Kh\u1edbp n\u1ed1i ki\u1ec3u xoay \u00bc v\u00f2ng gi\u00fap l\u1eafp \u0111\u1eb7t nhanh ch\u00f3ng, d\u1ec5 thay th\u1ebf.<\/p>\n<p>\u2705 Thi\u1ebft k\u1ebf m\u1ecfng, c\u1ee5p sau: T\u1ed1i \u01b0u t\u1ea7m nh\u00ecn, t\u1ea1o c\u1ea3m gi\u00e1c c\u00e2n b\u1eb1ng v\u00e0 tho\u1ea3i m\u00e1i khi s\u1eed d\u1ee5ng trong th\u1eddi gian d\u00e0i.<\/p>\n<p>\u2705 Hi\u1ec7u su\u1ea5t l\u1ecdc cao: \u0110\u1ea1t chu\u1ea9n EN14387 \u2013 kh\u1ea3 n\u0103ng ch\u1ed1ng c\u00e1c h\u01a1i\/h\u1ee3p ch\u1ea5t h\u1eefu c\u01a1 nh\u01b0 toluene, xylene, acetone, formaldehyde, v.v.<\/p>\n<p>\u2705 Th\u00e2n thi\u1ec7n ng\u01b0\u1eddi d\u00f9ng: Tr\u1ecdng l\u01b0\u1ee3ng nh\u1eb9, c\u1ea3n tr\u1edf h\u00f4 h\u1ea5p th\u1ea5p \u2013 gi\u00fap d\u1ec5 th\u1edf, gi\u1ea3m m\u1ec7t m\u1ecfi.<\/p>\n<h3><strong>\u1ee8ng d\u1ee5ng khuy\u1ebfn ngh\u1ecb:<\/strong><\/h3>\n<p>Ph\u00f9 h\u1ee3p s\u1eed d\u1ee5ng trong c\u00e1c l\u0129nh v\u1ef1c:<\/p>\n<ul>\n<li>Thi\u1ebft k\u1ebf &amp; Thi c\u00f4ng<\/li>\n<li>B\u1ea3o tr\u00ec c\u00f4ng nghi\u1ec7p<\/li>\n<li>S\u1ea3n xu\u1ea5t kim lo\u1ea1i, luy\u1ec7n kim<\/li>\n<li>D\u1ea7u kh\u00ed, khai kho\u00e1ng, h\u00e0ng h\u1ea3i, v\u1eadn t\u1ea3i<\/li>\n<li>Ch\u1ebf bi\u1ebfn th\u1ef1c ph\u1ea9m, v\u1ec7 sinh c\u01a1 s\u1edf, an to\u00e0n th\u1ef1c ph\u1ea9m<\/li>\n<li>D\u01b0\u1ee3c ph\u1ea9m, x\u00e2y d\u1ef1ng, c\u00f4ng nghi\u1ec7p n\u1eb7ng<\/li>\n<li>X\u1eed l\u00fd ami\u0103ng ch\u1ecbu nhi\u1ec7t, n\u1ea5m m\u1ed1c, silica&#8230;<\/li>\n<\/ul>\n<h3><strong>Khuy\u1ebfn c\u00e1o an to\u00e0n:<\/strong><\/h3>\n<p>\u2757 Ch\u1ec9 s\u1eed d\u1ee5ng trong m\u00f4i tr\u01b0\u1eddng l\u00e0m vi\u1ec7c chuy\u00ean m\u00f4n \u0111\u00e3 \u0111\u00e1nh gi\u00e1 r\u1ee7i ro v\u00e0 c\u00f3 h\u1ec7 th\u1ed1ng ki\u1ec3m so\u00e1t k\u1ef9 l\u01b0\u1ee1ng.<\/p>\n<p>\u2757 Lu\u00f4n ki\u1ec3m tra \u0111\u1ed9 k\u00edn m\u1eb7t n\u1ea1 (fit check) tr\u01b0\u1edbc khi v\u00e0o khu v\u1ef1c nguy hi\u1ec3m.<\/p>\n<p>\u2757 Kh\u00f4ng s\u1eed d\u1ee5ng h\u1ed9p l\u1ecdc n\u1ebfu:<\/p>\n<ul>\n<li>\u0110\u00e3 h\u1ebft h\u1ea1n ho\u1eb7c v\u01b0\u1ee3t qu\u00e1 th\u1eddi gian s\u1eed d\u1ee5ng khuy\u1ebfn ngh\u1ecb<\/li>\n<li>B\u1ecb h\u01b0 h\u1ecfng, bi\u1ebfn d\u1ea1ng, ho\u1eb7c nhi\u1ec5m b\u1ea9n kh\u00f4ng th\u1ec3 l\u00e0m s\u1ea1ch<\/li>\n<\/ul>\n<p>\u2757 Thay th\u1ebf ngay khi c\u1ea3m th\u1ea5y l\u1ef1c c\u1ea3n h\u00edt v\u00e0o t\u0103ng cao.<\/p>\n<p>\u2757 N\u1ebfu ng\u1eedi th\u1ea5y m\u00f9i ho\u1eb7c v\u1ecb l\u1ea1 khi \u0111ang \u0111eo \u0111\u00fang c\u00e1ch, r\u1eddi kh\u1ecfi khu v\u1ef1c v\u00e0 thay h\u1ed9p l\u1ecdc.<\/p>\n<p>\u2757 Ng\u1eebng s\u1eed d\u1ee5ng ngay n\u1ebfu c\u00f3 tri\u1ec7u ch\u1ee9ng ch\u00f3ng m\u1eb7t, k\u00edch \u1ee9ng ho\u1eb7c b\u1ea5t th\u01b0\u1eddng v\u1ec1 h\u00f4 h\u1ea5p.<\/p>\n<h3><strong>Kh\u00f4ng s\u1eed d\u1ee5ng trong c\u00e1c tr\u01b0\u1eddng h\u1ee3p sau:<\/strong><\/h3>\n<p data-end=\"637\" data-start=\"587\">\u274c M\u00f4i tr\u01b0\u1eddng c\u00f3\u00a0<strong data-end=\"629\" data-start=\"603\">n\u1ed3ng \u0111\u1ed9 oxy d\u01b0\u1edbi 19,5%<\/strong>, v\u00ed d\u1ee5:<\/p>\n<ul data-end=\"675\" data-start=\"640\">\n<li data-end=\"675\" data-start=\"640\">\n<p data-end=\"675\" data-start=\"642\">Kh\u00f4ng gian k\u00edn, h\u1ea7m ch\u1ee9a, b\u1ed3n b\u1ec3\u2026<\/p>\n<\/li>\n<\/ul>\n<p data-end=\"841\" data-start=\"678\">\u274c M\u00f4i tr\u01b0\u1eddng c\u00f3\u00a0<strong data-end=\"740\" data-start=\"694\">n\u1ed3ng \u0111\u1ed9 ch\u1ea5t \u0111\u1ed9c v\u01b0\u1ee3t qu\u00e1 gi\u1edbi h\u1ea1n ph\u00e1p l\u00fd<\/strong>\u00a0ho\u1eb7c thu\u1ed9c nh\u00f3m\u00a0<strong data-end=\"765\" data-start=\"757\">IDLH<\/strong>\u00a0(<em data-end=\"808\" data-start=\"767\">Immediately Dangerous to Life or Health<\/em>\u00a0\u2013 nguy hi\u1ec3m ngay \u0111\u1ebfn t\u00ednh m\u1ea1ng).<\/p>\n<p data-end=\"961\" data-start=\"844\">\u274c N\u1ebfu b\u1ea1n c\u00f3\u00a0<strong data-end=\"883\" data-start=\"857\">r\u00e2u, ria ho\u1eb7c l\u00f4ng m\u1eb7t<\/strong>, khi\u1ebfn m\u1eb7t n\u1ea1 kh\u00f4ng ti\u1ebfp x\u00fac k\u00edn ho\u00e0n to\u00e0n v\u1edbi da m\u1eb7t \u279c gi\u1ea3m hi\u1ec7u qu\u1ea3 b\u1ea3o v\u1ec7.<\/p>\n<p data-end=\"1054\" data-start=\"965\">\ud83d\udccc\u00a0<em data-end=\"1054\" data-start=\"968\">\u2192 H\u00e3y lu\u00f4n ki\u1ec3m tra \u0111\u1ed9 k\u00edn c\u1ee7a m\u1eb7t n\u1ea1 tr\u01b0\u1edbc khi l\u00e0m vi\u1ec7c trong m\u00f4i tr\u01b0\u1eddng nguy hi\u1ec3m.<\/em><\/p>\n<h3 data-end=\"1102\" data-start=\"1061\"><strong data-end=\"1102\" data-start=\"1066\">H\u01b0\u1edbng d\u1eabn thay th\u1ebf &amp; b\u1ea3o tr\u00ec:<\/strong><\/h3>\n<p data-end=\"1199\" data-start=\"1105\">\ud83d\udd04 Thay h\u1ed9p l\u1ecdc\u00a0<strong data-end=\"1165\" data-start=\"1121\">theo h\u01b0\u1edbng d\u1eabn v\u1eadn h\u00e0nh c\u1ee7a nh\u00e0 s\u1ea3n xu\u1ea5t<\/strong>\u00a0\u2013 tr\u01b0\u1edbc khi \u0111\u1ea1t gi\u1edbi h\u1ea1n s\u1eed d\u1ee5ng.<\/p>\n<p data-end=\"1291\" data-start=\"1202\">\u26d4\u00a0<strong data-end=\"1239\" data-start=\"1204\">Kh\u00f4ng th\u00e1o r\u1eddi ho\u1eb7c m\u1edf h\u1ed9p l\u1ecdc.<\/strong>\u00a0Vi\u1ec7c thay \u0111\u1ed5i c\u1ea5u tr\u00fac c\u00f3 th\u1ec3 l\u00e0m m\u1ea5t kh\u1ea3 n\u0103ng l\u1ecdc.<\/p>\n<p data-end=\"1371\" data-start=\"1294\">\ud83d\udca7\u00a0<strong data-end=\"1346\" data-start=\"1297\">Tr\u00e1nh n\u01b0\u1edbc ho\u1eb7c h\u01a1i n\u01b0\u1edbc x\u00e2m nh\u1eadp v\u00e0o h\u1ed9p l\u1ecdc<\/strong>\u00a0trong qu\u00e1 tr\u00ecnh s\u1eed d\u1ee5ng.<\/p>\n<p data-end=\"1404\" data-start=\"1374\">\ud83d\uded1 Ng\u01b0ng s\u1eed d\u1ee5ng n\u1ebfu c\u1ea3m th\u1ea5y:<\/p>\n<ul data-end=\"1498\" data-start=\"1407\">\n<li data-end=\"1431\" data-start=\"1407\">\n<p data-end=\"1431\" data-start=\"1409\">M\u00f9i kh\u00ed l\u1ecdt qua m\u1eb7t n\u1ea1<\/p>\n<\/li>\n<li data-end=\"1454\" data-start=\"1434\">\n<p data-end=\"1454\" data-start=\"1436\">Kh\u00f3 th\u1edf b\u1ea5t th\u01b0\u1eddng<\/p>\n<\/li>\n<li data-end=\"1498\" data-start=\"1457\">\n<p data-end=\"1498\" data-start=\"1459\">H\u1ed9p l\u1ecdc b\u1ecb bi\u1ebfn d\u1ea1ng, \u0111\u1ed5i m\u00e0u ho\u1eb7c h\u1ecfng<\/p>\n<\/li>\n<\/ul>\n<p><strong>R\u1ee7i ro khi d\u00f9ng sai:<\/strong><\/p>\n<ul>\n<li>Vi\u1ec7c s\u1eed d\u1ee5ng, l\u1eafp \u0111\u1eb7t, ho\u1eb7c b\u1ea3o tr\u00ec kh\u00f4ng \u0111\u00fang c\u00e1ch c\u00f3 th\u1ec3:<\/li>\n<li>G\u00e2y m\u1ea5t hi\u1ec7u qu\u1ea3 l\u1ecdc<\/li>\n<li>D\u1eabn \u0111\u1ebfn nhi\u1ec5m \u0111\u1ed9c, t\u1ed5n th\u01b0\u01a1ng h\u00f4 h\u1ea5p, th\u1eadm ch\u00ed t\u1eed vong<\/li>\n<\/ul>\n<\/div>\n<\/div>\n<\/div>\n<\/div>","protected":false},"excerpt":{"rendered":"<p>&nbsp;<\/p>\n<p>Model: A8510<\/p>\n<p>Chu\u1ea9n l\u1ecdc: CE 2834 EN14387:2021 v\u00e0 GB2890-2022\u00a0 v\u00e0\u00a0<strong>QCVN 10: 2012\/BL\u0110TBXH<\/strong><\/p>\n<p>D\u1ea1ng kh\u00ed l\u1ecdc: H\u01a1i h\u1eefu c\u01a1 (VOC), Formaldehyde<\/p>\n<p>Ki\u1ec3u k\u1ebft n\u1ed1i: Kh\u1edbp xoay &amp; ch\u1ed1t c\u00e0i<\/p>\n<p>Thi\u1ebft k\u1ebf: H\u00ecnh h\u1ed9p m\u1ecfng, c\u1ee5p v\u1ec1 sau<\/p>\n<p>Ph\u00f9 h\u1ee3p v\u1edbi: M\u1eb7t n\u1ea1 n\u1eeda m\u1eb7t Ams, m\u1eb7t n\u1ea1 to\u00e0n m\u1eb7t Ams<\/p>\n<p>Xu\u1ea5t x\u1ee9: AMS &#8211; Trung Qu\u1ed1c<\/p>\n<p>H\u1ed9p l\u1ecdc \u0111\u01b0\u1ee3c thi\u1ebft k\u1ebf \u0111\u1ec3 b\u1ea3o v\u1ec7 kh\u1ecfi m\u1ed9t s\u1ed1 h\u01a1i h\u1eefu c\u01a1 \u0111\u1ed9c h\u1ea1i nh\u01b0:<\/p>\n<ul>\n<li>Benzen v\u00e0 c\u00e1c \u0111\u1ed3ng \u0111\u1eb3ng (toluene, xylene\u2026)<\/li>\n<li>X\u0103ng, acetone, carbon disulfide<\/li>\n<li>C\u00e1c h\u1ee3p ch\u1ea5t h\u1eefu c\u01a1 d\u1ec5 bay h\u01a1i kh\u00e1c (VOC)<\/li>\n<\/ul>","protected":false},"featured_media":30960,"template":"","meta":[],"_links":{"self":[{"href":"http:\/\/handan.com.vn\/en\/wp-json\/wp\/v2\/product\/30959"}],"collection":[{"href":"http:\/\/handan.com.vn\/en\/wp-json\/wp\/v2\/product"}],"about":[{"href":"http:\/\/handan.com.vn\/en\/wp-json\/wp\/v2\/types\/product"}],"wp:featuredmedia":[{"embeddable":true,"href":"http:\/\/handan.com.vn\/en\/wp-json\/wp\/v2\/media\/30960"}],"wp:attachment":[{"href":"http:\/\/handan.com.vn\/en\/wp-json\/wp\/v2\/media?parent=30959"}],"curies":[{"name":"wp","href":"https:\/\/api.w.org\/{rel}","templated":true}]}}