{"id":30956,"date":"2025-11-04T14:32:17","date_gmt":"2025-11-04T07:32:17","guid":{"rendered":"http:\/\/handan.com.vn\/?post_type=product&#038;p=30956"},"modified":"2026-01-05T15:40:43","modified_gmt":"2026-01-05T08:40:43","slug":"mat-na-phong-doc-nua-mat-a420","status":"publish","type":"product","link":"http:\/\/handan.com.vn\/en\/product\/mat-na-phong-doc-nua-mat-a420\/","title":{"rendered":"M\u1eb7t n\u1ea1 ph\u00f2ng \u0111\u1ed9c n\u1eeda m\u1eb7t A420"},"content":{"rendered":"<p><strong data-end=\"103\" data-start=\"76\">M\u1eb7t n\u1ea1 Ams Silicon A420<\/strong>\u00a0\u0111\u01b0\u1ee3c ch\u1ebf t\u1ea1o t\u1eeb ch\u1ea5t li\u1ec7u silicon m\u1ec1m m\u1ea1i, an to\u00e0n v\u00e0 \u00f4m s\u00e1t khu\u00f4n m\u1eb7t, mang l\u1ea1i c\u1ea3m gi\u00e1c tho\u1ea3i m\u00e1i khi \u0111eo l\u00e2u d\u00e0i. Thi\u1ebft k\u1ebf b\u00e1n m\u1eb7t hi\u1ec7n \u0111\u1ea1i, d\u1ec5 d\u00e0ng thay th\u1ebf phin l\u1ecdc theo nhu c\u1ea7u s\u1eed d\u1ee5ng. Ng\u01b0\u1eddi d\u00f9ng c\u00f3 th\u1ec3 t\u00f9y ch\u1ec9nh m\u1eb7t n\u1ea1 \u0111\u1ec3 g\u1eafn phin l\u1ecdc b\u1ee5i m\u1ecbn t\u01b0\u01a1ng \u0111\u01b0\u01a1ng ti\u00eau chu\u1ea9n KN95, ho\u1eb7c l\u1eafp \u0111\u1eb7t c\u00e1c lo\u1ea1i phin l\u1ecdc kh\u00ed h\u1eefu c\u01a1, h\u01a1i dung m\u00f4i, kh\u00ed \u0111\u1ed9c t\u00f9y theo m\u00f4i tr\u01b0\u1eddng l\u00e0m vi\u1ec7c. Nh\u1edd k\u1ebft c\u1ea5u van th\u1edf hi\u1ec7u qu\u1ea3 v\u00e0 h\u1ec7 th\u1ed1ng k\u1ebft n\u1ed1i phin linh ho\u1ea1t, Ams A420 \u0111\u00e1p \u1ee9ng t\u1ed1t y\u00eau c\u1ea7u b\u1ea3o h\u1ed9 trong c\u00e1c l\u0129nh v\u1ef1c x\u00e2y d\u1ef1ng, s\u01a1n s\u1eeda, h\u00f3a ch\u1ea5t, ph\u00f2ng d\u1ecbch v\u00e0 m\u00f4i tr\u01b0\u1eddng \u0111\u1ed9c h\u1ea1i.<\/p>","protected":false},"excerpt":{"rendered":"<p><strong>Model:<\/strong> A420<\/p>\n<p><strong>Xu\u1ea5t x\u1ee9:<\/strong> AMS &#8211; Trung Qu\u1ed1c<\/p>\n<p>&nbsp;<\/p>","protected":false},"featured_media":30920,"template":"","meta":[],"_links":{"self":[{"href":"http:\/\/handan.com.vn\/en\/wp-json\/wp\/v2\/product\/30956"}],"collection":[{"href":"http:\/\/handan.com.vn\/en\/wp-json\/wp\/v2\/product"}],"about":[{"href":"http:\/\/handan.com.vn\/en\/wp-json\/wp\/v2\/types\/product"}],"wp:featuredmedia":[{"embeddable":true,"href":"http:\/\/handan.com.vn\/en\/wp-json\/wp\/v2\/media\/30920"}],"wp:attachment":[{"href":"http:\/\/handan.com.vn\/en\/wp-json\/wp\/v2\/media?parent=30956"}],"curies":[{"name":"wp","href":"https:\/\/api.w.org\/{rel}","templated":true}]}}