{"id":30952,"date":"2025-11-04T13:58:16","date_gmt":"2025-11-04T06:58:16","guid":{"rendered":"http:\/\/handan.com.vn\/?post_type=product&#038;p=30952"},"modified":"2026-01-05T15:40:44","modified_gmt":"2026-01-05T08:40:44","slug":"mieng-loc-bui-ams-a4521","status":"publish","type":"product","link":"http:\/\/handan.com.vn\/en\/product\/mieng-loc-bui-ams-a4521\/","title":{"rendered":"Mi\u1ebfng l\u1ecdc b\u1ee5i  Ams A4521"},"content":{"rendered":"<h3><strong>MI\u1ebeNG L\u1eccC H\u1ea0T AMS A4521 \u2013 CHU\u1ea8N KN95<\/strong><\/h3>\n<p><strong>(G\u00f3i 10 mi\u1ebfng | D\u00f9ng cho m\u1eb7t n\u1ea1 m\u1ed9t h\u1ed9p l\u1ecdc AMS)<\/strong><br \/>\n<strong>Ti\u00eau chu\u1ea9n: GB2890-2009 | Hi\u1ec7u su\u1ea5t l\u1ecdc \u2265 95%<\/strong><\/p>\n<p><strong>M\u00f4 t\u1ea3 s\u1ea3n ph\u1ea9m:<\/strong><\/p>\n<p>Mi\u1ebfng l\u1ecdc\u00a0<strong>AMS A4521<\/strong>\u00a0l\u00e0 l\u00f5i l\u1ecdc thay th\u1ebf d\u00e0nh ri\u00eang cho m\u1eb7t n\u1ea1 ph\u00f2ng \u0111\u1ed9c\u00a0<strong>AMS lo\u1ea1i m\u1ed9t h\u1ed9p l\u1ecdc<\/strong>, gi\u00fap t\u0103ng c\u01b0\u1eddng kh\u1ea3 n\u0103ng b\u1ea3o v\u1ec7 ng\u01b0\u1eddi d\u00f9ng tr\u01b0\u1edbc b\u1ee5i m\u1ecbn, ph\u1ea5n hoa, kh\u00f3i, v\u00e0 c\u00e1c h\u1ea1t \u00f4 nhi\u1ec5m nguy hi\u1ec3m trong kh\u00f4ng kh\u00ed. S\u1ea3n ph\u1ea9m \u0111\u1ea1t chu\u1ea9n\u00a0<strong>KN95 \u2013 GB2890-2009<\/strong>, t\u01b0\u01a1ng \u0111\u01b0\u01a1ng kh\u1ea3 n\u0103ng l\u1ecdc \u2265 95% c\u00e1c h\u1ea1t si\u00eau nh\u1ecf.<\/p>\n<p><strong>\u0110\u1eb7c \u0111i\u1ec3m n\u1ed5i b\u1eadt:<\/strong><\/p>\n<ul>\n<li><strong>L\u1ecdc hi\u1ec7u qu\u1ea3<\/strong>\u00a0b\u1ee5i m\u1ecbn PM2.5, h\u1ea1t d\u1ea7u, s\u01b0\u01a1ng m\u00f9, ph\u1ea5n hoa, kh\u00f3i h\u00e0n, vi sinh v\u1eadt d\u1ea1ng h\u1ea1t\u2026<\/li>\n<li><strong>C\u1ea5u t\u1ea1o nhi\u1ec1u l\u1edbp cao c\u1ea5p<\/strong>:\n<ul>\n<li><strong>V\u1ea3i kh\u00f4ng d\u1ec7t<\/strong>\u00a0\u2013 gi\u1eef h\u00ecnh d\u1ea1ng v\u00e0 t\u1ea1o l\u1edbp b\u1ea3o v\u1ec7 c\u01a1 h\u1ecdc.<\/li>\n<li><strong>L\u1edbp l\u1ecdc meltblown t\u0129nh \u0111i\u1ec7n<\/strong>\u00a0\u2013 thu gi\u1eef hi\u1ec7u qu\u1ea3 c\u00e1c h\u1ea1t c\u00f3 k\u00edch th\u01b0\u1edbc nh\u1ecf t\u1edbi 0.3 micron.<\/li>\n<\/ul>\n<\/li>\n<li><strong>Ti\u00eau chu\u1ea9n GB2890-2009<\/strong>\u00a0\u2013 ti\u00eau chu\u1ea9n qu\u1ed1c gia Trung Qu\u1ed1c v\u1ec1 thi\u1ebft b\u1ecb b\u1ea3o v\u1ec7 h\u00f4 h\u1ea5p.<\/li>\n<li><strong>T\u01b0\u01a1ng th\u00edch<\/strong>\u00a0v\u1edbi c\u00e1c d\u00f2ng m\u1eb7t n\u1ea1 AMS c\u00f3 thi\u1ebft k\u1ebf m\u1ed9t h\u1ed9p l\u1ecdc (v\u00ed d\u1ee5: Ninja A420P, A4501\u2026).<\/li>\n<li><strong>Thi\u1ebft k\u1ebf d\u1ec5 thay th\u1ebf<\/strong>, d\u00f9ng m\u1ed9t l\u1ea7n, ti\u1ec7n l\u1ee3i v\u00e0 ti\u1ebft ki\u1ec7m.<\/li>\n<\/ul>","protected":false},"excerpt":{"rendered":"<p>&nbsp;<\/p>\n<ul>\n<li><strong>Model<\/strong>: A4521<\/li>\n<li><strong>S\u1ed1 l\u01b0\u1ee3ng<\/strong>: 10 mi\u1ebfng\/g\u00f3i<\/li>\n<li><strong>Ti\u00eau chu\u1ea9n l\u1ecdc<\/strong>: KN95 (GB2890-2009)<\/li>\n<li><strong>Hi\u1ec7u su\u1ea5t l\u1ecdc<\/strong>: \u2265 95% v\u1edbi h\u1ea1t k\u00edch th\u01b0\u1edbc \u2265 0.3 micron<\/li>\n<li><strong>\u1ee8ng d\u1ee5ng<\/strong>: L\u1ecdc b\u1ee5i, PM2.5, kh\u00f3i, ph\u1ea5n hoa, kh\u00ed h\u00e0n, m\u00f4i tr\u01b0\u1eddng \u00f4 nhi\u1ec5m cao<\/li>\n<li><strong>Xu\u1ea5t x\u1ee9:<\/strong> AMS &#8211; Trung Qu\u1ed1c<\/li>\n<\/ul>","protected":false},"featured_media":30953,"template":"","meta":[],"_links":{"self":[{"href":"http:\/\/handan.com.vn\/en\/wp-json\/wp\/v2\/product\/30952"}],"collection":[{"href":"http:\/\/handan.com.vn\/en\/wp-json\/wp\/v2\/product"}],"about":[{"href":"http:\/\/handan.com.vn\/en\/wp-json\/wp\/v2\/types\/product"}],"wp:featuredmedia":[{"embeddable":true,"href":"http:\/\/handan.com.vn\/en\/wp-json\/wp\/v2\/media\/30953"}],"wp:attachment":[{"href":"http:\/\/handan.com.vn\/en\/wp-json\/wp\/v2\/media?parent=30952"}],"curies":[{"name":"wp","href":"https:\/\/api.w.org\/{rel}","templated":true}]}}