{"id":30940,"date":"2025-11-04T11:53:01","date_gmt":"2025-11-04T04:53:01","guid":{"rendered":"http:\/\/handan.com.vn\/?post_type=product&#038;p=30940"},"modified":"2026-01-05T15:40:44","modified_gmt":"2026-01-05T08:40:44","slug":"mat-na-ams-nua-mat-bang-cao-su-silicon-a820","status":"publish","type":"product","link":"http:\/\/handan.com.vn\/en\/product\/mat-na-ams-nua-mat-bang-cao-su-silicon-a820\/","title":{"rendered":"M\u1eb7t n\u1ea1 Ams n\u1eeda m\u1eb7t b\u1eb1ng cao su silicon A820"},"content":{"rendered":"<p data-end=\"181\" data-start=\"76\"><strong data-end=\"179\" data-start=\"76\">M\u1eb7t n\u1ea1 Ams n\u1eeda m\u1eb7t cao su silicon A820 <\/strong><\/p>\n<ul data-end=\"1271\" data-start=\"183\">\n<li data-end=\"953\" data-start=\"690\">\n<p data-end=\"716\" data-start=\"692\"><strong data-end=\"713\" data-start=\"692\">T\u00ednh n\u0103ng n\u1ed5i b\u1eadt<\/strong>:<\/p>\n<ul data-end=\"953\" data-start=\"719\">\n<li data-end=\"799\" data-start=\"719\">\n<p data-end=\"799\" data-start=\"721\">Van th\u1edf m\u1ed9t chi\u1ec1u gi\u1ea3m t\u00edch t\u1ee5 nhi\u1ec7t v\u00e0 h\u01a1i \u1ea9m, d\u1ec5 th\u1edf h\u01a1n khi l\u00e0m vi\u1ec7c l\u00e2u.<\/p>\n<\/li>\n<li data-end=\"799\" data-start=\"719\">\n<p data-end=\"799\" data-start=\"721\">Thi\u1ebft k\u1ebf \u0111\u1ed9c \u0111\u00e1o v\u1edbi van th\u1edf ra Cool Flow gi\u00fap gia t\u0103ng s\u1ef1 tho\u1ea3i m\u00e1i v\u00e0 v\u1eeba v\u1edbi khu\u00f4n m\u1eb7t h\u01a1n, kh\u00f4ng \u0111\u1ec3 l\u1ea1i d\u1ea5u khi mang trong th\u1eddi gian d\u00e0i.<\/p>\n<\/li>\n<li data-end=\"874\" data-start=\"802\">\n<p data-end=\"874\" data-start=\"804\">D\u00e2y \u0111eo \u0111\u1ea7u c\u00f3 th\u1ec3 \u0111i\u1ec1u ch\u1ec9nh linh ho\u1ea1t, ph\u00f9 h\u1ee3p nhi\u1ec1u c\u1ee1 khu\u00f4n m\u1eb7t.<\/p>\n<\/li>\n<li data-end=\"953\" data-start=\"877\">\n<p data-end=\"953\" data-start=\"879\">Thi\u1ebft k\u1ebf k\u00edn kh\u00edt, ch\u1ed1ng r\u00f2 r\u1ec9 hi\u1ec7u qu\u1ea3, t\u0103ng \u0111\u1ed9 an to\u00e0n cho ng\u01b0\u1eddi d\u00f9ng.<\/p>\n<\/li>\n<\/ul>\n<\/li>\n<li data-end=\"1164\" data-start=\"954\">\n<p data-end=\"971\" data-start=\"956\"><strong data-end=\"968\" data-start=\"956\">\u1ee8ng d\u1ee5ng<\/strong>:<\/p>\n<ul data-end=\"1164\" data-start=\"974\">\n<li data-end=\"1042\" data-start=\"974\">\n<p data-end=\"1042\" data-start=\"976\">M\u00f4i tr\u01b0\u1eddng b\u1ee5i cao: trang tr\u00ed n\u1ed9i th\u1ea5t, m\u00e0i s\u01a1n, gia c\u00f4ng c\u01a1 kh\u00ed<\/p>\n<\/li>\n<li data-end=\"1078\" data-start=\"1045\">\n<p data-end=\"1078\" data-start=\"1047\">H\u01a1i h\u00f3a ch\u1ea5t, dung m\u00f4i h\u1eefu c\u01a1<\/p>\n<\/li>\n<li data-end=\"1115\" data-start=\"1081\">\n<p data-end=\"1115\" data-start=\"1083\">Khai th\u00e1c m\u1ecf than, gia c\u00f4ng \u0111\u00e1<\/p>\n<\/li>\n<li data-end=\"1164\" data-start=\"1118\">\n<p data-end=\"1164\" data-start=\"1120\">Ho\u1ea1t \u0111\u1ed9ng c\u00f4ng nghi\u1ec7p n\u1eb7ng, x\u1eed l\u00fd h\u00f3a ch\u1ea5t<\/p>\n<\/li>\n<\/ul>\n<\/li>\n<li data-end=\"1271\" data-start=\"1165\">\n<p data-end=\"1271\" data-start=\"1167\"><strong data-end=\"1189\" data-start=\"1167\">Ti\u00eau chu\u1ea9n an to\u00e0n<\/strong>: \u0111\u00e1p \u1ee9ng \u0111\u1ea7y \u0111\u1ee7 c\u00e1c ti\u00eau chu\u1ea9n qu\u1ed1c t\u1ebf v\u00e0 ti\u00eau chu\u1ea9n qu\u1ed1c gia v\u1ec1 b\u1ea3o h\u1ed9 h\u00f4 h\u1ea5p.<\/p>\n<\/li>\n<\/ul>\n<p data-end=\"1271\" data-start=\"1167\">&#8211; \u1ee8ng d\u1ee5ng trong c\u00e1c m\u00f4i tr\u01b0\u1eddng m\u00e0i, ch\u00e0 nh\u00e1m, \u0111\u00f3ng g\u00f3i, c\u1eaft, b\u1ee5i, \u0111\u00fac kim lo\u1ea1i, chu\u1ea9n b\u1ecb s\u01a1n, ho\u00e0n thi\u1ec7n composite, gia c\u00f4ng, ch\u00e0 nh\u00e1m, m\u00e0i, ph\u00f2ng th\u00ed nghi\u1ec7m, s\u1ea3n xu\u1ea5t h\u00f3a ch\u1ea5t, s\u01a1n ph\u1ee7, x\u00e2y d\u1ef1ng.<br \/>\n&#8211; D\u00f9ng ph\u1ed5 bi\u1ebfn trong c\u00e1c ng\u00e0nh c\u00f4ng nghi\u1ec7p: s\u1ea3n xu\u1ea5t chung, d\u1ea7u kh\u00ed, v\u1eadn t\u1ea3i, h\u00e0ng h\u1ea3i, khai kho\u00e1ng, d\u01b0\u1ee3c ph\u1ea9m,&#8230;<br \/>\n&#8211; Trong m\u00f4i tr\u01b0\u1eddng l\u00e0m vi\u1ec7c \u0111\u1ed9c h\u1ea1i, m\u1eb7t n\u1ea1 ph\u00f2ng \u0111\u1ed9c s\u1ebd ph\u00e1t huy v\u00e0 l\u00e0m t\u1ed1t vai tr\u00f2 trong vi\u1ec7c b\u1ea3o v\u1ec7 s\u1ee9c kh\u1ecfe c\u1ee7a ng\u01b0\u1eddi s\u1eed d\u1ee5ng<\/p>","protected":false},"excerpt":{"rendered":"<ul data-end=\"1271\" data-start=\"183\">\n<li data-end=\"202\" data-start=\"183\">\n<p data-end=\"202\" data-start=\"185\"><strong data-end=\"194\" data-start=\"185\">Model<\/strong>: A820<\/p>\n<\/li>\n<li data-end=\"332\" data-start=\"203\">\n<p data-end=\"332\" data-start=\"205\"><strong data-end=\"218\" data-start=\"205\">Ch\u1ea5t li\u1ec7u<\/strong>: Cao su silicon m\u1ec1m m\u1ea1i, \u0111\u00e0n h\u1ed3i t\u1ed1t, b\u1ec1n b\u1ec9, t\u1ea1o c\u1ea3m gi\u00e1c tho\u1ea3i m\u00e1i v\u00e0 k\u00edn kh\u00edt, h\u1ea1n ch\u1ebf k\u00edch \u1ee9ng khi \u0111eo l\u00e2u.<\/p>\n<\/li>\n<li data-end=\"469\" data-start=\"333\">\n<p data-end=\"469\" data-start=\"335\"><strong data-end=\"346\" data-start=\"335\">C\u1ea5u t\u1ea1o<\/strong>: thi\u1ebft k\u1ebf n\u1eeda m\u1eb7t (half-face), \u00f4m kh\u00edt v\u00f9ng m\u0169i \u2013 mi\u1ec7ng, k\u1ebft h\u1ee3p hai h\u1ed9p l\u1ecdc ti\u00eau chu\u1ea9n cao, d\u1ec5 d\u00e0ng thay th\u1ebf, th\u00e1o l\u1eafp..<\/p>\n<\/li>\n<li data-end=\"469\" data-start=\"333\"><strong>Xu\u1ea5t x\u1ee9:<\/strong> AMS &#8211; Trung Qu\u1ed1c<\/li>\n<\/ul>","protected":false},"featured_media":30943,"template":"","meta":[],"_links":{"self":[{"href":"http:\/\/handan.com.vn\/en\/wp-json\/wp\/v2\/product\/30940"}],"collection":[{"href":"http:\/\/handan.com.vn\/en\/wp-json\/wp\/v2\/product"}],"about":[{"href":"http:\/\/handan.com.vn\/en\/wp-json\/wp\/v2\/types\/product"}],"wp:featuredmedia":[{"embeddable":true,"href":"http:\/\/handan.com.vn\/en\/wp-json\/wp\/v2\/media\/30943"}],"wp:attachment":[{"href":"http:\/\/handan.com.vn\/en\/wp-json\/wp\/v2\/media?parent=30940"}],"curies":[{"name":"wp","href":"https:\/\/api.w.org\/{rel}","templated":true}]}}