{"id":30931,"date":"2025-11-04T11:13:45","date_gmt":"2025-11-04T04:13:45","guid":{"rendered":"http:\/\/handan.com.vn\/?post_type=product&#038;p=30931"},"modified":"2026-01-05T15:40:44","modified_gmt":"2026-01-05T08:40:44","slug":"mat-na-phong-doc-ams-a680","status":"publish","type":"product","link":"http:\/\/handan.com.vn\/en\/product\/mat-na-phong-doc-ams-a680\/","title":{"rendered":"M\u1eb7t n\u1ea1 ph\u00f2ng \u0111\u1ed9c Ams A680"},"content":{"rendered":"<h3 data-start=\"98\" data-end=\"186\">L\u1ee3i \u00edch c\u1ee7a vi\u1ec7c s\u1eed d\u1ee5ng m\u1eb7t n\u1ea1 ph\u00f2ng \u0111\u1ed9c AMS A680 trong m\u00f4i tr\u01b0\u1eddng l\u00e0m vi\u1ec7c \u0111\u1ed9c h\u1ea1i<\/h3>\n<p data-start=\"188\" data-end=\"445\">Trong c\u00e1c m\u00f4i tr\u01b0\u1eddng c\u00f3 ch\u1ee9a nhi\u1ec1u h\u00f3a ch\u1ea5t, b\u1ee5i v\u00e0 kh\u00ed \u0111\u1ed9c h\u1ea1i nh\u01b0 c\u00f4ng nghi\u1ec7p n\u1eb7ng, h\u00f3a ch\u1ea5t, d\u1ea7u kh\u00ed, x\u00e2y d\u1ef1ng\u2026, vi\u1ec7c b\u1ea3o v\u1ec7 s\u1ee9c kh\u1ecfe ng\u01b0\u1eddi lao \u0111\u1ed9ng l\u00e0 v\u00f4 c\u00f9ng quan tr\u1ecdng.<br data-start=\"362\" data-end=\"365\" \/>Vi\u1ec7c \u0111eo m\u1eb7t n\u1ea1 ph\u00f2ng \u0111\u1ed9c to\u00e0n di\u1ec7n AMS A680 mang l\u1ea1i nh\u1eefng l\u1ee3i \u00edch th\u1ef1c t\u1ebf sau:<\/p>\n<p data-start=\"447\" data-end=\"538\">B\u1ea3o v\u1ec7 h\u1ec7 h\u00f4 h\u1ea5p: Ng\u0103n ch\u1eb7n b\u1ee5i, kh\u00f3i, h\u01a1i h\u00f3a ch\u1ea5t \u0111\u1ed9c h\u1ea1i v\u00e0 kh\u00ed \u0111\u1ed9c x\u00e2m nh\u1eadp v\u00e0o ph\u1ed5i.<\/p>\n<p data-start=\"540\" data-end=\"667\">B\u1ea3o v\u1ec7 to\u00e0n b\u1ed9 khu\u00f4n m\u1eb7t: Gi\u1ea3m thi\u1ec3u nguy c\u01a1 ti\u1ebfp x\u00fac v\u1edbi c\u00e1c ch\u1ea5t \u0111\u1ed9c h\u1ea1i, h\u00f3a ch\u1ea5t \u0103n m\u00f2n, tia l\u1eeda h\u00e0n ho\u1eb7c b\u1ee5i c\u00f4ng tr\u00ecnh.<\/p>\n<p data-start=\"669\" data-end=\"816\">N\u00e2ng cao hi\u1ec7u qu\u1ea3 c\u00f4ng vi\u1ec7c: Khi \u0111\u01b0\u1ee3c b\u1ea3o v\u1ec7 t\u1ed1t, ng\u01b0\u1eddi lao \u0111\u1ed9ng c\u00f3 th\u1ec3 l\u00e0m vi\u1ec7c l\u00e2u h\u01a1n, an to\u00e0n h\u01a1n v\u00e0 hi\u1ec7u qu\u1ea3 h\u01a1n trong m\u00f4i tr\u01b0\u1eddng nguy hi\u1ec3m.<\/p>\n<p data-start=\"818\" data-end=\"945\">Gi\u1ea3m nguy c\u01a1 m\u1eafc b\u1ec7nh ngh\u1ec1 nghi\u1ec7p: Ph\u00f2ng ng\u1eeba c\u00e1c b\u1ec7nh v\u1ec1 ph\u1ed5i, da, m\u1eaft v\u00e0 c\u00e1c b\u1ec7nh kh\u00e1c do ti\u1ebfp x\u00fac h\u00f3a ch\u1ea5t l\u00e2u d\u00e0i g\u00e2y ra.<\/p>\n<hr data-start=\"947\" data-end=\"950\" \/>\n<h3 data-start=\"952\" data-end=\"1005\">\u01afu \u0111i\u1ec3m trong thi\u1ebft k\u1ebf chuy\u00ean nghi\u1ec7p c\u1ee7a AMS A680<\/h3>\n<p data-start=\"1007\" data-end=\"1141\">K\u00ednh b\u1ea3o h\u1ed9 to\u00e0n c\u1ea3nh ch\u1ed1ng va \u0111\u1eadp: T\u1ea7m nh\u00ecn r\u1ed9ng, ch\u1ed1ng tr\u1ea7y x\u01b0\u1edbc, ch\u1ed1ng m\u1edd, \u0111\u1ea3m b\u1ea3o t\u1ea7m nh\u00ecn r\u00f5 r\u00e0ng trong m\u1ecdi \u0111i\u1ec1u ki\u1ec7n l\u00e0m vi\u1ec7c.<\/p>\n<p data-start=\"1143\" data-end=\"1269\">H\u1ec7 th\u1ed1ng l\u1ecdc nhi\u1ec1u l\u1edbp: Hi\u1ec7u qu\u1ea3 trong vi\u1ec7c lo\u1ea1i b\u1ecf b\u1ee5i m\u1ecbn, kh\u00ed h\u1eefu c\u01a1, kh\u00ed axit v\u00e0 h\u01a1i \u0111\u1ed9c, cung c\u1ea5p lu\u1ed3ng kh\u00f4ng kh\u00ed s\u1ea1ch.<\/p>\n<p data-start=\"1271\" data-end=\"1383\">Thi\u1ebft k\u1ebf k\u00edn ho\u00e0n to\u00e0n: V\u00f2ng \u0111\u1ec7m silicon m\u1ec1m m\u1ea1i \u00f4m kh\u00edt khu\u00f4n m\u1eb7t, ng\u0103n kh\u00f4ng cho kh\u00f4ng kh\u00ed \u00f4 nhi\u1ec5m x\u00e2m nh\u1eadp.<\/p>\n<p data-start=\"1385\" data-end=\"1500\">D\u00e2y \u0111eo nhi\u1ec1u \u0111i\u1ec3m: C\u00f3 th\u1ec3 \u0111i\u1ec1u ch\u1ec9nh linh ho\u1ea1t, \u0111\u1ea3m b\u1ea3o m\u1eb7t n\u1ea1 \u0111\u01b0\u1ee3c c\u1ed1 \u0111\u1ecbnh ch\u1eafc ch\u1eafn ngay c\u1ea3 khi v\u1eadn \u0111\u1ed9ng m\u1ea1nh.<\/p>\n<p data-start=\"1502\" data-end=\"1580\">K\u00ednh b\u1ea3o v\u1ec7 k\u00edn: B\u1ea3o v\u1ec7 m\u1eaft kh\u1ecfi h\u01a1i h\u00f3a ch\u1ea5t, b\u1ee5i v\u00e0 c\u00e1c m\u1ea3nh v\u1ee1 nguy hi\u1ec3m.<\/p>\n<hr data-start=\"1582\" data-end=\"1585\" \/>\n<h3 data-start=\"1587\" data-end=\"1643\">T\u1ea1i sao n\u00ean ch\u1ecdn AMS A680 thay v\u00ec c\u00e1c s\u1ea3n ph\u1ea9m kh\u00e1c?<\/h3>\n<p data-start=\"1645\" data-end=\"1765\">Th\u01b0\u01a1ng hi\u1ec7u uy t\u00edn: AMS l\u00e0 th\u01b0\u01a1ng hi\u1ec7u chuy\u00ean s\u1ea3n xu\u1ea5t thi\u1ebft b\u1ecb b\u1ea3o h\u1ed9 c\u00e1 nh\u00e2n, n\u1ed5i ti\u1ebfng v\u1ec1 ch\u1ea5t l\u01b0\u1ee3ng v\u00e0 \u0111\u1ed9 tin c\u1eady.<\/p>\n<p data-start=\"1767\" data-end=\"1888\">Ch\u1ea5t l\u01b0\u1ee3ng c\u00f4ng nghi\u1ec7p: S\u1ea3n ph\u1ea9m \u0111\u00e1p \u1ee9ng c\u00e1c y\u00eau c\u1ea7u nghi\u00eam ng\u1eb7t c\u1ee7a m\u00f4i tr\u01b0\u1eddng h\u00f3a ch\u1ea5t, c\u00f4ng nghi\u1ec7p n\u1eb7ng v\u00e0 x\u00e2y d\u1ef1ng.<\/p>\n<p data-start=\"1890\" data-end=\"2017\">Hi\u1ec7u qu\u1ea3 v\u1ec1 chi ph\u00ed: So v\u1edbi c\u00e1c s\u1ea3n ph\u1ea9m ch\u00e2u \u00c2u v\u00e0 M\u1ef9, AMS A680 mang l\u1ea1i hi\u1ec7u qu\u1ea3 b\u1ea3o v\u1ec7 t\u01b0\u01a1ng \u0111\u01b0\u01a1ng v\u1edbi chi ph\u00ed h\u1ee3p l\u00fd h\u01a1n.<\/p>\n<p data-start=\"2019\" data-end=\"2156\">Thi\u1ebft k\u1ebf ti\u1ec7n d\u1ee5ng: K\u1ebft h\u1ee3p c\u00f4ng ngh\u1ec7 l\u1ecdc hi\u1ec7n \u0111\u1ea1i v\u1edbi c\u1ea3m gi\u00e1c \u0111eo tho\u1ea3i m\u00e1i, c\u00f3 th\u1ec3 s\u1eed d\u1ee5ng trong th\u1eddi gian d\u00e0i m\u00e0 kh\u00f4ng g\u00e2y m\u1ec7t m\u1ecfi.<\/p>\n<p data-start=\"2158\" data-end=\"2287\">D\u1ec5 b\u1ea3o tr\u00ec v\u00e0 thay th\u1ebf linh ki\u1ec7n: H\u1ed9p l\u1ecdc, k\u00ednh v\u00e0 c\u00e1c ph\u1ee5 ki\u1ec7n c\u00f3 th\u1ec3 th\u00e1o l\u1eafp, thay th\u1ebf d\u1ec5 d\u00e0ng, ph\u00f9 h\u1ee3p cho s\u1eed d\u1ee5ng l\u00e2u d\u00e0i.<\/p>","protected":false},"excerpt":{"rendered":"<ul data-end=\"1664\" data-start=\"1300\">\n<li data-end=\"1326\" data-start=\"1300\">\n<p data-end=\"1326\" data-start=\"1302\"><strong data-end=\"1311\" data-start=\"1302\">Model<\/strong>: A680<\/p>\n<\/li>\n<li data-end=\"1326\" data-start=\"1300\">\n<p data-end=\"1326\" data-start=\"1302\"><strong data-end=\"1379\" data-start=\"1365\">Ti\u00eau chu\u1ea9n<\/strong>: GB2890-2022<\/p>\n<\/li>\n<li data-end=\"1458\" data-start=\"1408\">\n<p data-end=\"1458\" data-start=\"1410\"><strong data-end=\"1423\" data-start=\"1410\">Ch\u1ea5t li\u1ec7u<\/strong>: Cao su silicon<\/p>\n<\/li>\n<li data-end=\"1664\" data-start=\"1459\">\n<p data-end=\"1664\" data-start=\"1461\"><strong data-end=\"1473\" data-start=\"1461\">\u1ee8ng d\u1ee5ng<\/strong>: \u0110\u01b0\u1ee3c s\u1eed d\u1ee5ng trong m\u00f4i tr\u01b0\u1eddng b\u1ee5i cao, trang tr\u00ed, m\u00e0i s\u01a1n, h\u00f3a ch\u1ea5t, ho\u1ea1t \u0111\u1ed9ng m\u1ecf than, ho\u1ea1t \u0111\u1ed9ng gia c\u00f4ng \u0111\u00e3, h\u01a1i h\u00f3a h\u1eefu c\u01a1. v\u00e0 kh\u00ed, v.v.<\/p>\n<\/li>\n<li data-end=\"1664\" data-start=\"1459\"><strong>Xu\u1ea5t x\u1ee9:<\/strong> AMS &#8211; Trung Qu\u1ed1c<\/li>\n<\/ul>","protected":false},"featured_media":30935,"template":"","meta":[],"_links":{"self":[{"href":"http:\/\/handan.com.vn\/en\/wp-json\/wp\/v2\/product\/30931"}],"collection":[{"href":"http:\/\/handan.com.vn\/en\/wp-json\/wp\/v2\/product"}],"about":[{"href":"http:\/\/handan.com.vn\/en\/wp-json\/wp\/v2\/types\/product"}],"wp:featuredmedia":[{"embeddable":true,"href":"http:\/\/handan.com.vn\/en\/wp-json\/wp\/v2\/media\/30935"}],"wp:attachment":[{"href":"http:\/\/handan.com.vn\/en\/wp-json\/wp\/v2\/media?parent=30931"}],"curies":[{"name":"wp","href":"https:\/\/api.w.org\/{rel}","templated":true}]}}