{"id":30926,"date":"2025-11-04T10:58:59","date_gmt":"2025-11-04T03:58:59","guid":{"rendered":"http:\/\/handan.com.vn\/?post_type=product&#038;p=30926"},"modified":"2026-01-05T15:40:45","modified_gmt":"2026-01-05T08:40:45","slug":"mat-na-phong-doc-nua-mat-a620","status":"publish","type":"product","link":"http:\/\/handan.com.vn\/en\/product\/mat-na-phong-doc-nua-mat-a620\/","title":{"rendered":"M\u1eb7t n\u1ea1 ph\u00f2ng \u0111\u1ed9c n\u1eeda m\u1eb7t A620"},"content":{"rendered":"<p data-start=\"166\" data-end=\"318\">Mang theo <strong data-start=\"176\" data-end=\"197\">\u201cv\u1eadt b\u1ea5t ly th\u00e2n\u201d<\/strong> n\u00e0y, b\u1ea1n s\u1ebd kh\u00f4ng c\u00f2n ph\u1ea3i lo v\u1ec1 nh\u1eefng m\u00f9i kh\u00f3 ch\u1ecbu b\u00ean ngo\u00e0i \u2014 th\u1eadm ch\u00ed n\u00f3 c\u00f2n gi\u00fap <strong data-start=\"283\" data-end=\"313\">ng\u0103n ng\u1eeba c\u00e1c ch\u1ea5t \u0111\u1ed9c h\u1ea1i<\/strong> \u2620\ufe0f<\/p>\n<p data-start=\"320\" data-end=\"602\">Chi\u1ebfc <strong data-start=\"326\" data-end=\"341\">m\u00e1y tr\u1ee3 th\u1edf<\/strong> n\u00e0y th\u1ef1c s\u1ef1 l\u00e0 <strong data-start=\"357\" data-end=\"375\">tho\u1ea3i m\u00e1i nh\u1ea5t<\/strong> m\u00e0 t\u00f4i t\u1eebng s\u1eed d\u1ee5ng! \ud83d\udc4d<br data-start=\"399\" data-end=\"402\" \/>Tr\u01b0\u1edbc h\u1ebft, <strong data-start=\"413\" data-end=\"450\">thi\u1ebft k\u1ebf th\u00f4ng minh v\u00e0 th\u00e2n thi\u1ec7n<\/strong> gi\u00fap b\u1ea1n \u0111eo c\u1ea3 ng\u00e0y m\u00e0 kh\u00f4ng h\u1ec1 b\u1ecb \u0111au tai hay h\u1eb1n m\u00e1. M\u1ee9c \u0111\u1ed9 <strong data-start=\"514\" data-end=\"532\">b\u1ea3o v\u1ec7 c\u1ef1c cao<\/strong>, mang l\u1ea1i c\u1ea3m gi\u00e1c an to\u00e0n v\u00e0 y\u00ean t\u00e2m ngay t\u1eeb l\u1ea7n s\u1eed d\u1ee5ng \u0111\u1ea7u ti\u00ean.<\/p>\n<p data-start=\"604\" data-end=\"834\">\u0110\u1eb7c bi\u1ec7t, <strong data-start=\"614\" data-end=\"632\">b\u1ed9 l\u1ecdc m\u00e0u x\u00e1m<\/strong> c\u1ee7a m\u00e1y r\u1ea5t d\u1ec5 thay th\u1ebf \u2014 kh\u00f4ng c\u00f2n c\u1ea3nh ch\u1edd \u0111\u1ee3i linh ki\u1ec7n nh\u01b0 \u1edf nh\u1eefng d\u00f2ng kh\u00e1c. Ch\u1ea5t li\u1ec7u ph\u1ea7n m\u1eb7t n\u1ea1 c\u0169ng <strong data-start=\"742\" data-end=\"771\">m\u1ec1m m\u1ea1i, \u00f4m s\u00e1t khu\u00f4n m\u1eb7t<\/strong>, gi\u00fap b\u1ea1n <strong data-start=\"782\" data-end=\"811\">th\u1edf tho\u1ea3i m\u00e1i v\u00e0 t\u1ef1 nhi\u00ean<\/strong> ngay c\u1ea3 khi \u0111eo l\u00e2u.<\/p>\n<p data-start=\"836\" data-end=\"1051\">T\u00f3m l\u1ea1i, n\u1ebfu b\u1ea1n \u0111ang t\u00ecm ki\u1ebfm m\u1ed9t <strong data-start=\"871\" data-end=\"923\">chi\u1ebfc m\u00e1y tr\u1ee3 th\u1edf v\u1eeba \u00eam \u00e1i, b\u1ec1n b\u1ec9 l\u1ea1i hi\u1ec7u qu\u1ea3<\/strong>, th\u00ec \u0111\u00e2y ch\u00ednh l\u00e0 l\u1ef1a ch\u1ecdn ho\u00e0n h\u1ea3o! \ud83d\udcaa\ud83c\udf1f<br data-start=\"965\" data-end=\"968\" \/>R\u1ea5t th\u00edch h\u1ee3p cho <strong data-start=\"986\" data-end=\"1048\">di chuy\u1ec3n h\u1eb1ng ng\u00e0y ho\u1eb7c c\u00e1c ho\u1ea1t \u0111\u1ed9ng th\u1ec3 thao ngo\u00e0i tr\u1eddi<\/strong>.<\/p>","protected":false},"excerpt":{"rendered":"<ul data-end=\"1762\" data-start=\"1414\">\n<li data-end=\"1453\" data-start=\"1414\">\n<p data-end=\"1453\" data-start=\"1416\"><strong data-end=\"1425\" data-start=\"1416\">Model<\/strong>: A620<\/p>\n<\/li>\n<li data-end=\"1498\" data-start=\"1454\">\n<p data-end=\"1498\" data-start=\"1456\"><strong data-end=\"1470\" data-start=\"1456\">Ti\u00eau chu\u1ea9n<\/strong>: GB2890-2022 GB2626-2019 CE2834<\/p>\n<\/li>\n<li data-end=\"1600\" data-start=\"1542\">\n<p data-end=\"1600\" data-start=\"1544\"><strong data-end=\"1557\" data-start=\"1544\">Ch\u1ea5t li\u1ec7u<\/strong>: TPU<\/p>\n<\/li>\n<li data-end=\"1762\" data-start=\"1601\">\n<p data-end=\"1762\" data-start=\"1603\"><strong data-end=\"1616\" data-start=\"1603\">C\u00f4ng n\u0103ng<\/strong>:<br data-end=\"1620\" data-start=\"1617\" \/><img loading=\"lazy\" class=\"emoji\" role=\"img\" draggable=\"false\" src=\"https:\/\/s.w.org\/images\/core\/emoji\/13.0.1\/svg\/2714.svg\" alt=\"\u2714\ufe0f\" width=\"16\" height=\"16\" \/> \u0110\u01b0\u1ee3c s\u1eed d\u1ee5ng trong m\u00f4i tr\u01b0\u1eddng b\u1ee5i cao, m\u00e0i s\u01a1n, s\u01a1n, h\u00f3a ch\u1ea5t, ho\u1ea1t \u0111\u1ed9ng m\u1ecf than, ho\u1ea1t \u0111\u1ed9ng gia c\u00f4ng \u0111\u00e1, h\u01a1i h\u00f3a h\u1eefu c\u01a1 v\u00e0 kh\u00ed, v.v.<\/p>\n<\/li>\n<li data-end=\"1762\" data-start=\"1601\"><strong>Xu\u1ea5t x\u1ee9:<\/strong> AMS &#8211; Trung Qu\u1ed1c<\/li>\n<\/ul>","protected":false},"featured_media":30927,"template":"","meta":[],"_links":{"self":[{"href":"http:\/\/handan.com.vn\/en\/wp-json\/wp\/v2\/product\/30926"}],"collection":[{"href":"http:\/\/handan.com.vn\/en\/wp-json\/wp\/v2\/product"}],"about":[{"href":"http:\/\/handan.com.vn\/en\/wp-json\/wp\/v2\/types\/product"}],"wp:featuredmedia":[{"embeddable":true,"href":"http:\/\/handan.com.vn\/en\/wp-json\/wp\/v2\/media\/30927"}],"wp:attachment":[{"href":"http:\/\/handan.com.vn\/en\/wp-json\/wp\/v2\/media?parent=30926"}],"curies":[{"name":"wp","href":"https:\/\/api.w.org\/{rel}","templated":true}]}}