{"id":30922,"date":"2025-11-04T10:47:03","date_gmt":"2025-11-04T03:47:03","guid":{"rendered":"http:\/\/handan.com.vn\/?post_type=product&#038;p=30922"},"modified":"2026-01-05T15:40:45","modified_gmt":"2026-01-05T08:40:45","slug":"mat-na-phong-doc-ams-mot-hop-loc-bang-silicon-ninja-a420p-chuan-gb2890-2009","status":"publish","type":"product","link":"http:\/\/handan.com.vn\/en\/product\/mat-na-phong-doc-ams-mot-hop-loc-bang-silicon-ninja-a420p-chuan-gb2890-2009\/","title":{"rendered":"M\u1eb7t n\u1ea1 ph\u00f2ng \u0111\u1ed9c Ams m\u1ed9t h\u1ed9p l\u1ecdc b\u1eb1ng silicon ninja A420P ( chu\u1ea9n GB2890-2009)"},"content":{"rendered":"<h3 data-end=\"244\" data-start=\"191\"><strong data-end=\"242\" data-start=\"195\">M\u1eb6T N\u1ea0 PH\u00d2NG \u0110\u1ed8C AMS NINJA A420P\u00a0<\/strong><\/h3>\n<p data-end=\"329\" data-start=\"245\"><strong data-end=\"329\" data-start=\"245\">Lo\u1ea1i m\u1ed9t h\u1ed9p l\u1ecdc trung t\u00e2m | Ch\u1ea5t li\u1ec7u cao su th\u1ef1c ph\u1ea9m | Ti\u00eau chu\u1ea9n GB2890-2009<\/strong><\/p>\n<h4 data-end=\"355\" data-start=\"331\"><strong data-end=\"355\" data-start=\"336\">M\u00f4 t\u1ea3 s\u1ea3n ph\u1ea9m:<\/strong><\/h4>\n<p data-end=\"643\" data-start=\"356\">M\u1eb7t n\u1ea1 ph\u00f2ng \u0111\u1ed9c\u00a0<strong data-end=\"401\" data-start=\"373\">AMS Ninja A420P b\u1ea3n 2026<\/strong>\u00a0l\u00e0 thi\u1ebft b\u1ecb b\u1ea3o h\u1ed9 chuy\u00ean d\u1ee5ng, \u0111\u01b0\u1ee3c thi\u1ebft k\u1ebf v\u1edbi ti\u00eau chu\u1ea9n cao, \u0111\u1ea3m b\u1ea3o hi\u1ec7u qu\u1ea3 l\u1ecdc t\u1ed1i \u01b0u trong c\u00e1c m\u00f4i tr\u01b0\u1eddng \u0111\u1ed9c h\u1ea1i. S\u1ea3n ph\u1ea9m ph\u00f9 h\u1ee3p cho ng\u01b0\u1eddi lao \u0111\u1ed9ng trong ng\u00e0nh h\u00e0n, luy\u1ec7n kim, khai th\u00e1c m\u1ecf, phun s\u01a1n, h\u00f3a ch\u1ea5t, \u0111\u00e1nh b\u00f3ng kim lo\u1ea1i\u2026<\/p>\n<h4 data-end=\"671\" data-start=\"645\"><strong data-end=\"671\" data-start=\"650\">\u0110\u1eb7c \u0111i\u1ec3m n\u1ed5i b\u1eadt:<\/strong><\/h4>\n<ul data-end=\"1382\" data-start=\"673\">\n<li data-end=\"794\" data-start=\"673\">\n<p data-end=\"794\" data-start=\"675\"><strong data-end=\"705\" data-start=\"675\">Ch\u1ea5t li\u1ec7u cao su th\u1ef1c ph\u1ea9m<\/strong>: An to\u00e0n, m\u1ec1m m\u1ea1i, \u00f4m s\u00e1t m\u1eb7t, kh\u00f4ng g\u00e2y k\u00edch \u1ee9ng \u2013 ph\u00f9 h\u1ee3p s\u1eed d\u1ee5ng trong th\u1eddi gian d\u00e0i.<\/p>\n<\/li>\n<li data-end=\"1046\" data-start=\"795\">\n<p data-end=\"831\" data-start=\"797\"><strong data-end=\"830\" data-start=\"797\">H\u1ed9p l\u1ecdc kh\u00ed h\u1eefu c\u01a1 ti\u00eau chu\u1ea9n<\/strong>:<\/p>\n<ul data-end=\"1046\" data-start=\"834\">\n<li data-end=\"962\" data-start=\"834\">\n<p data-end=\"962\" data-start=\"836\">Ch\u1ee9a\u00a0<strong data-end=\"869\" data-start=\"841\">than ho\u1ea1t t\u00ednh t\u1eeb v\u1ecf d\u1eeba<\/strong>, kh\u1ea3 n\u0103ng h\u1ea5p ph\u1ee5 m\u1ea1nh c\u00e1c h\u01a1i \u0111\u1ed9c nh\u01b0\u00a0<strong data-end=\"962\" data-start=\"909\">benzen, x\u0103ng, acetone, dung m\u00f4i c\u00f4ng nghi\u1ec7p, s\u01a1n\u2026<\/strong><\/p>\n<\/li>\n<li data-end=\"1046\" data-start=\"965\">\n<p data-end=\"1046\" data-start=\"967\">Ch\u1ed1ng\u00a0<strong data-end=\"1007\" data-start=\"973\">h\u01a1i th\u1ea5m h\u1eefu c\u01a1 v\u00e0 kh\u00ed \u0111\u1ed9c h\u1ea1i<\/strong>\u00a0trong m\u00f4i tr\u01b0\u1eddng l\u00e0m vi\u1ec7c kh\u1eafc nghi\u1ec7t.<\/p>\n<\/li>\n<\/ul>\n<\/li>\n<li data-end=\"1278\" data-start=\"1047\">\n<p data-end=\"1080\" data-start=\"1049\"><strong data-end=\"1079\" data-start=\"1049\">L\u1edbp l\u1ecdc b\u1ee5i \u0111\u1ea1t chu\u1ea9n KN95<\/strong>:<\/p>\n<ul data-end=\"1278\" data-start=\"1083\">\n<li data-end=\"1278\" data-start=\"1083\">\n<p data-end=\"1278\" data-start=\"1085\">C\u1ea5u t\u1ea1o t\u1eeb\u00a0<strong data-end=\"1125\" data-start=\"1096\">v\u1ea3i th\u1ed5i n\u00f3ng (meltblown)<\/strong>,\u00a0<strong data-end=\"1144\" data-start=\"1127\">v\u1ea3i t\u0129nh \u0111i\u1ec7n<\/strong>, v\u00e0\u00a0<strong data-end=\"1166\" data-start=\"1149\">v\u1ea3i kh\u00f4ng d\u1ec7t<\/strong>\u00a0gi\u00fap l\u1ecdc hi\u1ec7u qu\u1ea3\u00a0<strong data-end=\"1202\" data-start=\"1185\">b\u1ee5i m\u1ecbn PM2.5<\/strong>,\u00a0<strong data-end=\"1215\" data-start=\"1204\">h\u1ea1t d\u1ea7u<\/strong>,\u00a0<strong data-end=\"1229\" data-start=\"1217\">ph\u1ea5n hoa<\/strong>, v\u00e0 c\u00e1c h\u1ea1t trong kh\u00f4ng kh\u00ed v\u1edbi hi\u1ec7u su\u1ea5t \u2265 95%.<\/p>\n<\/li>\n<\/ul>\n<\/li>\n<li data-end=\"1382\" data-start=\"1279\">\n<p data-end=\"1382\" data-start=\"1281\"><strong data-end=\"1317\" data-start=\"1281\">D\u00e2y \u0111eo ch\u1eafc ch\u1eafn, d\u1ec5 \u0111i\u1ec1u ch\u1ec9nh<\/strong>, mang l\u1ea1i s\u1ef1 tho\u1ea3i m\u00e1i v\u00e0 \u1ed5n \u0111\u1ecbnh trong su\u1ed1t qu\u00e1 tr\u00ecnh l\u00e0m vi\u1ec7c.<\/p>\n<\/li>\n<\/ul>","protected":false},"excerpt":{"rendered":"<h4 data-end=\"1413\" data-start=\"1384\"><\/h4>\n<ul data-end=\"1762\" data-start=\"1414\">\n<li data-end=\"1453\" data-start=\"1414\">\n<p data-end=\"1453\" data-start=\"1416\"><strong data-end=\"1425\" data-start=\"1416\">Model<\/strong>: A420P (Ninja \u2013 b\u1ea3n 2026)<\/p>\n<\/li>\n<li data-end=\"1498\" data-start=\"1454\">\n<p data-end=\"1498\" data-start=\"1456\"><strong data-end=\"1470\" data-start=\"1456\">Ti\u00eau chu\u1ea9n<\/strong>: GB2890-2009 (Trung Qu\u1ed1c)<\/p>\n<\/li>\n<li data-end=\"1541\" data-start=\"1499\">\n<p data-end=\"1541\" data-start=\"1501\"><strong data-end=\"1512\" data-start=\"1501\">H\u1ed9p l\u1ecdc<\/strong>: H\u01a1i h\u1eefu c\u01a1 + l\u1edbp l\u1ecdc KN95<\/p>\n<\/li>\n<li data-end=\"1600\" data-start=\"1542\">\n<p data-end=\"1600\" data-start=\"1544\"><strong data-end=\"1557\" data-start=\"1544\">Ch\u1ea5t li\u1ec7u<\/strong>: Cao su th\u1ef1c ph\u1ea9m + v\u1eadt li\u1ec7u l\u1ecdc cao c\u1ea5p<\/p>\n<\/li>\n<li data-end=\"1762\" data-start=\"1601\">\n<p data-end=\"1762\" data-start=\"1603\"><strong data-end=\"1616\" data-start=\"1603\">C\u00f4ng n\u0103ng<\/strong>:<br data-end=\"1620\" data-start=\"1617\" \/>\u2714\ufe0f Phun s\u01a1n, h\u00f3a ch\u1ea5t<br data-end=\"1646\" data-start=\"1643\" \/>\u2714\ufe0f H\u00e0n \u0111i\u1ec7n, luy\u1ec7n kim<br data-end=\"1673\" data-start=\"1670\" \/>\u2714\ufe0f Khai th\u00e1c m\u1ecf, \u0111\u00e1nh b\u00f3ng<br data-end=\"1704\" data-start=\"1701\" \/>\u2714\ufe0f Ph\u00f2ng ch\u1ed1ng b\u1ee5i \u0111\u1ed9c, kh\u00ed h\u1eefu c\u01a1, dung m\u00f4i c\u00f4ng nghi\u1ec7p<\/p>\n<\/li>\n<li data-end=\"1762\" data-start=\"1601\"><strong>Xu\u1ea5t x\u1ee9:<\/strong> AMS &#8211; Trung Qu\u1ed1c<\/li>\n<\/ul>","protected":false},"featured_media":30923,"template":"","meta":[],"_links":{"self":[{"href":"http:\/\/handan.com.vn\/en\/wp-json\/wp\/v2\/product\/30922"}],"collection":[{"href":"http:\/\/handan.com.vn\/en\/wp-json\/wp\/v2\/product"}],"about":[{"href":"http:\/\/handan.com.vn\/en\/wp-json\/wp\/v2\/types\/product"}],"wp:featuredmedia":[{"embeddable":true,"href":"http:\/\/handan.com.vn\/en\/wp-json\/wp\/v2\/media\/30923"}],"wp:attachment":[{"href":"http:\/\/handan.com.vn\/en\/wp-json\/wp\/v2\/media?parent=30922"}],"curies":[{"name":"wp","href":"https:\/\/api.w.org\/{rel}","templated":true}]}}