{"id":30916,"date":"2025-11-04T10:33:40","date_gmt":"2025-11-04T03:33:40","guid":{"rendered":"http:\/\/handan.com.vn\/?post_type=product&#038;p=30916"},"modified":"2026-01-05T15:40:45","modified_gmt":"2026-01-05T08:40:45","slug":"mat-na-ams-silicon-chong-bui-ninja-a420d-tieu-chuan-gb2626-2019","status":"publish","type":"product","link":"http:\/\/handan.com.vn\/en\/product\/mat-na-ams-silicon-chong-bui-ninja-a420d-tieu-chuan-gb2626-2019\/","title":{"rendered":"M\u1eb7t n\u1ea1 Ams silicon ch\u1ed1ng b\u1ee5i ninja A420D (ti\u00eau chu\u1ea9n GB2626-2019)"},"content":{"rendered":"<h3 data-end=\"154\" data-start=\"112\"><strong data-end=\"152\" data-start=\"116\">M\u1eb6T N\u1ea0 CH\u1ed0NG B\u1ee4I AMS NINJA A420D<\/strong><\/h3>\n<p data-end=\"241\" data-start=\"155\"><strong data-end=\"241\" data-start=\"155\">Ch\u1ea5t li\u1ec7u silicon cao c\u1ea5p | Chu\u1ea9n GB2626-2019 | D\u00f2ng Ninja \u2013 Ch\u1ed1ng b\u1ee5i chuy\u00ean d\u1ee5ng<\/strong><\/p>\n<h4 data-end=\"267\" data-start=\"243\"><strong data-end=\"267\" data-start=\"248\">M\u00f4 t\u1ea3 s\u1ea3n ph\u1ea9m:<\/strong><\/h4>\n<p data-end=\"547\" data-start=\"268\">M\u1eb7t n\u1ea1\u00a0<strong data-end=\"294\" data-start=\"275\">AMS Ninja A420D<\/strong>\u00a0l\u00e0 s\u1ea3n ph\u1ea9m b\u1ea3o h\u1ed9 chuy\u00ean d\u1ee5ng d\u00e0nh cho m\u00f4i tr\u01b0\u1eddng c\u00f3 l\u01b0\u1ee3ng b\u1ee5i cao nh\u01b0 c\u00f4ng tr\u01b0\u1eddng, x\u01b0\u1edfng g\u1ed7, h\u00e0n, m\u00e0i, x\u00e2y d\u1ef1ng, luy\u1ec7n kim&#8230; Thi\u1ebft k\u1ebf g\u1ecdn nh\u1eb9, \u00f4m s\u00e1t khu\u00f4n m\u1eb7t v\u1edbi ch\u1ea5t li\u1ec7u\u00a0<strong data-end=\"487\" data-start=\"472\">silicon m\u1ec1m<\/strong>, cho c\u1ea3m gi\u00e1c \u0111eo tho\u1ea3i m\u00e1i v\u00e0 an to\u00e0n trong th\u1eddi gian d\u00e0i.<\/p>\n<h4 data-end=\"575\" data-start=\"549\"><strong data-end=\"575\" data-start=\"554\">\u0110\u1eb7c \u0111i\u1ec3m n\u1ed5i b\u1eadt:<\/strong><\/h4>\n<ul data-end=\"1270\" data-start=\"577\">\n<li data-end=\"702\" data-start=\"577\">\n<p data-end=\"702\" data-start=\"579\">\u2705\u00a0<strong data-end=\"615\" data-start=\"581\">Ch\u1ea5t li\u1ec7u silicon\u00a0cao c\u1ea5p<\/strong>: M\u1ec1m m\u1ea1i, \u0111\u00e0n h\u1ed3i t\u1ed1t, kh\u00f4ng g\u00e2y k\u00edch \u1ee9ng, b\u00e1m kh\u00edt da m\u1eb7t, t\u1ea1o \u0111\u1ed9 k\u00edn t\u1ed1i \u01b0u khi \u0111eo.<\/p>\n<\/li>\n<li data-end=\"939\" data-start=\"703\">\n<p data-end=\"750\" data-start=\"705\">\u2705\u00a0<strong data-end=\"747\" data-start=\"707\">L\u1ecdc b\u1ee5i \u0111\u1ea1t chu\u1ea9n GB2626-2019 (KN95)<\/strong>:<\/p>\n<ul data-end=\"939\" data-start=\"753\">\n<li data-end=\"849\" data-start=\"753\">\n<p data-end=\"849\" data-start=\"755\">Trang b\u1ecb b\u1ed9 l\u1ecdc chuy\u00ean d\u1ee5ng v\u1edbi hi\u1ec7u su\u1ea5t l\u1ecdc \u2265 95% b\u1ee5i m\u1ecbn, PM2.5, h\u1ea1t r\u1eafn trong kh\u00f4ng kh\u00ed.<\/p>\n<\/li>\n<li data-end=\"939\" data-start=\"852\">\n<p data-end=\"939\" data-start=\"854\">Ch\u1ed1ng \u0111\u01b0\u1ee3c c\u00e1c lo\u1ea1i b\u1ee5i ph\u00e1t sinh trong c\u00f4ng nghi\u1ec7p, luy\u1ec7n kim, x\u00e2y d\u1ef1ng v\u00e0 ch\u1ebf bi\u1ebfn.<\/p>\n<\/li>\n<\/ul>\n<\/li>\n<li data-end=\"1056\" data-start=\"940\">\n<p data-end=\"1056\" data-start=\"942\">\u2705\u00a0<strong data-end=\"980\" data-start=\"944\">Thi\u1ebft k\u1ebf Ninja g\u1ecdn nh\u1eb9, th\u1ec3 thao<\/strong>: D\u1ec5 \u0111eo, tho\u1ea3i m\u00e1i, ph\u00f9 h\u1ee3p c\u1ea3 nam v\u00e0 n\u1eef, kh\u00f4ng g\u00e2y v\u01b0\u1edbng v\u00edu khi l\u00e0m vi\u1ec7c.<\/p>\n<\/li>\n<li data-end=\"1164\" data-start=\"1057\">\n<p data-end=\"1164\" data-start=\"1059\">\u2705\u00a0<strong data-end=\"1086\" data-start=\"1061\">Van th\u1edf m\u1ed9t chi\u1ec1u l\u1edbn<\/strong>: H\u1ed7 tr\u1ee3 tho\u00e1t kh\u00ed CO\u2082 nhanh ch\u00f3ng, gi\u1ea3m t\u00edch t\u1ee5 nhi\u1ec7t v\u00e0 h\u01a1i \u1ea9m trong m\u1eb7t n\u1ea1.<\/p>\n<\/li>\n<li data-end=\"1270\" data-start=\"1165\">\n<p data-end=\"1270\" data-start=\"1167\">\u2705\u00a0<strong data-end=\"1195\" data-start=\"1169\">D\u00e2y \u0111eo co gi\u00e3n 4 \u0111i\u1ec3m<\/strong>: \u0110i\u1ec1u ch\u1ec9nh linh ho\u1ea1t, gi\u1eef m\u1eb7t n\u1ea1 \u1ed5n \u0111\u1ecbnh khi v\u1eadn \u0111\u1ed9ng ho\u1eb7c thao t\u00e1c m\u1ea1nh.<\/p>\n<\/li>\n<\/ul>","protected":false},"excerpt":{"rendered":"<ul data-end=\"1664\" data-start=\"1300\">\n<li data-end=\"1326\" data-start=\"1300\">\n<p data-end=\"1326\" data-start=\"1302\"><strong data-end=\"1311\" data-start=\"1302\">Model<\/strong>: Ninja A420D<\/p>\n<\/li>\n<li data-end=\"1362\" data-start=\"1327\">\n<p data-end=\"1362\" data-start=\"1329\"><strong data-end=\"1341\" data-start=\"1329\">Lo\u1ea1i l\u1ecdc<\/strong>: L\u1ecdc b\u1ee5i m\u1ecbn, KN95<\/p>\n<\/li>\n<li data-end=\"1407\" data-start=\"1363\">\n<p data-end=\"1407\" data-start=\"1365\"><strong data-end=\"1379\" data-start=\"1365\">Ti\u00eau chu\u1ea9n<\/strong>: GB2626-2019 (Trung Qu\u1ed1c)<\/p>\n<\/li>\n<li data-end=\"1458\" data-start=\"1408\">\n<p data-end=\"1458\" data-start=\"1410\"><strong data-end=\"1423\" data-start=\"1410\">Ch\u1ea5t li\u1ec7u<\/strong>: Silicon th\u1ef1c ph\u1ea9m\u00a0cao c\u1ea5p<\/p>\n<\/li>\n<li data-end=\"1664\" data-start=\"1459\">\n<p data-end=\"1664\" data-start=\"1461\"><strong data-end=\"1473\" data-start=\"1461\">\u1ee8ng d\u1ee5ng<\/strong>: B\u1ea3o h\u1ed9 trong m\u00f4i tr\u01b0\u1eddng c\u00f3 nhi\u1ec1u b\u1ee5i nh\u01b0:<br data-end=\"1519\" data-start=\"1516\" \/>\u2714\ufe0f H\u00e0n \u2013 c\u1eaft \u2013 m\u00e0i<br data-end=\"1542\" data-start=\"1539\" \/>\u2714\ufe0f X\u00e2y d\u1ef1ng \u2013 kho\u00e1ng s\u1ea3n<br data-end=\"1571\" data-start=\"1568\" \/>\u2714\ufe0f Phun s\u01a1n, \u0111\u00e1nh b\u00f3ng<br data-end=\"1598\" data-start=\"1595\" \/>\u2714\ufe0f Khai th\u00e1c \u2013 luy\u1ec7n kim<br data-end=\"1627\" data-start=\"1624\" \/>\u2714\ufe0f V\u1ec7 sinh c\u00f4ng nghi\u1ec7p, ch\u1ebf bi\u1ebfn g\u1ed7<\/p>\n<\/li>\n<li data-end=\"1664\" data-start=\"1459\"><strong>Xu\u1ea5t x\u1ee9:<\/strong> AMS &#8211; Trung Qu\u1ed1c<\/li>\n<\/ul>","protected":false},"featured_media":30918,"template":"","meta":[],"_links":{"self":[{"href":"http:\/\/handan.com.vn\/en\/wp-json\/wp\/v2\/product\/30916"}],"collection":[{"href":"http:\/\/handan.com.vn\/en\/wp-json\/wp\/v2\/product"}],"about":[{"href":"http:\/\/handan.com.vn\/en\/wp-json\/wp\/v2\/types\/product"}],"wp:featuredmedia":[{"embeddable":true,"href":"http:\/\/handan.com.vn\/en\/wp-json\/wp\/v2\/media\/30918"}],"wp:attachment":[{"href":"http:\/\/handan.com.vn\/en\/wp-json\/wp\/v2\/media?parent=30916"}],"curies":[{"name":"wp","href":"https:\/\/api.w.org\/{rel}","templated":true}]}}