{"id":30781,"date":"2025-04-01T10:44:31","date_gmt":"2025-04-01T03:44:31","guid":{"rendered":"http:\/\/handan.com.vn\/?post_type=product&#038;p=30781"},"modified":"2026-01-05T15:40:45","modified_gmt":"2026-01-05T08:40:45","slug":"bang-keo-noi-don-smt-dong-m08-co-khoa-kep-dong-kanghongjin","status":"publish","type":"product","link":"http:\/\/handan.com.vn\/en\/product\/bang-keo-noi-don-smt-dong-m08-co-khoa-kep-dong-kanghongjin\/","title":{"rendered":"B\u0103ng keo n\u1ed1i \u0111\u01a1n SMT d\u00f2ng M08 c\u00f3 kh\u00f3a k\u1eb9p \u0111\u1ed3ng KangHongJin"},"content":{"rendered":"<p><strong>M\u00d4 T\u1ea2<\/strong><\/p>\n<p>B\u0103ng keo n\u1ed1i c\u00f3 k\u1eb9p d\u00f2ng M08 l\u00e0 m\u1ed9t thi\u1ebft k\u1ebf c\u1ea3i ti\u1ebfn ti\u1ebft ki\u1ec7m nh\u00e2n c\u00f4ng v\u1edbi c\u00e1c d\u1ea3i b\u0103ng \u0111\u01b0\u1ee3c k\u1ebft n\u1ed1i\u00a0v\u1edbi m\u1ed9t clip n\u1ed1i trong m\u1ed9t m\u1ea3nh. C\u0169ng \u0111\u01b0\u1ee3c thi\u1ebft k\u1ebf cho c\u00e1c m\u00e1y Panasonic c\u00f3 b\u1ed9 n\u1ea1p th\u00f4ng minh.\u00a0T\u01b0\u01a1ng th\u00edch v\u1edbi k\u00ecm n\u1ed1i MTL00, MTL10 v\u00e0 MTL50.<\/p>\n<p>&nbsp;<\/p>\n<p>B\u1ea3ng th\u00f4ng s\u1ed1 k\u0129 thu\u1eadt:<\/p>\n<table class=\"all magic-7\" border=\"1\" width=\"647\" cellspacing=\"0\" cellpadding=\"5\">\n<tbody>\n<tr>\n<td colspan=\"1\">\n<div class=\"magic-8\">\n<div class=\"magic-9\" data-spm-anchor-id=\"0.0.0.i92.5cf54f05cJqlzt\">Ph\u1ea7n (cu\u1ed9n)<\/div>\n<\/div>\n<\/td>\n<td colspan=\"1\">\n<div class=\"magic-11\">\n<div class=\"magic-9\" data-spm-anchor-id=\"0.0.0.i113.5cf54f05cJqlzt\">K\u00edch th\u01b0\u1edbc<\/div>\n<\/div>\n<\/td>\n<td colspan=\"1\">\n<div class=\"magic-12\">\n<div class=\"magic-9\" data-spm-anchor-id=\"0.0.0.i115.5cf54f05cJqlzt\">Quy c\u00e1ch<\/div>\n<\/div>\n<\/td>\n<td rowspan=\"0\"><img loading=\"lazy\" class=\"aligncenter size-full wp-image-2147\" src=\"https:\/\/www.kanghongjin.com\/wp-content\/uploads\/2023\/11\/M0808-XQY-03.webp\" sizes=\"(max-width: 129px) 100vw, 129px\" srcset=\"https:\/\/www.kanghongjin.com\/wp-content\/uploads\/2023\/11\/M0808-XQY-03.webp 129w, https:\/\/www.kanghongjin.com\/wp-content\/uploads\/2023\/11\/M0808-XQY-03-50x50.webp 50w\" alt=\"\" width=\"129\" height=\"132\" \/><\/td>\n<\/tr>\n<tr>\n<td colspan=\"1\">M0808 (8 mm)<\/td>\n<td colspan=\"1\">4.8mm x 40mm<\/td>\n<td colspan=\"1\">500pcs \/ h\u1ed9p<\/td>\n<\/tr>\n<tr>\n<td colspan=\"1\">M0812 (12 mm)<\/td>\n<td colspan=\"1\">6mm x 40mm<\/td>\n<td colspan=\"1\">500pcs \/ h\u1ed9p<\/td>\n<\/tr>\n<tr>\n<td colspan=\"1\">M0816 (16 mm)<\/td>\n<td colspan=\"1\">9.5mm x 40mm<\/td>\n<td colspan=\"1\">500pcs \/ h\u1ed9p<\/td>\n<\/tr>\n<tr>\n<td colspan=\"1\">M0824 (24 mm)<\/td>\n<td colspan=\"1\">16mm x\u00a040mm<\/td>\n<td colspan=\"1\">250pcs \/ h\u1ed9p<\/td>\n<\/tr>\n<\/tbody>\n<\/table>","protected":false},"excerpt":{"rendered":"<p>M\u00d4 T\u1ea2 B\u0103ng keo n\u1ed1i c\u00f3 k\u1eb9p d\u00f2ng M08 l\u00e0 m\u1ed9t thi\u1ebft k\u1ebf c\u1ea3i ti\u1ebfn ti\u1ebft ki\u1ec7m nh\u00e2n c\u00f4ng v\u1edbi c\u00e1c d\u1ea3i b\u0103ng \u0111\u01b0\u1ee3c k\u1ebft n\u1ed1i\u00a0v\u1edbi m\u1ed9t clip n\u1ed1i trong m\u1ed9t m\u1ea3nh. C\u0169ng \u0111\u01b0\u1ee3c thi\u1ebft k\u1ebf cho c\u00e1c m\u00e1y Panasonic c\u00f3 b\u1ed9 n\u1ea1p th\u00f4ng minh.\u00a0T\u01b0\u01a1ng th\u00edch v\u1edbi k\u00ecm n\u1ed1i MTL00, MTL10 v\u00e0 MTL50. &nbsp; B\u1ea3ng [&#8230;]","protected":false},"featured_media":30783,"template":"","meta":[],"_links":{"self":[{"href":"http:\/\/handan.com.vn\/en\/wp-json\/wp\/v2\/product\/30781"}],"collection":[{"href":"http:\/\/handan.com.vn\/en\/wp-json\/wp\/v2\/product"}],"about":[{"href":"http:\/\/handan.com.vn\/en\/wp-json\/wp\/v2\/types\/product"}],"wp:featuredmedia":[{"embeddable":true,"href":"http:\/\/handan.com.vn\/en\/wp-json\/wp\/v2\/media\/30783"}],"wp:attachment":[{"href":"http:\/\/handan.com.vn\/en\/wp-json\/wp\/v2\/media?parent=30781"}],"curies":[{"name":"wp","href":"https:\/\/api.w.org\/{rel}","templated":true}]}}