{"id":30761,"date":"2025-03-03T14:19:13","date_gmt":"2025-03-03T07:19:13","guid":{"rendered":"http:\/\/handan.com.vn\/?post_type=product&#038;p=30761"},"modified":"2026-01-05T15:40:46","modified_gmt":"2026-01-05T08:40:46","slug":"bang-keo-kanghongjin-noi-hai-mat-dinh-vi-canh-da-nang-dong-m05","status":"publish","type":"product","link":"http:\/\/handan.com.vn\/en\/product\/bang-keo-kanghongjin-noi-hai-mat-dinh-vi-canh-da-nang-dong-m05\/","title":{"rendered":"B\u0103ng keo KangHongJin n\u1ed1i hai m\u1eb7t \u0111\u1ecbnh v\u1ecb c\u1ea1nh \u0111a n\u0103ng d\u00f2ng M05"},"content":{"rendered":"<p><strong>M\u00d4 T\u1ea2<\/strong><\/p>\n<p>B\u0103ng keo n\u1ed1i \u0111\u00f4i M0508 c\u00f3 ch\u1ea5t li\u1ec7u PET trong su\u1ed1t m\u00e0u xanh nh\u1ea1t. Thi\u1ebft k\u1ebf n\u00e0y c\u00f3 m\u1ed9t v\u1ecb tr\u00edh\u01b0\u1edbng d\u1eabn d\u1ec5 d\u00e0ng c\u0103n ch\u1ec9nh c\u00e1c b\u0103ng mang \u0111\u00e3 c\u1eaft. T\u1ea5t c\u1ea3 c\u00e1c k\u00edch c\u1ee1 \u0111\u01b0\u1ee3c cung c\u1ea5p 500 c\u00e1i\/h\u1ed9p.<\/p>\n<p>&nbsp;<\/p>\n<p><strong>B\u1ea3ng th\u00f4ng s\u1ed1 k\u0129 thu\u1eadt:\u00a0<\/strong><\/p>\n<table class=\"all magic-7\" border=\"1\" width=\"647\" cellspacing=\"0\" cellpadding=\"5\">\n<tbody>\n<tr>\n<td colspan=\"1\">Model<\/td>\n<td colspan=\"1\">\n<div class=\"magic-11\">\n<div class=\"magic-9\" data-spm-anchor-id=\"0.0.0.i113.5cf54f05cJqlzt\">K\u00edch th\u01b0\u1edbc<\/div>\n<\/div>\n<\/td>\n<td colspan=\"1\">\n<div class=\"magic-12\">\n<div class=\"magic-9\" data-spm-anchor-id=\"0.0.0.i115.5cf54f05cJqlzt\">Quy c\u00e1ch<\/div>\n<\/div>\n<\/td>\n<td rowspan=\"0\"><img loading=\"lazy\" class=\"aligncenter size-full wp-image-2119\" src=\"https:\/\/www.kanghongjin.com\/wp-content\/uploads\/2023\/11\/M0508-XQY-03.webp\" sizes=\"(max-width: 129px) 100vw, 129px\" srcset=\"https:\/\/www.kanghongjin.com\/wp-content\/uploads\/2023\/11\/M0508-XQY-03.webp 129w, https:\/\/www.kanghongjin.com\/wp-content\/uploads\/2023\/11\/M0508-XQY-03-50x50.webp 50w\" alt=\"\" width=\"129\" height=\"132\" \/><\/td>\n<\/tr>\n<tr>\n<td colspan=\"1\">M0508 (8 mm)<\/td>\n<td colspan=\"1\">4.8mm x 40mm<\/td>\n<td colspan=\"1\">500pcs \/ h\u1ed9p<\/td>\n<\/tr>\n<tr>\n<td colspan=\"1\">M0512 (12 mm)<\/td>\n<td colspan=\"1\">6mm x 40mm<\/td>\n<td colspan=\"1\">500pcs \/ h\u1ed9p<\/td>\n<\/tr>\n<tr>\n<td colspan=\"1\">M0516 (16 mm)<\/td>\n<td colspan=\"1\">9.5mm x 40mm<\/td>\n<td colspan=\"1\">500pcs \/ h\u1ed9p<\/td>\n<\/tr>\n<tr>\n<td colspan=\"1\">M0524 (24 mm)<\/td>\n<td colspan=\"1\">16mm x\u00a040mm<\/td>\n<td colspan=\"1\">250pcs \/ h\u1ed9p<\/td>\n<\/tr>\n<\/tbody>\n<\/table>\n<p>&nbsp;<\/p>","protected":false},"excerpt":{"rendered":"<p>M\u00d4 T\u1ea2 B\u0103ng keo n\u1ed1i \u0111\u00f4i M0508 c\u00f3 ch\u1ea5t li\u1ec7u PET trong su\u1ed1t m\u00e0u xanh nh\u1ea1t. Thi\u1ebft k\u1ebf n\u00e0y c\u00f3 m\u1ed9t v\u1ecb tr\u00edh\u01b0\u1edbng d\u1eabn d\u1ec5 d\u00e0ng c\u0103n ch\u1ec9nh c\u00e1c b\u0103ng mang \u0111\u00e3 c\u1eaft. T\u1ea5t c\u1ea3 c\u00e1c k\u00edch c\u1ee1 \u0111\u01b0\u1ee3c cung c\u1ea5p 500 c\u00e1i\/h\u1ed9p. &nbsp; B\u1ea3ng th\u00f4ng s\u1ed1 k\u0129 thu\u1eadt:\u00a0 Model K\u00edch th\u01b0\u1edbc Quy c\u00e1ch M0508 [&#8230;]","protected":false},"featured_media":30763,"template":"","meta":[],"_links":{"self":[{"href":"http:\/\/handan.com.vn\/en\/wp-json\/wp\/v2\/product\/30761"}],"collection":[{"href":"http:\/\/handan.com.vn\/en\/wp-json\/wp\/v2\/product"}],"about":[{"href":"http:\/\/handan.com.vn\/en\/wp-json\/wp\/v2\/types\/product"}],"wp:featuredmedia":[{"embeddable":true,"href":"http:\/\/handan.com.vn\/en\/wp-json\/wp\/v2\/media\/30763"}],"wp:attachment":[{"href":"http:\/\/handan.com.vn\/en\/wp-json\/wp\/v2\/media?parent=30761"}],"curies":[{"name":"wp","href":"https:\/\/api.w.org\/{rel}","templated":true}]}}