{"id":30748,"date":"2025-03-03T13:57:56","date_gmt":"2025-03-03T06:57:56","guid":{"rendered":"http:\/\/handan.com.vn\/?post_type=product&#038;p=30748"},"modified":"2026-01-05T15:14:40","modified_gmt":"2026-01-05T08:14:40","slug":"bang-noi-pet-smt-kanghongjin-dong-m22-cho-may-panasonic","status":"publish","type":"product","link":"http:\/\/handan.com.vn\/en\/product\/bang-noi-pet-smt-kanghongjin-dong-m22-cho-may-panasonic\/","title":{"rendered":"B\u0103ng n\u1ed1i PET SMT KangHongJin d\u00f2ng M22 cho m\u00e1y Panasonic"},"content":{"rendered":"<p><strong>M\u00d4 T\u1ea2<\/strong><\/p>\n<p>B\u0103ng SMT d\u00f2ng M22 \u0111\u01b0\u1ee3c thi\u1ebft k\u1ebf d\u00e0nh ri\u00eang cho m\u00e1y Panasonic v\u1edbi b\u1ed9 n\u1ea1p th\u00f4ng minh. D\u1ea3i m\u00e0u \u0111en s\u1ebd cho ph\u00e9p c\u1ea3m bi\u1ebfn ph\u00e1t hi\u1ec7n m\u1ed1i n\u1ed1i. B\u0103ng keo n\u1ed1i n\u00e0y \u0111\u01b0\u1ee3c l\u00e0m b\u1eb1ng lo\u1ea1i keo do ch\u00fang t\u00f4i s\u1ea3n xu\u1ea5t c\u00f3 \u0111\u1ed9 b\u00e1m d\u00ednh v\u01b0\u1ee3t tr\u1ed9i.<\/p>\n<p>&nbsp;<\/p>\n<p><strong>B\u1ea3ng th\u00f4ng s\u1ed1 k\u0129 thu\u1eadt:<\/strong><\/p>\n<table class=\"all magic-7\" border=\"1\" width=\"647\" cellspacing=\"0\" cellpadding=\"5\">\n<tbody>\n<tr>\n<td colspan=\"1\">\n<div class=\"magic-8\">\n<div class=\"magic-9\" data-spm-anchor-id=\"0.0.0.i92.5cf54f05cJqlzt\">Ph\u1ea7n (cu\u1ed9n)<\/div>\n<\/div>\n<\/td>\n<td colspan=\"1\">\n<div class=\"magic-11\">\n<div class=\"magic-9\" data-spm-anchor-id=\"0.0.0.i113.5cf54f05cJqlzt\">K\u00edch th\u01b0\u1edbc<\/div>\n<\/div>\n<\/td>\n<td colspan=\"1\">Quy c\u00e1ch<\/td>\n<td rowspan=\"0\"><img loading=\"lazy\" class=\"aligncenter size-full wp-image-2224\" src=\"https:\/\/www.kanghongjin.com\/wp-content\/uploads\/2023\/11\/M2208-XQY-01.webp\" sizes=\"(max-width: 129px) 100vw, 129px\" srcset=\"https:\/\/www.kanghongjin.com\/wp-content\/uploads\/2023\/11\/M2208-XQY-01.webp 129w, https:\/\/www.kanghongjin.com\/wp-content\/uploads\/2023\/11\/M2208-XQY-01-50x50.webp 50w\" alt=\"\" width=\"129\" height=\"132\" \/><\/td>\n<\/tr>\n<tr>\n<td colspan=\"1\">M2208 (8 mm)<\/td>\n<td colspan=\"1\">4.8mm x 40mm<\/td>\n<td colspan=\"1\">500pcs \/ h\u1ed9p<\/td>\n<\/tr>\n<tr>\n<td colspan=\"1\">M2212 (12 mm)<\/td>\n<td colspan=\"1\">6mm x 40mm<\/td>\n<td colspan=\"1\">500pcs \/ h\u1ed9p<\/td>\n<\/tr>\n<tr>\n<td colspan=\"1\">M2216 (16 mm)<\/td>\n<td colspan=\"1\">9.5mm x 40mm<\/td>\n<td colspan=\"1\">500pcs \/ h\u1ed9p<\/td>\n<\/tr>\n<tr>\n<td colspan=\"1\">M2224 (24 mm)<\/td>\n<td colspan=\"1\">16mm x 40mm<\/td>\n<td colspan=\"1\">250pcs \/ h\u1ed9p<\/td>\n<\/tr>\n<\/tbody>\n<\/table>","protected":false},"excerpt":{"rendered":"<p>M\u00d4 T\u1ea2 B\u0103ng SMT d\u00f2ng M22 \u0111\u01b0\u1ee3c thi\u1ebft k\u1ebf d\u00e0nh ri\u00eang cho m\u00e1y Panasonic v\u1edbi b\u1ed9 n\u1ea1p th\u00f4ng minh. D\u1ea3i m\u00e0u \u0111en s\u1ebd cho ph\u00e9p c\u1ea3m bi\u1ebfn ph\u00e1t hi\u1ec7n m\u1ed1i n\u1ed1i. B\u0103ng keo n\u1ed1i n\u00e0y \u0111\u01b0\u1ee3c l\u00e0m b\u1eb1ng lo\u1ea1i keo do ch\u00fang t\u00f4i s\u1ea3n xu\u1ea5t c\u00f3 \u0111\u1ed9 b\u00e1m d\u00ednh v\u01b0\u1ee3t tr\u1ed9i. &nbsp; B\u1ea3ng th\u00f4ng s\u1ed1 [&#8230;]","protected":false},"featured_media":30749,"template":"","meta":[],"_links":{"self":[{"href":"http:\/\/handan.com.vn\/en\/wp-json\/wp\/v2\/product\/30748"}],"collection":[{"href":"http:\/\/handan.com.vn\/en\/wp-json\/wp\/v2\/product"}],"about":[{"href":"http:\/\/handan.com.vn\/en\/wp-json\/wp\/v2\/types\/product"}],"wp:featuredmedia":[{"embeddable":true,"href":"http:\/\/handan.com.vn\/en\/wp-json\/wp\/v2\/media\/30749"}],"wp:attachment":[{"href":"http:\/\/handan.com.vn\/en\/wp-json\/wp\/v2\/media?parent=30748"}],"curies":[{"name":"wp","href":"https:\/\/api.w.org\/{rel}","templated":true}]}}