{"id":30739,"date":"2025-03-03T13:36:44","date_gmt":"2025-03-03T06:36:44","guid":{"rendered":"http:\/\/handan.com.vn\/?post_type=product&#038;p=30739"},"modified":"2026-01-05T15:14:40","modified_gmt":"2026-01-05T08:14:40","slug":"bang-keo-noi-smt-kanghongjin-dac-biet-dong-m13-danh-cho-may-panasonic","status":"publish","type":"product","link":"http:\/\/handan.com.vn\/en\/product\/bang-keo-noi-smt-kanghongjin-dac-biet-dong-m13-danh-cho-may-panasonic\/","title":{"rendered":"B\u0103ng keo n\u1ed1i SMT KangHongJin \u0111\u1eb7c bi\u1ec7t d\u00f2ng M13 d\u00e0nh cho m\u00e1y Panasonic"},"content":{"rendered":"<p><strong>M\u00d4 T\u1ea2<\/strong><\/p>\n<p>B\u0103ng keo n\u1ed1i d\u00f2ng M13 \u0111\u01b0\u1ee3c s\u1eed d\u1ee5ng trong b\u0103ng keo n\u1ed1i cho m\u00e1y Panasonic, c\u00f3 c\u1ea3m bi\u1ebfn ph\u00e1t hi\u1ec7n c\u00e1c \u0111i\u1ec3m n\u1ed1i th\u00f4ng qua m\u00e0u \u0111en m\u1edd c\u1ee7a lo\u1ea1i b\u0103ng n\u1ed1i n\u00e0y. B\u0103ng n\u1ed1i n\u00e0y \u0111\u01b0\u1ee3c l\u00e0m b\u1eb1ng lo\u1ea1i keo do ch\u00fang t\u00f4i s\u1ea3n xu\u1ea5t c\u00f3 \u0111\u1ed9 b\u00e1m d\u00ednh v\u01b0\u1ee3t tr\u1ed9i.<\/p>\n<p>&nbsp;<\/p>\n<p><strong>B\u1ea3ng th\u00f4ng s\u1ed1 k\u0129 thu\u1eadt:<\/strong><\/p>\n<table class=\"all magic-7\" border=\"1\" width=\"650\" cellspacing=\"0\" cellpadding=\"5\">\n<tbody>\n<tr>\n<td colspan=\"1\">\n<div class=\"magic-8\">\n<div class=\"magic-9\" data-spm-anchor-id=\"0.0.0.i92.5cf54f05cJqlzt\">Model<\/div>\n<\/div>\n<\/td>\n<td colspan=\"1\">\n<div class=\"magic-11\">\n<div class=\"magic-9\" data-spm-anchor-id=\"0.0.0.i113.5cf54f05cJqlzt\">K\u00edch th\u01b0\u1edbc<\/div>\n<\/div>\n<\/td>\n<td colspan=\"1\">\n<div class=\"magic-12\">\n<div class=\"magic-9\" data-spm-anchor-id=\"0.0.0.i115.5cf54f05cJqlzt\">Quy c\u00e1ch<\/div>\n<\/div>\n<\/td>\n<td rowspan=\"0\"><img loading=\"lazy\" class=\"aligncenter size-full wp-image-2402\" src=\"https:\/\/www.kanghongjin.com\/wp-content\/uploads\/2023\/11\/M1308-XQY-03.webp\" sizes=\"(max-width: 129px) 100vw, 129px\" srcset=\"https:\/\/www.kanghongjin.com\/wp-content\/uploads\/2023\/11\/M1308-XQY-03.webp 129w, https:\/\/www.kanghongjin.com\/wp-content\/uploads\/2023\/11\/M1308-XQY-03-50x50.webp 50w\" alt=\"\" width=\"129\" height=\"132\" \/><\/td>\n<\/tr>\n<tr>\n<td colspan=\"1\">M1308 (8 mm)<\/td>\n<td colspan=\"1\">4.5\/4.5\/4.5mm x 40mm<\/td>\n<td colspan=\"1\">500pcs \/ h\u1ed9p<\/td>\n<\/tr>\n<tr>\n<td colspan=\"1\">M1312 (12 mm)<\/td>\n<td colspan=\"1\">4.5\/6mm x 40mm<\/td>\n<td colspan=\"1\">500pcs \/ h\u1ed9p<\/td>\n<\/tr>\n<tr>\n<td colspan=\"1\">M1316 (16 mm)<\/td>\n<td colspan=\"1\">4.5\/9mm x 40mm<\/td>\n<td colspan=\"1\">500pcs \/ h\u1ed9p<\/td>\n<\/tr>\n<tr>\n<td colspan=\"1\">M1324 (24 mm)<\/td>\n<td colspan=\"1\">4.5\/16mm x 40mm<\/td>\n<td colspan=\"1\">250pcs \/ h\u1ed9p<\/td>\n<\/tr>\n<\/tbody>\n<\/table>\n<p>&nbsp;<\/p>","protected":false},"excerpt":{"rendered":"<p>M\u00d4 T\u1ea2 B\u0103ng keo n\u1ed1i d\u00f2ng M13 \u0111\u01b0\u1ee3c s\u1eed d\u1ee5ng trong b\u0103ng keo n\u1ed1i cho m\u00e1y Panasonic, c\u00f3 c\u1ea3m bi\u1ebfn ph\u00e1t hi\u1ec7n c\u00e1c \u0111i\u1ec3m n\u1ed1i th\u00f4ng qua m\u00e0u \u0111en m\u1edd c\u1ee7a lo\u1ea1i b\u0103ng n\u1ed1i n\u00e0y. B\u0103ng n\u1ed1i n\u00e0y \u0111\u01b0\u1ee3c l\u00e0m b\u1eb1ng lo\u1ea1i keo do ch\u00fang t\u00f4i s\u1ea3n xu\u1ea5t c\u00f3 \u0111\u1ed9 b\u00e1m d\u00ednh v\u01b0\u1ee3t tr\u1ed9i. &nbsp; [&#8230;]","protected":false},"featured_media":30741,"template":"","meta":[],"_links":{"self":[{"href":"http:\/\/handan.com.vn\/en\/wp-json\/wp\/v2\/product\/30739"}],"collection":[{"href":"http:\/\/handan.com.vn\/en\/wp-json\/wp\/v2\/product"}],"about":[{"href":"http:\/\/handan.com.vn\/en\/wp-json\/wp\/v2\/types\/product"}],"wp:featuredmedia":[{"embeddable":true,"href":"http:\/\/handan.com.vn\/en\/wp-json\/wp\/v2\/media\/30741"}],"wp:attachment":[{"href":"http:\/\/handan.com.vn\/en\/wp-json\/wp\/v2\/media?parent=30739"}],"curies":[{"name":"wp","href":"https:\/\/api.w.org\/{rel}","templated":true}]}}