{"id":30735,"date":"2025-03-03T10:11:57","date_gmt":"2025-03-03T03:11:57","guid":{"rendered":"http:\/\/handan.com.vn\/?post_type=product&#038;p=30735"},"modified":"2026-01-05T15:14:41","modified_gmt":"2026-01-05T08:14:41","slug":"bang-keo-noi-cam-bien-doi-kanghongjin-smt-mau-bac-dong-m27-danh-cho-fuji","status":"publish","type":"product","link":"http:\/\/handan.com.vn\/en\/product\/bang-keo-noi-cam-bien-doi-kanghongjin-smt-mau-bac-dong-m27-danh-cho-fuji\/","title":{"rendered":"B\u0103ng keo n\u1ed1i c\u1ea3m bi\u1ebfn \u0111\u00f4i KangHongJin SMT m\u00e0u b\u1ea1c d\u00f2ng M27 d\u00e0nh cho FUJI"},"content":{"rendered":"<p><strong>M\u00d4 T\u1ea2<\/strong><\/p>\n<p>B\u0103ng gia v\u1ecb \u0111\u1eb7c bi\u1ec7t d\u00f2ng M27 d\u00e0nh cho m\u00e1y Fuji Fuji c\u00f3 b\u1ed9 n\u1ea1p th\u00f4ng minh. B\u0103ng keo n\u1ed1i ESD Silver chuy\u00ean nghi\u1ec7p, m\u1ed7i k\u00edch th\u01b0\u1edbc \u0111\u1ec1u c\u00f3 c\u00e1c l\u1ed7 \u0111\u1ecbnh v\u1ecb m\u00e0 b\u1ea1n c\u00f3 th\u1ec3 s\u1eed d\u1ee5ng v\u1edbi c\u00e1c \u0111\u1ed3 g\u00e1 c\u0103n ch\u1ec9nh.<\/p>\n<p>&nbsp;<\/p>\n<p><strong>B\u1ea3ng th\u00f4ng s\u1ed1 k\u0129 thu\u1eadt:\u00a0<\/strong><\/p>\n<table class=\"all magic-7\" border=\"1\" width=\"650\" cellspacing=\"0\" cellpadding=\"5\">\n<tbody>\n<tr>\n<td colspan=\"1\">\n<div class=\"magic-8\">\n<div class=\"magic-9\" data-spm-anchor-id=\"0.0.0.i92.5cf54f05cJqlzt\">Ph\u1ea7n (cu\u1ed9n)<\/div>\n<\/div>\n<\/td>\n<td colspan=\"1\">\n<div class=\"magic-11\">\n<div class=\"magic-9\" data-spm-anchor-id=\"0.0.0.i113.5cf54f05cJqlzt\">K\u00edch th\u01b0\u1edbc<\/div>\n<\/div>\n<\/td>\n<td colspan=\"1\">\n<div class=\"magic-12\">\n<div class=\"magic-9\" data-spm-anchor-id=\"0.0.0.i115.5cf54f05cJqlzt\">Quy c\u00e1ch<\/div>\n<\/div>\n<\/td>\n<td rowspan=\"0\"><img loading=\"lazy\" class=\"aligncenter size-full wp-image-2465\" src=\"https:\/\/www.kanghongjin.com\/wp-content\/uploads\/2023\/11\/M2708-XQY-03.webp\" sizes=\"(max-width: 129px) 100vw, 129px\" srcset=\"https:\/\/www.kanghongjin.com\/wp-content\/uploads\/2023\/11\/M2708-XQY-03.webp 129w, https:\/\/www.kanghongjin.com\/wp-content\/uploads\/2023\/11\/M2708-XQY-03-50x50.webp 50w\" alt=\"\" width=\"129\" height=\"132\" \/><\/td>\n<\/tr>\n<tr>\n<td colspan=\"1\">M2608 (8 mm)<\/td>\n<td colspan=\"1\">4.6\/7.6mm x 36mm<\/td>\n<td colspan=\"1\">500pcs \/ h\u1ed9p<\/td>\n<\/tr>\n<tr>\n<td colspan=\"1\">M2612 (12 mm)<\/td>\n<td colspan=\"1\">11.6\/8.8mm x 36mm<\/td>\n<td colspan=\"1\">500pcs \/ h\u1ed9p<\/td>\n<\/tr>\n<tr>\n<td colspan=\"1\">M2616 (16 mm)<\/td>\n<td colspan=\"1\">15.6\/12.8mm x 36mm<\/td>\n<td colspan=\"1\">500pcs \/ h\u1ed9p<\/td>\n<\/tr>\n<tr>\n<td colspan=\"1\">M2624 (24 mm)<\/td>\n<td colspan=\"1\">23.6\/20.8mm x 36mm<\/td>\n<td colspan=\"1\">250pcs \/ h\u1ed9p<\/td>\n<\/tr>\n<\/tbody>\n<\/table>","protected":false},"excerpt":{"rendered":"<p>M\u00d4 T\u1ea2 B\u0103ng gia v\u1ecb \u0111\u1eb7c bi\u1ec7t d\u00f2ng M27 d\u00e0nh cho m\u00e1y Fuji Fuji c\u00f3 b\u1ed9 n\u1ea1p th\u00f4ng minh. B\u0103ng keo n\u1ed1i ESD Silver chuy\u00ean nghi\u1ec7p, m\u1ed7i k\u00edch th\u01b0\u1edbc \u0111\u1ec1u c\u00f3 c\u00e1c l\u1ed7 \u0111\u1ecbnh v\u1ecb m\u00e0 b\u1ea1n c\u00f3 th\u1ec3 s\u1eed d\u1ee5ng v\u1edbi c\u00e1c \u0111\u1ed3 g\u00e1 c\u0103n ch\u1ec9nh. &nbsp; B\u1ea3ng th\u00f4ng s\u1ed1 k\u0129 thu\u1eadt:\u00a0 Ph\u1ea7n (cu\u1ed9n) [&#8230;]","protected":false},"featured_media":30736,"template":"","meta":[],"_links":{"self":[{"href":"http:\/\/handan.com.vn\/en\/wp-json\/wp\/v2\/product\/30735"}],"collection":[{"href":"http:\/\/handan.com.vn\/en\/wp-json\/wp\/v2\/product"}],"about":[{"href":"http:\/\/handan.com.vn\/en\/wp-json\/wp\/v2\/types\/product"}],"wp:featuredmedia":[{"embeddable":true,"href":"http:\/\/handan.com.vn\/en\/wp-json\/wp\/v2\/media\/30736"}],"wp:attachment":[{"href":"http:\/\/handan.com.vn\/en\/wp-json\/wp\/v2\/media?parent=30735"}],"curies":[{"name":"wp","href":"https:\/\/api.w.org\/{rel}","templated":true}]}}