{"id":30731,"date":"2025-03-03T09:50:15","date_gmt":"2025-03-03T02:50:15","guid":{"rendered":"http:\/\/handan.com.vn\/?post_type=product&#038;p=30731"},"modified":"2026-01-05T15:14:41","modified_gmt":"2026-01-05T08:14:41","slug":"bang-keo-noi-doi-kanghongjin-smt-pet-m01-series-8mm-32mm","status":"publish","type":"product","link":"http:\/\/handan.com.vn\/en\/product\/bang-keo-noi-doi-kanghongjin-smt-pet-m01-series-8mm-32mm\/","title":{"rendered":"B\u0103ng keo n\u1ed1i \u0111\u00f4i KangHongJin SMT PET M01 Series 8mm- 32mm"},"content":{"rendered":"<p><strong>M\u00d4 T\u1ea2<\/strong><\/p>\n<p>B\u0103ng keo n\u1ed1i \u0111\u00f4i d\u00f2ng M01 \u0111\u01b0\u1ee3c s\u1eed d\u1ee5ng \u0111\u1ec3 n\u1ed1i c\u00e1c b\u0103ng mang th\u00e0nh ph\u1ea7n SMT. \u0110\u01b0\u1ee3c cung c\u1ea5p \u1edf d\u1ea1ng c\u1eaft s\u1eb5n\u00a0d\u1ea3i b\u0103ng PET, s\u1eed d\u1ee5ng m\u00e0 kh\u00f4ng c\u1ea7n d\u1ee5ng c\u1ee5 n\u1ed1i v\u00e0 k\u1eb9p. M\u1ed7i m\u1ea3nh c\u00f3 10 ch\u1ea5m n\u1ed5i tr\u00ean m\u1ed9t trong hai\u00a0b\u00ean \u0111\u1ec3 gi\u00fap c\u0103n ch\u1ec9nh v\u1edbi b\u0103ng mang.\u00a0Ba lo\u1ea1i ch\u1ed1ng t\u0129nh \u0111i\u1ec7n, m\u1ed9t n\u1eeda ch\u1ed1ng t\u0129nh \u0111i\u1ec7n v\u00e0 kh\u00f4ng ch\u1ed1ng t\u0129nh \u0111i\u1ec7n.<\/p>\n<p><strong>B\u1ea3ng th\u00f4ng s\u1ed1 k\u0129 thu\u1eadt:<\/strong><\/p>\n<table class=\"all magic-7\" border=\"1\" width=\"647\" cellspacing=\"0\" cellpadding=\"5\">\n<tbody>\n<tr>\n<td colspan=\"1\">Model<\/td>\n<td colspan=\"1\">\n<div class=\"magic-11\">\n<div class=\"magic-9\" data-spm-anchor-id=\"0.0.0.i113.5cf54f05cJqlzt\">K\u00edch th\u01b0\u1edbc<\/div>\n<\/div>\n<\/td>\n<td colspan=\"1\">\n<div class=\"magic-12\">\n<div class=\"magic-9\" data-spm-anchor-id=\"0.0.0.i115.5cf54f05cJqlzt\">Quy c\u00e1ch<\/div>\n<\/div>\n<\/td>\n<td rowspan=\"0\"><img loading=\"lazy\" class=\"wp-image-2005 alignnone\" src=\"https:\/\/www.kanghongjin.com\/wp-content\/uploads\/2023\/11\/M0108-XQY-03-v02.jpg\" sizes=\"(max-width: 129px) 100vw, 129px\" srcset=\"https:\/\/www.kanghongjin.com\/wp-content\/uploads\/2023\/11\/M0108-XQY-03-v02.jpg 183w, https:\/\/www.kanghongjin.com\/wp-content\/uploads\/2023\/11\/M0108-XQY-03-v02-50x50.jpg 50w\" alt=\"\" width=\"129\" height=\"132\" \/><\/td>\n<\/tr>\n<tr>\n<td colspan=\"1\">M0108 (8 mm)<\/td>\n<td colspan=\"1\">4.8mm x 40mm<\/td>\n<td colspan=\"1\">500pcs \/ h\u1ed9p<\/td>\n<\/tr>\n<tr>\n<td colspan=\"1\">M0112 (12 mm)<\/td>\n<td colspan=\"1\">6mm x 40mm<\/td>\n<td colspan=\"1\">500pcs \/ h\u1ed9p<\/td>\n<\/tr>\n<tr>\n<td colspan=\"1\">M0116 (16 mm)<\/td>\n<td colspan=\"1\">9.5mm x 40mm<\/td>\n<td colspan=\"1\">500pcs \/ h\u1ed9p<\/td>\n<\/tr>\n<tr>\n<td colspan=\"1\">M0124 (24 mm)<\/td>\n<td colspan=\"1\">16mm x\u00a040mm<\/td>\n<td colspan=\"1\">250pcs \/ h\u1ed9p<\/td>\n<\/tr>\n<\/tbody>\n<\/table>","protected":false},"excerpt":{"rendered":"<p>M\u00d4 T\u1ea2 B\u0103ng keo n\u1ed1i \u0111\u00f4i d\u00f2ng M01 \u0111\u01b0\u1ee3c s\u1eed d\u1ee5ng \u0111\u1ec3 n\u1ed1i c\u00e1c b\u0103ng mang th\u00e0nh ph\u1ea7n SMT. \u0110\u01b0\u1ee3c cung c\u1ea5p \u1edf d\u1ea1ng c\u1eaft s\u1eb5n\u00a0d\u1ea3i b\u0103ng PET, s\u1eed d\u1ee5ng m\u00e0 kh\u00f4ng c\u1ea7n d\u1ee5ng c\u1ee5 n\u1ed1i v\u00e0 k\u1eb9p. M\u1ed7i m\u1ea3nh c\u00f3 10 ch\u1ea5m n\u1ed5i tr\u00ean m\u1ed9t trong hai\u00a0b\u00ean \u0111\u1ec3 gi\u00fap c\u0103n ch\u1ec9nh v\u1edbi b\u0103ng mang.\u00a0Ba [&#8230;]","protected":false},"featured_media":30734,"template":"","meta":[],"_links":{"self":[{"href":"http:\/\/handan.com.vn\/en\/wp-json\/wp\/v2\/product\/30731"}],"collection":[{"href":"http:\/\/handan.com.vn\/en\/wp-json\/wp\/v2\/product"}],"about":[{"href":"http:\/\/handan.com.vn\/en\/wp-json\/wp\/v2\/types\/product"}],"wp:featuredmedia":[{"embeddable":true,"href":"http:\/\/handan.com.vn\/en\/wp-json\/wp\/v2\/media\/30734"}],"wp:attachment":[{"href":"http:\/\/handan.com.vn\/en\/wp-json\/wp\/v2\/media?parent=30731"}],"curies":[{"name":"wp","href":"https:\/\/api.w.org\/{rel}","templated":true}]}}