{"id":30720,"date":"2025-03-03T09:20:58","date_gmt":"2025-03-03T02:20:58","guid":{"rendered":"http:\/\/handan.com.vn\/?post_type=product&#038;p=30720"},"modified":"2026-01-05T15:14:41","modified_gmt":"2026-01-05T08:14:41","slug":"bang-keo-noi-don-kanghongjin-smt-dong-m17-seri","status":"publish","type":"product","link":"http:\/\/handan.com.vn\/en\/product\/bang-keo-noi-don-kanghongjin-smt-dong-m17-seri\/","title":{"rendered":"B\u0103ng keo n\u1ed1i \u0111\u01a1n KangHongJin SMT d\u00f2ng M17 series"},"content":{"rendered":"<p><strong>M\u00d4 T\u1ea2<\/strong><\/p>\n<p>B\u0103ng keo n\u1ed1i \u0111\u01a1n SMT d\u00f2ng M17 v\u1edbi c\u0103n ch\u1ec9nh h\u01b0\u1edbng d\u1eabn \u0111\u01b0\u1ee3c thi\u1ebft k\u1ebf \u00e1p d\u1ee5ng cho t\u1ea5t c\u1ea3 c\u00e1c k\u00edch th\u01b0\u1edbc (8 mm\/12 mm\/ 16 mm\/24 mm\/32 mm\/44 mm\/56 mm\/72 mm\/ 88 mm) c\u1ee7a b\u0103ng mang v\u00e0 nh\u00e0 m\u00e1y c\u1ee7a ch\u00fang t\u00f4i \u0111\u1ed9c l\u1eadp ph\u00e1t tri\u1ec3n keo v\u00e0 s\u1ea3n xu\u1ea5t.<\/p>\n<p><strong>B\u1ea3ng th\u00f4ng s\u1ed1 k\u0129 thu\u1eadt:<\/strong><\/p>\n<table class=\"all magic-7\" border=\"1\" width=\"647\" cellspacing=\"0\" cellpadding=\"5\">\n<tbody>\n<tr>\n<td colspan=\"1\">Model<\/td>\n<td colspan=\"1\">\n<div class=\"magic-11\">\n<div class=\"magic-9\" data-spm-anchor-id=\"0.0.0.i113.5cf54f05cJqlzt\">K\u00edch th\u01b0\u1edbc<\/div>\n<\/div>\n<\/td>\n<td colspan=\"1\">Quy c\u00e1ch<\/td>\n<td rowspan=\"0\"><img loading=\"lazy\" class=\"aligncenter size-full wp-image-2216\" src=\"https:\/\/www.kanghongjin.com\/wp-content\/uploads\/2023\/11\/M1708-XQY-03-BL.webp\" sizes=\"(max-width: 129px) 100vw, 129px\" srcset=\"https:\/\/www.kanghongjin.com\/wp-content\/uploads\/2023\/11\/M1708-XQY-03-BL.webp 129w, https:\/\/www.kanghongjin.com\/wp-content\/uploads\/2023\/11\/M1708-XQY-03-BL-50x50.webp 50w\" alt=\"\" width=\"129\" height=\"132\" \/><\/td>\n<\/tr>\n<tr>\n<td colspan=\"1\">M1708 (8 mm)<\/td>\n<td colspan=\"1\">4.8mm x 40mm<\/td>\n<td colspan=\"1\">500pcs \/ h\u1ed9p<\/td>\n<\/tr>\n<tr>\n<td colspan=\"1\">M1712 (12 mm)<\/td>\n<td colspan=\"1\">6mm x 40mm<\/td>\n<td colspan=\"1\">500pcs \/ h\u1ed9p<\/td>\n<\/tr>\n<tr>\n<td colspan=\"1\">M1716 (16 mm)<\/td>\n<td colspan=\"1\">9.5mm x 40mm<\/td>\n<td colspan=\"1\">500pcs \/ h\u1ed9p<\/td>\n<\/tr>\n<tr>\n<td colspan=\"1\">M1724 (24 mm)<\/td>\n<td colspan=\"1\">16mm x 40mm<\/td>\n<td colspan=\"1\">250pcs \/ h\u1ed9p<\/td>\n<\/tr>\n<\/tbody>\n<\/table>","protected":false},"excerpt":{"rendered":"<p>M\u00d4 T\u1ea2 B\u0103ng keo n\u1ed1i \u0111\u01a1n SMT d\u00f2ng M17 v\u1edbi c\u0103n ch\u1ec9nh h\u01b0\u1edbng d\u1eabn \u0111\u01b0\u1ee3c thi\u1ebft k\u1ebf \u00e1p d\u1ee5ng cho t\u1ea5t c\u1ea3 c\u00e1c k\u00edch th\u01b0\u1edbc (8 mm\/12 mm\/ 16 mm\/24 mm\/32 mm\/44 mm\/56 mm\/72 mm\/ 88 mm) c\u1ee7a b\u0103ng mang v\u00e0 nh\u00e0 m\u00e1y c\u1ee7a ch\u00fang t\u00f4i \u0111\u1ed9c l\u1eadp ph\u00e1t tri\u1ec3n keo v\u00e0 s\u1ea3n xu\u1ea5t. B\u1ea3ng [&#8230;]","protected":false},"featured_media":30724,"template":"","meta":[],"_links":{"self":[{"href":"http:\/\/handan.com.vn\/en\/wp-json\/wp\/v2\/product\/30720"}],"collection":[{"href":"http:\/\/handan.com.vn\/en\/wp-json\/wp\/v2\/product"}],"about":[{"href":"http:\/\/handan.com.vn\/en\/wp-json\/wp\/v2\/types\/product"}],"wp:featuredmedia":[{"embeddable":true,"href":"http:\/\/handan.com.vn\/en\/wp-json\/wp\/v2\/media\/30724"}],"wp:attachment":[{"href":"http:\/\/handan.com.vn\/en\/wp-json\/wp\/v2\/media?parent=30720"}],"curies":[{"name":"wp","href":"https:\/\/api.w.org\/{rel}","templated":true}]}}