{"id":30713,"date":"2025-03-03T09:10:07","date_gmt":"2025-03-03T02:10:07","guid":{"rendered":"http:\/\/handan.com.vn\/?post_type=product&#038;p=30713"},"modified":"2026-01-05T15:14:42","modified_gmt":"2026-01-05T08:14:42","slug":"bang-noi-kanghongjin-smt-m3208b-8-mm-bac-chong-tinh-dien","status":"publish","type":"product","link":"http:\/\/handan.com.vn\/en\/product\/bang-noi-kanghongjin-smt-m3208b-8-mm-bac-chong-tinh-dien\/","title":{"rendered":"B\u0103ng n\u1ed1i KangHongJin SMT M3208B 8 mm b\u1ea1c ch\u1ed1ng t\u0129nh \u0111i\u1ec7n"},"content":{"rendered":"<p><strong>M\u00d4 T\u1ea2<\/strong><\/p>\n<p>B\u0103ng n\u1ed1i lo\u1ea1i cu\u1ed9n M3208B \u0111\u01b0\u1ee3c s\u1eed d\u1ee5ng \u0111\u1ec3 n\u1ed1i c\u00e1c b\u0103ng mang trong quy tr\u00ecnh SMT. N\u00f3 \u0111\u01b0\u1ee3c l\u00e0m b\u1eb1ng b\u0103ng, m\u00e0ng nh\u1ea3 trong su\u1ed1t v\u00e0 PET c\u00f3 th\u1ec3 th\u00e1o r\u1eddi, \u0111\u1ed3ng th\u1eddi b\u0103ng \u0111\u01b0\u1ee3c l\u00e0m b\u1eb1ng v\u1eadt li\u1ec7u \u0111\u00e3 \u0111\u01b0\u1ee3c c\u1ea5p b\u1eb1ng s\u00e1ng ch\u1ebf c\u1ee7a ch\u00fang t\u00f4i v\u1edbi \u0111\u1ed9 b\u00e1m d\u00ednh v\u01b0\u1ee3t tr\u1ed9i.<\/p>\n<p><strong>B\u1ea3ng th\u00f4ng s\u1ed1 k\u0129 thu\u1eadt:<\/strong><\/p>\n<table class=\"all magic-7\" border=\"1\" cellspacing=\"0\" cellpadding=\"5\">\n<tbody>\n<tr>\n<td colspan=\"1\">\n<div class=\"magic-8\">\n<div class=\"magic-9\" data-spm-anchor-id=\"0.0.0.i92.5cf54f05cJqlzt\">Model<\/div>\n<\/div>\n<\/td>\n<td colspan=\"1\">\n<div class=\"magic-11\">\n<div class=\"magic-9\" data-spm-anchor-id=\"0.0.0.i113.5cf54f05cJqlzt\">\u00a0 K\u00edch th\u01b0\u1edbc<\/div>\n<\/div>\n<\/td>\n<td>\u00a0 Ch\u1ea5t li\u1ec7u<\/td>\n<td colspan=\"1\">\n<div class=\"magic-12\">\n<div class=\"magic-9\" data-spm-anchor-id=\"0.0.0.i115.5cf54f05cJqlzt\">\u00a0Quy c\u00e1ch<\/div>\n<\/div>\n<\/td>\n<\/tr>\n<tr>\n<td colspan=\"1\">\u00a0\u00a0M3208B\u00a0(8mm)<\/td>\n<td colspan=\"1\">\u00a0 12.5mm x 32mm<\/td>\n<td>\u00a0 PET<\/td>\n<td colspan=\"1\">\u00a0 500pcs \/ h\u1ed9p<\/td>\n<\/tr>\n<\/tbody>\n<\/table>","protected":false},"excerpt":{"rendered":"<p>M\u00d4 T\u1ea2 B\u0103ng n\u1ed1i lo\u1ea1i cu\u1ed9n M3208B \u0111\u01b0\u1ee3c s\u1eed d\u1ee5ng \u0111\u1ec3 n\u1ed1i c\u00e1c b\u0103ng mang trong quy tr\u00ecnh SMT. N\u00f3 \u0111\u01b0\u1ee3c l\u00e0m b\u1eb1ng b\u0103ng, m\u00e0ng nh\u1ea3 trong su\u1ed1t v\u00e0 PET c\u00f3 th\u1ec3 th\u00e1o r\u1eddi, \u0111\u1ed3ng th\u1eddi b\u0103ng \u0111\u01b0\u1ee3c l\u00e0m b\u1eb1ng v\u1eadt li\u1ec7u \u0111\u00e3 \u0111\u01b0\u1ee3c c\u1ea5p b\u1eb1ng s\u00e1ng ch\u1ebf c\u1ee7a ch\u00fang t\u00f4i v\u1edbi \u0111\u1ed9 b\u00e1m d\u00ednh [&#8230;]","protected":false},"featured_media":30716,"template":"","meta":[],"_links":{"self":[{"href":"http:\/\/handan.com.vn\/en\/wp-json\/wp\/v2\/product\/30713"}],"collection":[{"href":"http:\/\/handan.com.vn\/en\/wp-json\/wp\/v2\/product"}],"about":[{"href":"http:\/\/handan.com.vn\/en\/wp-json\/wp\/v2\/types\/product"}],"wp:featuredmedia":[{"embeddable":true,"href":"http:\/\/handan.com.vn\/en\/wp-json\/wp\/v2\/media\/30716"}],"wp:attachment":[{"href":"http:\/\/handan.com.vn\/en\/wp-json\/wp\/v2\/media?parent=30713"}],"curies":[{"name":"wp","href":"https:\/\/api.w.org\/{rel}","templated":true}]}}