{"id":30704,"date":"2025-02-28T16:30:25","date_gmt":"2025-02-28T09:30:25","guid":{"rendered":"http:\/\/handan.com.vn\/?post_type=product&#038;p=30704"},"modified":"2026-01-05T15:15:57","modified_gmt":"2026-01-05T08:15:57","slug":"bang-keo-noi-don-kanghongjin-smt-dong-m06a","status":"publish","type":"product","link":"http:\/\/handan.com.vn\/en\/product\/bang-keo-noi-don-kanghongjin-smt-dong-m06a\/","title":{"rendered":"B\u0103ng keo n\u1ed1i \u0111\u01a1n KangHongJin SMT d\u00f2ng M06A"},"content":{"rendered":"<p><strong>M\u00d4 T\u1ea2<\/strong><\/p>\n<p>M06A B\u0103ng n\u1ed1i \u0111\u01a1n d\u00f2ng Cu\u1ed9n b\u0103ng n\u1ed1i \u0111\u01a1n \u0111\u01b0\u1ee3c s\u1eed d\u1ee5ng \u0111\u1ec3 n\u1ed1i c\u00e1c b\u0103ng mang trong quy tr\u00ecnh SMT. N\u00f3 \u0111\u01b0\u1ee3c l\u00e0m b\u1eb1ng m\u1ed9t b\u0103ng v\u00e0 gi\u1ea5y nh\u1ea3 c\u00f3 \u0111\u1ed9 b\u00e1m d\u00ednh cao.N\u00f3 ph\u00f9 h\u1ee3p cho m\u00e1y Siemens v\u00e0 Fuji.<\/p>\n<table class=\"all magic-7\" border=\"1\" width=\"647\" cellspacing=\"0\" cellpadding=\"5\">\n<tbody>\n<tr>\n<td colspan=\"1\">Model<\/td>\n<td colspan=\"1\">K\u00edch th\u01b0\u1edbc<\/td>\n<td colspan=\"1\">Quy c\u00e1ch<\/td>\n<td rowspan=\"0\"><img loading=\"lazy\" class=\"aligncenter size-full wp-image-2559\" src=\"https:\/\/www.kanghongjin.com\/wp-content\/uploads\/2023\/11\/M00608-XQY-03-02.webp\" alt=\"\" width=\"22\" height=\"132\" \/><\/td>\n<\/tr>\n<tr>\n<td colspan=\"1\">M0608 (8 mm)<\/td>\n<td colspan=\"1\">4.8mm x 45mm<\/td>\n<td colspan=\"1\">1000pcs \/ h\u1ed9p<\/td>\n<\/tr>\n<tr>\n<td colspan=\"1\">M0612 (12 mm)<\/td>\n<td colspan=\"1\">6mm x 45mm<\/td>\n<td colspan=\"1\">1000pcs \/ h\u1ed9p<\/td>\n<\/tr>\n<tr>\n<td colspan=\"1\">M0616 (16 mm)<\/td>\n<td colspan=\"1\">9.5mm x 45mm<\/td>\n<td colspan=\"1\">1000pcs \/ h\u1ed9p<\/td>\n<\/tr>\n<tr>\n<td colspan=\"1\">M0624 (24 mm)<\/td>\n<td colspan=\"1\">16mm x\u00a045mm<\/td>\n<td colspan=\"1\">1000pcs \/ h\u1ed9p<\/td>\n<\/tr>\n<\/tbody>\n<\/table>","protected":false},"excerpt":{"rendered":"<p>M\u00d4 T\u1ea2 M06A B\u0103ng n\u1ed1i \u0111\u01a1n d\u00f2ng Cu\u1ed9n b\u0103ng n\u1ed1i \u0111\u01a1n \u0111\u01b0\u1ee3c s\u1eed d\u1ee5ng \u0111\u1ec3 n\u1ed1i c\u00e1c b\u0103ng mang trong quy tr\u00ecnh SMT. N\u00f3 \u0111\u01b0\u1ee3c l\u00e0m b\u1eb1ng m\u1ed9t b\u0103ng v\u00e0 gi\u1ea5y nh\u1ea3 c\u00f3 \u0111\u1ed9 b\u00e1m d\u00ednh cao.N\u00f3 ph\u00f9 h\u1ee3p cho m\u00e1y Siemens v\u00e0 Fuji. Model K\u00edch th\u01b0\u1edbc Quy c\u00e1ch M0608 (8 mm) 4.8mm x 45mm [&#8230;]","protected":false},"featured_media":30705,"template":"","meta":[],"_links":{"self":[{"href":"http:\/\/handan.com.vn\/en\/wp-json\/wp\/v2\/product\/30704"}],"collection":[{"href":"http:\/\/handan.com.vn\/en\/wp-json\/wp\/v2\/product"}],"about":[{"href":"http:\/\/handan.com.vn\/en\/wp-json\/wp\/v2\/types\/product"}],"wp:featuredmedia":[{"embeddable":true,"href":"http:\/\/handan.com.vn\/en\/wp-json\/wp\/v2\/media\/30705"}],"wp:attachment":[{"href":"http:\/\/handan.com.vn\/en\/wp-json\/wp\/v2\/media?parent=30704"}],"curies":[{"name":"wp","href":"https:\/\/api.w.org\/{rel}","templated":true}]}}