{"id":30700,"date":"2025-02-28T16:05:18","date_gmt":"2025-02-28T09:05:18","guid":{"rendered":"http:\/\/handan.com.vn\/?post_type=product&#038;p=30700"},"modified":"2026-01-05T15:15:58","modified_gmt":"2026-01-05T08:15:58","slug":"bang-keo-noi-kanghongjin-esd-chuyen-nghiep-m16-series-smt-co-kep","status":"publish","type":"product","link":"http:\/\/handan.com.vn\/en\/product\/bang-keo-noi-kanghongjin-esd-chuyen-nghiep-m16-series-smt-co-kep\/","title":{"rendered":"B\u0103ng keo n\u1ed1i KangHongJin ESD chuy\u00ean nghi\u1ec7p M16 Series SMT c\u00f3 k\u1eb9p"},"content":{"rendered":"<p><strong>M\u00d4 T\u1ea2<\/strong><\/p>\n<p>D\u00f2ng M16 B\u0103ng keo n\u1ed1i SMT m\u00e0u \u0111en ESD \u0111\u1eb7c bi\u1ec7t c\u00f3 k\u00e8m gi\u1ea5y nh\u1ea3 b\u0103ng mang k\u1eb9p 8\/12\/16\/24mm.\u00a0B\u0103ng keo n\u1ed1i \u0111\u1eb7c bi\u1ec7t m\u00e0u \u0111en ESD SMT chuy\u00ean nghi\u1ec7p c\u00f3 k\u1eb9p \u0111\u01b0\u1ee3c thi\u1ebft k\u1ebf cho M\u00e1y Panasonic Siemens Fuji.<\/p>\n<p>&nbsp;<\/p>\n<p><strong>B\u1ea3ng th\u00f4ng s\u1ed1:\u00a0<\/strong><\/p>\n<table class=\"all magic-7\" border=\"1\" width=\"650\" cellspacing=\"0\" cellpadding=\"5\">\n<tbody>\n<tr>\n<td colspan=\"1\">\n<div class=\"magic-8\">\n<div class=\"magic-9\" data-spm-anchor-id=\"0.0.0.i92.5cf54f05cJqlzt\">Model<\/div>\n<\/div>\n<\/td>\n<td colspan=\"1\">\n<div class=\"magic-11\">\n<div class=\"magic-9\" data-spm-anchor-id=\"0.0.0.i113.5cf54f05cJqlzt\">K\u00edch th\u01b0\u1edbc<\/div>\n<\/div>\n<\/td>\n<td colspan=\"1\">\n<div class=\"magic-12\">\n<div class=\"magic-9\" data-spm-anchor-id=\"0.0.0.i115.5cf54f05cJqlzt\">Quy c\u00e1ch<\/div>\n<\/div>\n<\/td>\n<td rowspan=\"0\"><img loading=\"lazy\" class=\"aligncenter size-full wp-image-2429\" src=\"https:\/\/www.kanghongjin.com\/wp-content\/uploads\/2023\/11\/M1608-XQY-03.webp\" sizes=\"(max-width: 129px) 100vw, 129px\" srcset=\"https:\/\/www.kanghongjin.com\/wp-content\/uploads\/2023\/11\/M1608-XQY-03.webp 129w, https:\/\/www.kanghongjin.com\/wp-content\/uploads\/2023\/11\/M1608-XQY-03-50x50.webp 50w\" alt=\"\" width=\"129\" height=\"132\" \/><\/td>\n<\/tr>\n<tr>\n<td colspan=\"1\">M1608 (8 mm)<\/td>\n<td colspan=\"1\">2.5\/4.5\/4.5mm x 40mm<\/td>\n<td colspan=\"1\">500pcs \/ h\u1ed9p<\/td>\n<\/tr>\n<tr>\n<td colspan=\"1\">M1612 (12 mm)<\/td>\n<td colspan=\"1\">2.5\/6mm x 40mm<\/td>\n<td colspan=\"1\">500pcs \/ h\u1ed9p<\/td>\n<\/tr>\n<tr>\n<td colspan=\"1\">M1616 (16 mm)<\/td>\n<td colspan=\"1\">2.5\/9.5mm x 40mm<\/td>\n<td colspan=\"1\">500pcs \/ h\u1ed9p<\/td>\n<\/tr>\n<tr>\n<td colspan=\"1\">M1624 (24 mm)<\/td>\n<td colspan=\"1\">2.5\/16mm x 40mm<\/td>\n<td colspan=\"1\">250pcs \/ h\u1ed9p<\/td>\n<\/tr>\n<\/tbody>\n<\/table>","protected":false},"excerpt":{"rendered":"<p>M\u00d4 T\u1ea2 D\u00f2ng M16 B\u0103ng keo n\u1ed1i SMT m\u00e0u \u0111en ESD \u0111\u1eb7c bi\u1ec7t c\u00f3 k\u00e8m gi\u1ea5y nh\u1ea3 b\u0103ng mang k\u1eb9p 8\/12\/16\/24mm.\u00a0B\u0103ng keo n\u1ed1i \u0111\u1eb7c bi\u1ec7t m\u00e0u \u0111en ESD SMT chuy\u00ean nghi\u1ec7p c\u00f3 k\u1eb9p \u0111\u01b0\u1ee3c thi\u1ebft k\u1ebf cho M\u00e1y Panasonic Siemens Fuji. &nbsp; B\u1ea3ng th\u00f4ng s\u1ed1:\u00a0 Model K\u00edch th\u01b0\u1edbc Quy c\u00e1ch M1608 (8 mm) 2.5\/4.5\/4.5mm x [&#8230;]","protected":false},"featured_media":30701,"template":"","meta":[],"_links":{"self":[{"href":"http:\/\/handan.com.vn\/en\/wp-json\/wp\/v2\/product\/30700"}],"collection":[{"href":"http:\/\/handan.com.vn\/en\/wp-json\/wp\/v2\/product"}],"about":[{"href":"http:\/\/handan.com.vn\/en\/wp-json\/wp\/v2\/types\/product"}],"wp:featuredmedia":[{"embeddable":true,"href":"http:\/\/handan.com.vn\/en\/wp-json\/wp\/v2\/media\/30701"}],"wp:attachment":[{"href":"http:\/\/handan.com.vn\/en\/wp-json\/wp\/v2\/media?parent=30700"}],"curies":[{"name":"wp","href":"https:\/\/api.w.org\/{rel}","templated":true}]}}