{"id":30696,"date":"2025-02-28T15:36:08","date_gmt":"2025-02-28T08:36:08","guid":{"rendered":"http:\/\/handan.com.vn\/?post_type=product&#038;p=30696"},"modified":"2026-01-05T15:15:58","modified_gmt":"2026-01-05T08:15:58","slug":"bang-keo-noi-don-pet-smt-dong-m06-seri","status":"publish","type":"product","link":"http:\/\/handan.com.vn\/en\/product\/bang-keo-noi-don-pet-smt-dong-m06-seri\/","title":{"rendered":"B\u0103ng keo n\u1ed1i \u0111\u01a1n KangHongJin PET SMT d\u00f2ng M06 seri"},"content":{"rendered":"<p><strong>M\u00d4 T\u1ea2<\/strong><\/p>\n<p>M06A B\u0103ng n\u1ed1i \u0111\u01a1n d\u00f2ng Cu\u1ed9n b\u0103ng n\u1ed1i \u0111\u01a1n \u0111\u01b0\u1ee3c s\u1eed d\u1ee5ng \u0111\u1ec3 n\u1ed1i c\u00e1c b\u0103ng mang trong quy tr\u00ecnh SMT. N\u00f3 \u0111\u01b0\u1ee3c l\u00e0m b\u1eb1ng m\u1ed9t b\u0103ng v\u00e0 gi\u1ea5y nh\u1ea3 c\u00f3 \u0111\u1ed9 b\u00e1m d\u00ednh cao.N\u00f3 ph\u00f9 h\u1ee3p cho m\u00e1y Siemens v\u00e0 Fuji.<\/p>\n<p>&nbsp;<\/p>\n<p><strong>B\u1ea3ng th\u00f4ng s\u1ed1:\u00a0<\/strong><\/p>\n<table class=\"all magic-7\" border=\"1\" width=\"647\" cellspacing=\"0\" cellpadding=\"5\">\n<tbody>\n<tr>\n<td colspan=\"1\">Model<\/td>\n<td colspan=\"1\">K\u00edch th\u01b0\u1edbc<\/td>\n<td colspan=\"1\">Quy c\u00e1ch<\/td>\n<td rowspan=\"0\"><img loading=\"lazy\" class=\"aligncenter size-full wp-image-2144\" src=\"https:\/\/www.kanghongjin.com\/wp-content\/uploads\/2023\/11\/M00608-XQY-03.webp\" sizes=\"(max-width: 129px) 100vw, 129px\" srcset=\"https:\/\/www.kanghongjin.com\/wp-content\/uploads\/2023\/11\/M00608-XQY-03.webp 129w, https:\/\/www.kanghongjin.com\/wp-content\/uploads\/2023\/11\/M00608-XQY-03-50x50.webp 50w\" alt=\"\" width=\"129\" height=\"132\" \/><\/td>\n<\/tr>\n<tr>\n<td colspan=\"1\">M0608 (8 mm)<\/td>\n<td colspan=\"1\">4.8mm x 45mm<\/td>\n<td colspan=\"1\">1000pcs \/ h\u1ed9p<\/td>\n<\/tr>\n<tr>\n<td colspan=\"1\">M0612 (12 mm)<\/td>\n<td colspan=\"1\">6mm x 45mm<\/td>\n<td colspan=\"1\">1000pcs \/ h\u1ed9p<\/td>\n<\/tr>\n<tr>\n<td colspan=\"1\">M0616 (16 mm)<\/td>\n<td colspan=\"1\">9.5mm x 45mm<\/td>\n<td colspan=\"1\">1000pcs \/ h\u1ed9p<\/td>\n<\/tr>\n<tr>\n<td colspan=\"1\">M0624 (24 mm)<\/td>\n<td colspan=\"1\">16mm x\u00a045mm<\/td>\n<td colspan=\"1\">1000pcs \/ h\u1ed9p<\/td>\n<\/tr>\n<\/tbody>\n<\/table>\n<p>&nbsp;<\/p>\n<p>&nbsp;<\/p>","protected":false},"excerpt":{"rendered":"<p>M\u00d4 T\u1ea2 M06A B\u0103ng n\u1ed1i \u0111\u01a1n d\u00f2ng Cu\u1ed9n b\u0103ng n\u1ed1i \u0111\u01a1n \u0111\u01b0\u1ee3c s\u1eed d\u1ee5ng \u0111\u1ec3 n\u1ed1i c\u00e1c b\u0103ng mang trong quy tr\u00ecnh SMT. N\u00f3 \u0111\u01b0\u1ee3c l\u00e0m b\u1eb1ng m\u1ed9t b\u0103ng v\u00e0 gi\u1ea5y nh\u1ea3 c\u00f3 \u0111\u1ed9 b\u00e1m d\u00ednh cao.N\u00f3 ph\u00f9 h\u1ee3p cho m\u00e1y Siemens v\u00e0 Fuji. &nbsp; B\u1ea3ng th\u00f4ng s\u1ed1:\u00a0 Model K\u00edch th\u01b0\u1edbc Quy c\u00e1ch M0608 (8 [&#8230;]","protected":false},"featured_media":30697,"template":"","meta":[],"_links":{"self":[{"href":"http:\/\/handan.com.vn\/en\/wp-json\/wp\/v2\/product\/30696"}],"collection":[{"href":"http:\/\/handan.com.vn\/en\/wp-json\/wp\/v2\/product"}],"about":[{"href":"http:\/\/handan.com.vn\/en\/wp-json\/wp\/v2\/types\/product"}],"wp:featuredmedia":[{"embeddable":true,"href":"http:\/\/handan.com.vn\/en\/wp-json\/wp\/v2\/media\/30697"}],"wp:attachment":[{"href":"http:\/\/handan.com.vn\/en\/wp-json\/wp\/v2\/media?parent=30696"}],"curies":[{"name":"wp","href":"https:\/\/api.w.org\/{rel}","templated":true}]}}