{"id":30687,"date":"2025-02-28T14:20:01","date_gmt":"2025-02-28T07:20:01","guid":{"rendered":"http:\/\/handan.com.vn\/?post_type=product&#038;p=30687"},"modified":"2026-01-05T15:15:58","modified_gmt":"2026-01-05T08:15:58","slug":"bang-keo-noi-don-smt-kanghongjin-da-nang-dong-m03seri","status":"publish","type":"product","link":"http:\/\/handan.com.vn\/en\/product\/bang-keo-noi-don-smt-kanghongjin-da-nang-dong-m03seri\/","title":{"rendered":"B\u0103ng keo n\u1ed1i \u0111\u01a1n SMT KangHongJin \u0111a n\u0103ng d\u00f2ng M03 Series"},"content":{"rendered":"<p><strong>M\u00d4 T\u1ea2<\/strong><br \/>\nN\u00ean s\u1eed d\u1ee5ng b\u0103ng keo n\u1ed1i \u0111\u01a1n M0308 c\u00f9ng v\u1edbi c\u00f4ng c\u1ee5 n\u1ed1i v\u00e0 k\u1eb9p. Khi \u0111\u01b0\u1ee3c s\u1eed d\u1ee5ng c\u00f9ng nhau, ch\u00fang t\u1ea1o ra k\u1ebft n\u1ed1i m\u1ea1nh m\u1ebd h\u01a1n, \u0111\u1eb7c bi\u1ec7t l\u00e0 tr\u00ean c\u00e1c b\u0103ng mang l\u1edbn h\u01a1n.<\/p>\n<table class=\"all magic-7\" border=\"1\" width=\"647\" cellspacing=\"0\" cellpadding=\"5\">\n<tbody>\n<tr>\n<td colspan=\"1\">Model<\/td>\n<td colspan=\"1\">\n<div class=\"magic-11\">\n<div class=\"magic-9\" data-spm-anchor-id=\"0.0.0.i113.5cf54f05cJqlzt\">K\u00edch th\u01b0\u1edbc (m\u00e1y t\u00ednh)<\/div>\n<\/div>\n<\/td>\n<td colspan=\"1\">\n<div class=\"magic-12\">\n<div class=\"magic-9\" data-spm-anchor-id=\"0.0.0.i115.5cf54f05cJqlzt\">B\u01b0u ki\u1ec7n<\/div>\n<\/div>\n<\/td>\n<td rowspan=\"0\"><img loading=\"lazy\" class=\"aligncenter wp-image-2040 size-full\" src=\"https:\/\/www.kanghongjin.com\/wp-content\/uploads\/2023\/11\/5d7b9adcbe1c629ec72225.jpg\" sizes=\"(max-width: 129px) 100vw, 129px\" srcset=\"https:\/\/www.kanghongjin.com\/wp-content\/uploads\/2023\/11\/5d7b9adcbe1c629ec72225.jpg 129w, https:\/\/www.kanghongjin.com\/wp-content\/uploads\/2023\/11\/5d7b9adcbe1c629ec72225-50x50.jpg 50w\" alt=\"\" width=\"129\" height=\"132\" \/><\/td>\n<\/tr>\n<tr>\n<td colspan=\"1\">M0308 (8 mm)<\/td>\n<td colspan=\"1\">4.8mm x 45mm<\/td>\n<td colspan=\"1\">4000pcs \/ h\u1ed9p<\/td>\n<\/tr>\n<tr>\n<td colspan=\"1\">M0312 (12 mm)<\/td>\n<td colspan=\"1\">6mm x 45mm<\/td>\n<td colspan=\"1\">4000pcs \/ h\u1ed9p<\/td>\n<\/tr>\n<tr>\n<td colspan=\"1\">M0316 (16 mm)<\/td>\n<td colspan=\"1\">9.5mm x 45mm<\/td>\n<td colspan=\"1\">4000pcs \/ h\u1ed9p<\/td>\n<\/tr>\n<tr>\n<td colspan=\"1\">M0324 (24 mm)<\/td>\n<td colspan=\"1\">16mm x\u00a045mm<\/td>\n<td colspan=\"1\">2000pcs \/ h\u1ed9p<\/td>\n<\/tr>\n<\/tbody>\n<\/table>","protected":false},"excerpt":{"rendered":"<p><strong>Model:<\/strong> M03<\/p>\n<p><strong>Th\u01b0\u01a1ng hi\u1ec7u:<\/strong> KangHongJin<\/p>\n<p>&nbsp;<\/p>","protected":false},"featured_media":30690,"template":"","meta":[],"_links":{"self":[{"href":"http:\/\/handan.com.vn\/en\/wp-json\/wp\/v2\/product\/30687"}],"collection":[{"href":"http:\/\/handan.com.vn\/en\/wp-json\/wp\/v2\/product"}],"about":[{"href":"http:\/\/handan.com.vn\/en\/wp-json\/wp\/v2\/types\/product"}],"wp:featuredmedia":[{"embeddable":true,"href":"http:\/\/handan.com.vn\/en\/wp-json\/wp\/v2\/media\/30690"}],"wp:attachment":[{"href":"http:\/\/handan.com.vn\/en\/wp-json\/wp\/v2\/media?parent=30687"}],"curies":[{"name":"wp","href":"https:\/\/api.w.org\/{rel}","templated":true}]}}