{"id":30681,"date":"2025-02-28T14:01:20","date_gmt":"2025-02-28T07:01:20","guid":{"rendered":"http:\/\/handan.com.vn\/?post_type=product&#038;p=30681"},"modified":"2026-01-05T15:15:58","modified_gmt":"2026-01-05T08:15:58","slug":"bang-keo-noi-don-smt-metal-sense-3908mm-m8r","status":"publish","type":"product","link":"http:\/\/handan.com.vn\/en\/product\/bang-keo-noi-don-smt-metal-sense-3908mm-m8r\/","title":{"rendered":"B\u0103ng keo n\u1ed1i \u0111\u01a1n SMT KangHongJin Metal Sense 3908mm M8R"},"content":{"rendered":"<p><strong>M\u00d4 T\u1ea2<\/strong><\/p>\n<p>B\u0103ng keo n\u1ed1i d\u1ea1ng cu\u1ed9n M3308R \u0111\u01b0\u1ee3c s\u1eed d\u1ee5ng \u0111\u1ec3 gh\u00e9p c\u00e1c b\u0103ng keo mang trong quy tr\u00ecnh SMT, \u0111\u01b0\u1ee3c l\u00e0m t\u1eeb b\u0103ng keo, m\u00e0ng t\u00e1ch trong su\u1ed1t v\u00e0 PET c\u00f3 th\u1ec3 th\u00e1o r\u1eddi, v\u00e0 b\u0103ng keo \u0111\u01b0\u1ee3c l\u00e0m t\u1eeb v\u1eadt li\u1ec7u s\u00e1ng ch\u1ebf do ch\u00fang t\u00f4i s\u1ea3n xu\u1ea5t v\u1edbi \u0111\u1ed9 b\u00e1m d\u00ednh v\u01b0\u1ee3t tr\u1ed9i.<\/p>\n<table class=\"all magic-7\" border=\"1\" cellspacing=\"0\" cellpadding=\"5\">\n<tbody>\n<tr>\n<td style=\"text-align: center;\" colspan=\"1\">Model<\/td>\n<td colspan=\"1\">\n<div class=\"magic-11\">\n<div class=\"magic-9\" data-spm-anchor-id=\"0.0.0.i113.5cf54f05cJqlzt\">\u00a0 K\u00edch th\u01b0\u1edbc (m\u00e1y t\u00ednh)<\/div>\n<\/div>\n<\/td>\n<td>\u00a0 V\u1eadt ch\u1ea5t<\/td>\n<td colspan=\"1\">\n<div class=\"magic-12\">\n<div class=\"magic-9\" data-spm-anchor-id=\"0.0.0.i115.5cf54f05cJqlzt\">\u00a0 B\u01b0u ki\u1ec7n<\/div>\n<\/div>\n<\/td>\n<\/tr>\n<tr>\n<td colspan=\"1\">\u00a0 M3908B (8 mm)<\/td>\n<td colspan=\"1\">\u00a0 12.5mm x 32mm<\/td>\n<td>\u00a0 PET<\/td>\n<td colspan=\"1\">\u00a0 500pcs \/ h\u1ed9p<\/td>\n<\/tr>\n<\/tbody>\n<\/table>\n<p>&nbsp;<\/p>","protected":false},"excerpt":{"rendered":"<p>M\u00d4 T\u1ea2 B\u0103ng keo n\u1ed1i d\u1ea1ng cu\u1ed9n M3308R \u0111\u01b0\u1ee3c s\u1eed d\u1ee5ng \u0111\u1ec3 gh\u00e9p c\u00e1c b\u0103ng keo mang trong quy tr\u00ecnh SMT, \u0111\u01b0\u1ee3c l\u00e0m t\u1eeb b\u0103ng keo, m\u00e0ng t\u00e1ch trong su\u1ed1t v\u00e0 PET c\u00f3 th\u1ec3 th\u00e1o r\u1eddi, v\u00e0 b\u0103ng keo \u0111\u01b0\u1ee3c l\u00e0m t\u1eeb v\u1eadt li\u1ec7u s\u00e1ng ch\u1ebf do ch\u00fang t\u00f4i s\u1ea3n xu\u1ea5t v\u1edbi \u0111\u1ed9 b\u00e1m d\u00ednh [&#8230;]","protected":false},"featured_media":30686,"template":"","meta":[],"_links":{"self":[{"href":"http:\/\/handan.com.vn\/en\/wp-json\/wp\/v2\/product\/30681"}],"collection":[{"href":"http:\/\/handan.com.vn\/en\/wp-json\/wp\/v2\/product"}],"about":[{"href":"http:\/\/handan.com.vn\/en\/wp-json\/wp\/v2\/types\/product"}],"wp:featuredmedia":[{"embeddable":true,"href":"http:\/\/handan.com.vn\/en\/wp-json\/wp\/v2\/media\/30686"}],"wp:attachment":[{"href":"http:\/\/handan.com.vn\/en\/wp-json\/wp\/v2\/media?parent=30681"}],"curies":[{"name":"wp","href":"https:\/\/api.w.org\/{rel}","templated":true}]}}