{"id":30632,"date":"2024-12-26T15:35:30","date_gmt":"2024-12-26T08:35:30","guid":{"rendered":"https:\/\/handan.com.vn\/?post_type=product&#038;p=30632"},"modified":"2026-01-05T15:15:58","modified_gmt":"2026-01-05T08:15:58","slug":"thung-danpla-gai-day","status":"publish","type":"product","link":"http:\/\/handan.com.vn\/en\/product\/thung-danpla-gai-day\/","title":{"rendered":"Th\u00f9ng danpla g\u00e0i \u0111\u00e1y"},"content":{"rendered":"<h3>\u01afu \u0111i\u1ec3m:<\/h3>\n<ul>\n<li><strong>Nhi\u1ec1u ki\u1ec3u m\u1eabu m\u00e3 h\u01a1n th\u00f9ng g\u1eadp<\/strong>: Th\u00f9ng nh\u1ef1a n\u00e0y c\u00f3 nhi\u1ec1u ki\u1ec3u d\u00e1ng, m\u1eabu m\u00e3 \u0111a d\u1ea1ng, \u0111\u00e1p \u1ee9ng nhu c\u1ea7u s\u1eed d\u1ee5ng trong c\u00e1c ng\u00e0nh c\u00f4ng nghi\u1ec7p kh\u00e1c nhau.<\/li>\n<li><strong>Kh\u1ea3 n\u0103ng ch\u1ecbu t\u1ea3i l\u1edbn h\u01a1n th\u00f9ng g\u1eadp<\/strong>: Th\u00f9ng nh\u1ef1a c\u00f3 kh\u1ea3 n\u0103ng ch\u1ecbu t\u1ea3i cao nh\u1edd v\u00e0o thi\u1ebft k\u1ebf ch\u1eafc ch\u1eafn v\u00e0 c\u00e1c ph\u01b0\u01a1ng \u00e1n t\u0103ng c\u01b0\u1eddng, gi\u00fap b\u1ea3o v\u1ec7 h\u00e0ng h\u00f3a t\u1ed1t h\u01a1n trong qu\u00e1 tr\u00ecnh v\u1eadn chuy\u1ec3n v\u00e0 l\u01b0u tr\u1eef.<\/li>\n<li><strong>C\u00f3 th\u1ec3 ch\u1ea1y tr\u00ean b\u0103ng t\u1ea3i trong d\u00e2y chuy\u1ec1n s\u1ea3n xu\u1ea5t<\/strong>: S\u1ea3n ph\u1ea9m c\u00f3 th\u1ec3 d\u1ec5 d\u00e0ng t\u00edch h\u1ee3p v\u00e0o h\u1ec7 th\u1ed1ng b\u0103ng t\u1ea3i trong c\u00e1c d\u00e2y chuy\u1ec1n s\u1ea3n xu\u1ea5t, gi\u00fap t\u0103ng hi\u1ec7u qu\u1ea3 l\u00e0m vi\u1ec7c v\u00e0 t\u1ed1i \u01b0u h\u00f3a quy tr\u00ecnh s\u1ea3n xu\u1ea5t.<\/li>\n<\/ul>\n<h3>K\u00edch th\u01b0\u1edbc:<\/h3>\n<ul>\n<li><strong>D\u00e0i x R\u1ed9ng x Cao<\/strong>: T\u00f9y ch\u1ec9nh theo y\u00eau c\u1ea7u c\u1ee7a kh\u00e1ch h\u00e0ng.<\/li>\n<\/ul>\n<h3>M\u00e0u s\u1eafc:<\/h3>\n<ul>\n<li><strong>Theo y\u00eau c\u1ea7u<\/strong>: C\u00f3 th\u1ec3 s\u1ea3n xu\u1ea5t theo m\u00e0u s\u1eafc y\u00eau c\u1ea7u c\u1ee7a kh\u00e1ch h\u00e0ng.<\/li>\n<\/ul>\n<h3>\u0110\u1ed9 d\u00e0y:<\/h3>\n<ul>\n<li><strong>Theo y\u00eau c\u1ea7u<\/strong>: \u0110\u1ed9 d\u00e0y c\u1ee7a t\u1ea5m nh\u1ef1a c\u00f3 th\u1ec3 \u0111\u01b0\u1ee3c thay \u0111\u1ed5i t\u00f9y v\u00e0o nhu c\u1ea7u s\u1eed d\u1ee5ng c\u1ee7a t\u1eebng ng\u00e0nh c\u00f4ng nghi\u1ec7p.<\/li>\n<\/ul>\n<h3>\u0110\u1ecbnh l\u01b0\u1ee3ng nh\u1ef1a:<\/h3>\n<ul>\n<li><strong>Theo y\u00eau c\u1ea7u<\/strong>: \u0110\u1ecbnh l\u01b0\u1ee3ng nh\u1ef1a c\u00f3 th\u1ec3 \u0111\u01b0\u1ee3c \u0111i\u1ec1u ch\u1ec9nh \u0111\u1ec3 \u0111\u1ea3m b\u1ea3o s\u1ef1 b\u1ec1n b\u1ec9 v\u00e0 ch\u1ecbu t\u1ea3i t\u1ed1t cho th\u00f9ng.<\/li>\n<\/ul>\n<h3>Ph\u01b0\u01a1ng ph\u00e1p gh\u00e9p th\u00e2n th\u00f9ng:<\/h3>\n<ul>\n<li><strong>T\u00e1n \u0111inh \/ Ghim \/ H\u00e0n nhi\u1ec7t<\/strong>: C\u00e1c ph\u01b0\u01a1ng ph\u00e1p n\u00e0y \u0111\u01b0\u1ee3c s\u1eed d\u1ee5ng \u0111\u1ec3 gh\u00e9p c\u00e1c ph\u1ea7n c\u1ee7a th\u00f9ng nh\u1ef1a, t\u1ea1o \u0111\u1ed9 ch\u1eafc ch\u1eafn v\u00e0 b\u1ec1n v\u1eefng.<\/li>\n<\/ul>\n<h3>Tay c\u1ea7m:<\/h3>\n<ul>\n<li><strong>C\u00f3 th\u1ec3 c\u00f3 ho\u1eb7c kh\u00f4ng<\/strong>: Th\u00f9ng nh\u1ef1a c\u00f3 th\u1ec3 \u0111\u01b0\u1ee3c trang b\u1ecb tay c\u1ea7m, gi\u00fap d\u1ec5 d\u00e0ng c\u1ea7m n\u1eafm v\u00e0 di chuy\u1ec3n.\n<ul>\n<li><strong>Lo\u1ea1i tay c\u1ea7m<\/strong>: Tay c\u1ea7m li\u1ec1n ho\u1eb7c tay c\u1ea7m hoa.<\/li>\n<li><strong>M\u00e0u s\u1eafc<\/strong>: Tr\u1eafng ho\u1eb7c \u0110en.<\/li>\n<\/ul>\n<\/li>\n<\/ul>\n<h3>G\u00f3c c\u1ed1 \u0111\u1ecbnh:<\/h3>\n<ul>\n<li><strong>\u0110en\/Tr\u1eafng<\/strong>: C\u00e1c g\u00f3c c\u1ed1 \u0111\u1ecbnh c\u00f3 th\u1ec3 \u0111\u01b0\u1ee3c s\u1ea3n xu\u1ea5t v\u1edbi m\u00e0u \u0111en ho\u1eb7c tr\u1eafng, t\u00f9y theo y\u00eau c\u1ea7u c\u1ee7a kh\u00e1ch h\u00e0ng.<\/li>\n<\/ul>\n<h3>C\u1ed1 \u0111\u1ecbnh g\u00f3c v\u00e0o th\u00e2n th\u00f9ng:<\/h3>\n<ul>\n<li><strong>B\u1eafn v\u00edt\/\u0110inh t\u00e1n<\/strong>: Ph\u01b0\u01a1ng ph\u00e1p n\u00e0y \u0111\u01b0\u1ee3c s\u1eed d\u1ee5ng \u0111\u1ec3 c\u1ed1 \u0111\u1ecbnh g\u00f3c v\u00e0o th\u00e2n th\u00f9ng, \u0111\u1ea3m b\u1ea3o \u0111\u1ed9 ch\u1eafc ch\u1eafn v\u00e0 an to\u00e0n trong qu\u00e1 tr\u00ecnh s\u1eed d\u1ee5ng.<\/li>\n<\/ul>\n<h3>Thanh n\u1eb9p:<\/h3>\n<ul>\n<li><strong>\u0110en\/Tr\u1eafng<\/strong>: Thanh n\u1eb9p gi\u00fap t\u0103ng c\u01b0\u1eddng c\u1ea5u tr\u00fac c\u1ee7a th\u00f9ng, \u0111\u1ea3m b\u1ea3o th\u00f9ng c\u00f3 kh\u1ea3 n\u0103ng ch\u1ecbu t\u1ea3i t\u1ed1t h\u01a1n. C\u00f3 th\u1ec3 l\u1ef1a ch\u1ecdn m\u00e0u \u0111en ho\u1eb7c tr\u1eafng t\u00f9y theo nhu c\u1ea7u.<\/li>\n<\/ul>\n<h3>T\u00fai c\u00e0i tem:<\/h3>\n<ul>\n<li><strong>Ch\u1ea5t li\u1ec7u PVC trong<\/strong>: S\u1eed d\u1ee5ng t\u00fai PVC trong \u0111\u1ec3 \u0111\u1ef1ng tem, nh\u00e3n ho\u1eb7c c\u00e1c th\u00f4ng tin quan tr\u1ecdng c\u1ee7a s\u1ea3n ph\u1ea9m.<\/li>\n<\/ul>\n<h3>In \u1ea5n:<\/h3>\n<ul>\n<li><strong>Theo y\u00eau c\u1ea7u<\/strong>: C\u00f3 th\u1ec3 in logo, th\u00f4ng tin s\u1ea3n ph\u1ea9m ho\u1eb7c thi\u1ebft k\u1ebf t\u00f9y ch\u1ec9nh theo y\u00eau c\u1ea7u c\u1ee7a kh\u00e1ch h\u00e0ng, gi\u00fap nh\u1eadn di\u1ec7n th\u01b0\u01a1ng hi\u1ec7u v\u00e0 cung c\u1ea5p th\u00f4ng tin s\u1ea3n ph\u1ea9m d\u1ec5 d\u00e0ng.<\/li>\n<\/ul>","protected":false},"excerpt":{"rendered":"<p>\u01afu \u0111i\u1ec3m: Nhi\u1ec1u ki\u1ec3u m\u1eabu m\u00e3 h\u01a1n th\u00f9ng g\u1eadp: Th\u00f9ng nh\u1ef1a n\u00e0y c\u00f3 nhi\u1ec1u ki\u1ec3u d\u00e1ng, m\u1eabu m\u00e3 \u0111a d\u1ea1ng, \u0111\u00e1p \u1ee9ng nhu c\u1ea7u s\u1eed d\u1ee5ng trong c\u00e1c ng\u00e0nh c\u00f4ng nghi\u1ec7p kh\u00e1c nhau. Kh\u1ea3 n\u0103ng ch\u1ecbu t\u1ea3i l\u1edbn h\u01a1n th\u00f9ng g\u1eadp: Th\u00f9ng nh\u1ef1a c\u00f3 kh\u1ea3 n\u0103ng ch\u1ecbu t\u1ea3i cao nh\u1edd v\u00e0o thi\u1ebft k\u1ebf ch\u1eafc ch\u1eafn [&#8230;]","protected":false},"featured_media":30636,"template":"","meta":[],"_links":{"self":[{"href":"http:\/\/handan.com.vn\/en\/wp-json\/wp\/v2\/product\/30632"}],"collection":[{"href":"http:\/\/handan.com.vn\/en\/wp-json\/wp\/v2\/product"}],"about":[{"href":"http:\/\/handan.com.vn\/en\/wp-json\/wp\/v2\/types\/product"}],"wp:featuredmedia":[{"embeddable":true,"href":"http:\/\/handan.com.vn\/en\/wp-json\/wp\/v2\/media\/30636"}],"wp:attachment":[{"href":"http:\/\/handan.com.vn\/en\/wp-json\/wp\/v2\/media?parent=30632"}],"curies":[{"name":"wp","href":"https:\/\/api.w.org\/{rel}","templated":true}]}}