{"id":30628,"date":"2024-12-26T11:55:10","date_gmt":"2024-12-26T04:55:10","guid":{"rendered":"https:\/\/handan.com.vn\/?post_type=product&#038;p=30628"},"modified":"2026-01-05T15:15:59","modified_gmt":"2026-01-05T08:15:59","slug":"thung-danpla-doi-khau","status":"publish","type":"product","link":"http:\/\/handan.com.vn\/en\/product\/thung-danpla-doi-khau\/","title":{"rendered":"Th\u00f9ng danpla \u0111\u1ed1i kh\u1ea9u"},"content":{"rendered":"<h3>\u01afu \u0111i\u1ec3m:<\/h3>\n<ul>\n<li><strong>Ti\u1ebft ki\u1ec7m di\u1ec7n t\u00edch nh\u00e0 kho<\/strong>: Thi\u1ebft k\u1ebf g\u1ecdn nh\u1eb9, c\u00f3 th\u1ec3 x\u1ebfp ch\u1ed3ng l\u00ean nhau gi\u00fap ti\u1ebft ki\u1ec7m kh\u00f4ng gian l\u01b0u tr\u1eef trong kho.<\/li>\n<li><strong>D\u1ec5 thao t\u00e1c<\/strong>: T\u1ea5m nh\u1ef1a d\u1ec5 d\u00e0ng thao t\u00e1c, g\u1ea5p, u\u1ed1n ho\u1eb7c l\u1eafp r\u00e1p, gi\u00fap vi\u1ec7c s\u1eed d\u1ee5ng v\u00e0 v\u1eadn chuy\u1ec3n tr\u1edf n\u00ean \u0111\u01a1n gi\u1ea3n v\u00e0 thu\u1eadn ti\u1ec7n.<\/li>\n<li><strong>T\u1ed1i \u01b0u chi ph\u00ed v\u1eadn chuy\u1ec3n khi thu h\u1ed3i<\/strong>: C\u00e1c t\u1ea5m nh\u1ef1a c\u00f3 th\u1ec3 thu g\u1ecdn v\u00e0 t\u00e1i s\u1eed d\u1ee5ng nhi\u1ec1u l\u1ea7n, gi\u00fap gi\u1ea3m chi ph\u00ed v\u1eadn chuy\u1ec3n v\u00e0 ti\u1ebft ki\u1ec7m chi ph\u00ed l\u00e2u d\u00e0i.<\/li>\n<\/ul>\n<h3>K\u00edch th\u01b0\u1edbc:<\/h3>\n<ul>\n<li><strong>D\u00e0i x R\u1ed9ng x Cao<\/strong>: C\u00f3 th\u1ec3 t\u00f9y ch\u1ec9nh theo y\u00eau c\u1ea7u c\u1ee7a kh\u00e1ch h\u00e0ng.<\/li>\n<\/ul>\n<h3>M\u00e0u s\u1eafc:<\/h3>\n<ul>\n<li><strong>Theo y\u00eau c\u1ea7u<\/strong>: S\u1ea3n ph\u1ea9m c\u00f3 th\u1ec3 \u0111\u01b0\u1ee3c s\u1ea3n xu\u1ea5t v\u1edbi m\u00e0u s\u1eafc theo y\u00eau c\u1ea7u c\u1ee7a kh\u00e1ch h\u00e0ng.<\/li>\n<\/ul>\n<h3>\u0110\u1ed9 d\u00e0y:<\/h3>\n<ul>\n<li><strong>Theo y\u00eau c\u1ea7u<\/strong>: \u0110\u1ed9 d\u00e0y c\u1ee7a t\u1ea5m nh\u1ef1a c\u00f3 th\u1ec3 thay \u0111\u1ed5i t\u00f9y theo nhu c\u1ea7u s\u1eed d\u1ee5ng.<\/li>\n<\/ul>\n<h3>\u0110\u1ecbnh l\u01b0\u1ee3ng nh\u1ef1a:<\/h3>\n<ul>\n<li><strong>Theo y\u00eau c\u1ea7u<\/strong>: \u0110\u1ecbnh l\u01b0\u1ee3ng nh\u1ef1a \u0111\u01b0\u1ee3c \u0111i\u1ec1u ch\u1ec9nh theo y\u00eau c\u1ea7u c\u1ee7a t\u1eebng \u1ee9ng d\u1ee5ng.<\/li>\n<\/ul>\n<h3>Ph\u01b0\u01a1ng ph\u00e1p gh\u00e9p th\u00e2n th\u00f9ng:<\/h3>\n<ul>\n<li><strong>T\u00e1n \u0111inh \/ Ghim \/ H\u00e0n nhi\u1ec7t<\/strong>: C\u00e1c ph\u01b0\u01a1ng ph\u00e1p n\u00e0y gi\u00fap gh\u00e9p c\u00e1c ph\u1ea7n c\u1ee7a th\u00f9ng m\u1ed9t c\u00e1ch ch\u1eafc ch\u1eafn v\u00e0 b\u1ec1n v\u1eefng.<\/li>\n<\/ul>\n<h3>\u0110\u00f3ng n\u1eafp \/ \u0110\u00e1y th\u00f9ng:<\/h3>\n<ul>\n<li><strong>B\u0103ng d\u00ednh ho\u1eb7c nh\u00e1m<\/strong>: C\u00e1c lo\u1ea1i b\u0103ng d\u00ednh ho\u1eb7c ph\u01b0\u01a1ng ph\u00e1p nh\u00e1m c\u00f3 th\u1ec3 \u0111\u01b0\u1ee3c s\u1eed d\u1ee5ng \u0111\u1ec3 \u0111\u00f3ng n\u1eafp ho\u1eb7c \u0111\u00e1y th\u00f9ng, \u0111\u1ea3m b\u1ea3o s\u1ef1 ch\u1eafc ch\u1eafn trong qu\u00e1 tr\u00ecnh s\u1eed d\u1ee5ng.<\/li>\n<\/ul>\n<h3>Tay c\u1ea7m:<\/h3>\n<ul>\n<li><strong>C\u00f3 th\u1ec3 c\u00f3 ho\u1eb7c kh\u00f4ng<\/strong>: T\u00f9y ch\u1ecdn tay c\u1ea7m cho th\u00f9ng nh\u1ef1a, gi\u00fap ng\u01b0\u1eddi s\u1eed d\u1ee5ng d\u1ec5 d\u00e0ng c\u1ea7m n\u1eafm v\u00e0 di chuy\u1ec3n.\n<ul>\n<li><strong>Lo\u1ea1i tay c\u1ea7m<\/strong>: Tay c\u1ea7m li\u1ec1n ho\u1eb7c tay c\u1ea7m hoa.<\/li>\n<li><strong>M\u00e0u s\u1eafc<\/strong>: Tr\u1eafng ho\u1eb7c \u0110en.<\/li>\n<\/ul>\n<\/li>\n<\/ul>\n<h3>T\u00fai c\u00e0i tem:<\/h3>\n<ul>\n<li><strong>Ch\u1ea5t li\u1ec7u PVC trong<\/strong>: D\u00f9ng \u0111\u1ec3 \u0111\u1ef1ng tem, nh\u00e3n ho\u1eb7c c\u00e1c th\u00f4ng tin quan tr\u1ecdng tr\u00ean th\u00f9ng.<\/li>\n<\/ul>\n<h3>In \u1ea5n:<\/h3>\n<ul>\n<li><strong>Theo y\u00eau c\u1ea7u<\/strong>: C\u00f3 th\u1ec3 in logo, th\u00f4ng tin s\u1ea3n ph\u1ea9m ho\u1eb7c thi\u1ebft k\u1ebf t\u00f9y ch\u1ec9nh theo y\u00eau c\u1ea7u c\u1ee7a kh\u00e1ch h\u00e0ng.<\/li>\n<\/ul>\n<h3>B\u0103ng d\u00ednh ch\u1ed1ng r\u00e1ch d\u00e1n g\u00f3c:<\/h3>\n<ul>\n<li><strong>Theo y\u00eau c\u1ea7u<\/strong>: S\u1ea3n ph\u1ea9m c\u00f3 th\u1ec3 \u0111\u01b0\u1ee3c trang b\u1ecb b\u0103ng d\u00ednh ch\u1ed1ng r\u00e1ch \u1edf c\u00e1c g\u00f3c th\u00f9ng \u0111\u1ec3 b\u1ea3o v\u1ec7 th\u00f9ng kh\u1ecfi s\u1ef1 h\u01b0 h\u1ecfng trong qu\u00e1 tr\u00ecnh v\u1eadn chuy\u1ec3n.<\/li>\n<\/ul>","protected":false},"excerpt":{"rendered":"<p>\u01afu \u0111i\u1ec3m: Ti\u1ebft ki\u1ec7m di\u1ec7n t\u00edch nh\u00e0 kho: Thi\u1ebft k\u1ebf g\u1ecdn nh\u1eb9, c\u00f3 th\u1ec3 x\u1ebfp ch\u1ed3ng l\u00ean nhau gi\u00fap ti\u1ebft ki\u1ec7m kh\u00f4ng gian l\u01b0u tr\u1eef trong kho. D\u1ec5 thao t\u00e1c: T\u1ea5m nh\u1ef1a d\u1ec5 d\u00e0ng thao t\u00e1c, g\u1ea5p, u\u1ed1n ho\u1eb7c l\u1eafp r\u00e1p, gi\u00fap vi\u1ec7c s\u1eed d\u1ee5ng v\u00e0 v\u1eadn chuy\u1ec3n tr\u1edf n\u00ean \u0111\u01a1n gi\u1ea3n v\u00e0 thu\u1eadn ti\u1ec7n. [&#8230;]","protected":false},"featured_media":30629,"template":"","meta":[],"_links":{"self":[{"href":"http:\/\/handan.com.vn\/en\/wp-json\/wp\/v2\/product\/30628"}],"collection":[{"href":"http:\/\/handan.com.vn\/en\/wp-json\/wp\/v2\/product"}],"about":[{"href":"http:\/\/handan.com.vn\/en\/wp-json\/wp\/v2\/types\/product"}],"wp:featuredmedia":[{"embeddable":true,"href":"http:\/\/handan.com.vn\/en\/wp-json\/wp\/v2\/media\/30629"}],"wp:attachment":[{"href":"http:\/\/handan.com.vn\/en\/wp-json\/wp\/v2\/media?parent=30628"}],"curies":[{"name":"wp","href":"https:\/\/api.w.org\/{rel}","templated":true}]}}