{"id":30625,"date":"2024-12-26T11:47:42","date_gmt":"2024-12-26T04:47:42","guid":{"rendered":"https:\/\/handan.com.vn\/?post_type=product&#038;p=30625"},"modified":"2026-01-05T15:15:59","modified_gmt":"2026-01-05T08:15:59","slug":"tam-danpla-chong-tinh-dien-pp","status":"publish","type":"product","link":"http:\/\/handan.com.vn\/en\/product\/tam-danpla-chong-tinh-dien-pp\/","title":{"rendered":"T\u1ea5m danpla ch\u1ed1ng t\u0129nh \u0111i\u1ec7n ESD  (PP)"},"content":{"rendered":"<p>T\u1ea5m Danpla ch\u1ed1ng t\u0129nh \u0111i\u1ec7n (PP) l\u00e0 m\u1ed9t s\u1ea3n ph\u1ea9m \u0111\u1eb7c bi\u1ec7t, \u0111\u01b0\u1ee3c ch\u1ebf t\u1ea1o t\u1eeb nh\u1ef1a Polypropylene (PP) k\u1ebft h\u1ee3p v\u1edbi c\u00e1c h\u1ee3p ch\u1ea5t ch\u1ed1ng t\u0129nh \u0111i\u1ec7n, gi\u00fap h\u1ea1n ch\u1ebf s\u1ef1 t\u00edch t\u1ee5 v\u00e0 ph\u00e1t t\u00e1n \u0111i\u1ec7n t\u00edch. Nh\u1edd \u0111\u1eb7c t\u00ednh n\u00e0y, t\u1ea5m Danpla ch\u1ed1ng t\u0129nh \u0111i\u1ec7n PP th\u01b0\u1eddng \u0111\u01b0\u1ee3c s\u1eed d\u1ee5ng trong c\u00e1c ng\u00e0nh c\u00f4ng nghi\u1ec7p \u0111\u00f2i h\u1ecfi ki\u1ec3m so\u00e1t nghi\u00eam ng\u1eb7t v\u1ec1 t\u0129nh \u0111i\u1ec7n, nh\u01b0 s\u1ea3n xu\u1ea5t linh ki\u1ec7n \u0111i\u1ec7n t\u1eed, ph\u00f2ng s\u1ea1ch (cleanroom), ng\u00e0nh y t\u1ebf, v\u00e0 nhi\u1ec1u l\u0129nh v\u1ef1c kh\u00e1c li\u00ean quan \u0111\u1ebfn b\u1ea3o v\u1ec7 thi\u1ebft b\u1ecb nh\u1ea1y c\u1ea3m kh\u1ecfi t\u00e1c \u0111\u1ed9ng c\u1ee7a t\u0129nh \u0111i\u1ec7n.<\/p>\n<h3>C\u1ea5u t\u1ea1o v\u00e0 nguy\u00ean l\u00fd ho\u1ea1t \u0111\u1ed9ng:<\/h3>\n<p>T\u1ea5m Danpla ch\u1ed1ng t\u0129nh \u0111i\u1ec7n (PP) \u0111\u01b0\u1ee3c s\u1ea3n xu\u1ea5t t\u1eeb nh\u1ef1a Polypropylene Copolymer, c\u00f3 k\u1ebft c\u1ea5u \u0111\u1eb7c bi\u1ec7t v\u00e0 c\u00f3 th\u1ec3 t\u1ea1o ra c\u00e1c d\u00f2ng \u0111i\u1ec7n ti\u1ebfp x\u00fac, gi\u00fap ph\u00e2n t\u00e1n ho\u1eb7c trung h\u00f2a \u0111i\u1ec7n t\u00edch d\u01b0 th\u1eeba. C\u00e1c t\u1ea5m n\u00e0y \u0111\u01b0\u1ee3c b\u1ed5 sung c\u00e1c ph\u1ee5 gia ch\u1ed1ng t\u0129nh \u0111i\u1ec7n \u0111\u1ec3 \u0111\u1ea3m b\u1ea3o kh\u1ea3 n\u0103ng ki\u1ec3m so\u00e1t \u0111i\u1ec7n t\u00edch trong su\u1ed1t qu\u00e1 tr\u00ecnh s\u1eed d\u1ee5ng. Nh\u1edd v\u1eady, t\u1ea5m Danpla gi\u00fap b\u1ea3o v\u1ec7 c\u00e1c thi\u1ebft b\u1ecb \u0111i\u1ec7n t\u1eed, linh ki\u1ec7n nh\u1ea1y c\u1ea3m kh\u1ecfi s\u1ef1 t\u00e1c \u0111\u1ed9ng c\u00f3 th\u1ec3 l\u00e0m h\u1ecfng m\u1ea1ch \u0111i\u1ec7n ho\u1eb7c gi\u1ea3m hi\u1ec7u su\u1ea5t c\u1ee7a thi\u1ebft b\u1ecb.<\/p>\n<h3>\u0110\u1ed9 t\u0129nh \u0111i\u1ec7n v\u00e0 kh\u1ea3 n\u0103ng ch\u1ed1ng t\u0129nh \u0111i\u1ec7n:<\/h3>\n<ul>\n<li><strong>\u0110i\u1ec7n tr\u1edf b\u1ec1 m\u1eb7t<\/strong> c\u1ee7a t\u1ea5m Danpla ch\u1ed1ng t\u0129nh \u0111i\u1ec7n th\u01b0\u1eddng n\u1eb1m trong kho\u1ea3ng <strong>10^6 \u0111\u1ebfn 10^12 ohms\/sq<\/strong> (ohm tr\u00ean m\u1ed7i \u0111\u01a1n v\u1ecb di\u1ec7n t\u00edch).<\/li>\n<li>\u0110\u1ed1i v\u1edbi c\u00e1c t\u1ea5m nh\u1ef1a ch\u1ed1ng t\u0129nh \u0111i\u1ec7n c\u00f3 t\u00ednh n\u0103ng ki\u1ec3m so\u00e1t t\u0129nh \u0111i\u1ec7n t\u1ed1t, \u0111i\u1ec7n tr\u1edf b\u1ec1 m\u1eb7t c\u1ee7a ch\u00fang c\u00f3 th\u1ec3 dao \u0111\u1ed9ng trong kho\u1ea3ng <strong>10^6 \u0111\u1ebfn 10^9 ohms\/sq<\/strong>, l\u00e0 m\u1ee9c v\u1eeba \u0111\u1ee7 \u0111\u1ec3 trung h\u00f2a t\u0129nh \u0111i\u1ec7n trong m\u00f4i tr\u01b0\u1eddng s\u1ea3n xu\u1ea5t v\u00e0 b\u1ea3o v\u1ec7 c\u00e1c thi\u1ebft b\u1ecb nh\u1ea1y c\u1ea3m kh\u1ecfi s\u1ef1 t\u00edch t\u1ee5 \u0111i\u1ec7n t\u00edch.<\/li>\n<\/ul>\n<h3>\u0110\u1eb7c \u0111i\u1ec3m n\u1ed5i b\u1eadt:<\/h3>\n<ol>\n<li><strong>Kh\u1ea3 n\u0103ng ch\u1ed1ng t\u0129nh \u0111i\u1ec7n<\/strong>: T\u1ea5m Danpla c\u00f3 th\u1ec3 h\u1ea5p th\u1ee5 ho\u1eb7c truy\u1ec1n t\u1ea3i \u0111i\u1ec7n t\u00edch d\u01b0 th\u1eeba, ng\u0103n ng\u1eeba s\u1ef1 h\u00ecnh th\u00e0nh t\u0129nh \u0111i\u1ec7n trong c\u00e1c m\u00f4i tr\u01b0\u1eddng nh\u1ea1y c\u1ea3m nh\u01b0 c\u00e1c ph\u00f2ng th\u00ed nghi\u1ec7m, nh\u00e0 m\u00e1y s\u1ea3n xu\u1ea5t linh ki\u1ec7n \u0111i\u1ec7n t\u1eed, v.v.<\/li>\n<li><strong>Ch\u1ed1ng th\u1ea5m, ch\u1ed1ng \u1ea9m<\/strong>: S\u1ea3n ph\u1ea9m c\u00f3 t\u00ednh n\u0103ng ch\u1ed1ng th\u1ea5m n\u01b0\u1edbc, b\u1ea3o v\u1ec7 s\u1ea3n ph\u1ea9m kh\u1ecfi t\u00e1c \u0111\u1ed9ng c\u1ee7a \u0111\u1ed9 \u1ea9m v\u00e0 c\u00e1c ch\u1ea5t l\u1ecfng c\u00f3 th\u1ec3 l\u00e0m h\u1ecfng thi\u1ebft b\u1ecb ho\u1eb7c v\u1eadt li\u1ec7u b\u00ean trong.<\/li>\n<li><strong>Kh\u1ea3 n\u0103ng t\u00e1i s\u1eed d\u1ee5ng<\/strong>: T\u1ea5m Danpla PP c\u00f3 th\u1ec3 t\u00e1i s\u1eed d\u1ee5ng nhi\u1ec1u l\u1ea7n m\u00e0 kh\u00f4ng l\u00e0m gi\u1ea3m hi\u1ec7u qu\u1ea3. \u0110i\u1ec1u n\u00e0y l\u00e0m cho ch\u00fang tr\u1edf th\u00e0nh l\u1ef1a ch\u1ecdn ti\u1ebft ki\u1ec7m chi ph\u00ed cho c\u00e1c doanh nghi\u1ec7p trong d\u00e0i h\u1ea1n.<\/li>\n<li><strong>\u0110\u1ed9 b\u1ec1n cao<\/strong>: Ch\u1ea5t li\u1ec7u Polypropylene c\u00f3 \u0111\u1ed9 b\u1ec1n c\u01a1 h\u1ecdc r\u1ea5t t\u1ed1t, ch\u1ed1ng va \u0111\u1eadp v\u00e0 ch\u1ecbu \u0111\u01b0\u1ee3c m\u00f4i tr\u01b0\u1eddng l\u00e0m vi\u1ec7c kh\u1eafc nghi\u1ec7t. T\u1ea5m Danpla c\u00f3 th\u1ec3 s\u1eed d\u1ee5ng trong th\u1eddi gian d\u00e0i m\u00e0 kh\u00f4ng b\u1ecb bi\u1ebfn d\u1ea1ng hay h\u01b0 h\u1ecfng.<\/li>\n<li><strong>D\u1ec5 d\u00e0ng gia c\u00f4ng v\u00e0 linh ho\u1ea1t<\/strong>: T\u1ea5m Danpla ch\u1ed1ng t\u0129nh \u0111i\u1ec7n c\u00f3 th\u1ec3 \u0111\u01b0\u1ee3c c\u1eaft, g\u1ea5p ho\u1eb7c u\u1ed1n th\u00e0nh nhi\u1ec1u h\u00ecnh d\u1ea1ng v\u00e0 k\u00edch th\u01b0\u1edbc kh\u00e1c nhau \u0111\u1ec3 ph\u00f9 h\u1ee3p v\u1edbi nhu c\u1ea7u c\u1ee7a t\u1eebng \u1ee9ng d\u1ee5ng c\u1ee5 th\u1ec3.<\/li>\n<li><strong>Eco - friendly<\/strong>: Polypropylene l\u00e0 m\u1ed9t lo\u1ea1i nh\u1ef1a c\u00f3 th\u1ec3 t\u00e1i ch\u1ebf, gi\u00fap gi\u1ea3m thi\u1ec3u t\u00e1c \u0111\u1ed9ng \u0111\u1ebfn m\u00f4i tr\u01b0\u1eddng v\u00e0 b\u1ea3o v\u1ec7 s\u1ee9c kh\u1ecfe ng\u01b0\u1eddi s\u1eed d\u1ee5ng.<\/li>\n<li><strong>M\u00e0u s\u1eafc \u0111a d\u1ea1ng<\/strong>: T\u1ea5m Danpla ch\u1ed1ng t\u0129nh \u0111i\u1ec7n c\u00f3 s\u1eb5n trong nhi\u1ec1u m\u00e0u s\u1eafc, t\u1eeb tr\u1eafng trong, \u0111en, xanh \u0111\u1ebfn c\u00e1c m\u00e0u kh\u00e1c, gi\u00fap d\u1ec5 d\u00e0ng ph\u00e2n lo\u1ea1i v\u00e0 nh\u1eadn di\u1ec7n s\u1ea3n ph\u1ea9m trong qu\u00e1 tr\u00ecnh s\u1eed d\u1ee5ng v\u00e0 l\u01b0u tr\u1eef.<\/li>\n<\/ol>\n<h3>C\u00e1c \u1ee9ng d\u1ee5ng ph\u1ed5 bi\u1ebfn:<\/h3>\n<ol>\n<li><strong>Ng\u00e0nh c\u00f4ng nghi\u1ec7p \u0111i\u1ec7n t\u1eed<\/strong>: T\u1ea5m Danpla ch\u1ed1ng t\u0129nh \u0111i\u1ec7n PP \u0111\u01b0\u1ee3c s\u1eed d\u1ee5ng \u0111\u1ec3 \u0111\u00f3ng g\u00f3i v\u00e0 b\u1ea3o v\u1ec7 c\u00e1c linh ki\u1ec7n \u0111i\u1ec7n t\u1eed, m\u1ea1ch vi x\u1eed l\u00fd, b\u1ea3ng m\u1ea1ch in, v\u00e0 c\u00e1c s\u1ea3n ph\u1ea9m nh\u1ea1y c\u1ea3m kh\u00e1c kh\u1ecfi h\u01b0 h\u1ea1i do t\u0129nh \u0111i\u1ec7n. Nh\u1eefng s\u1ea3n ph\u1ea9m n\u00e0y r\u1ea5t d\u1ec5 b\u1ecb h\u01b0 h\u1ecfng khi ti\u1ebfp x\u00fac v\u1edbi t\u0129nh \u0111i\u1ec7n, v\u00ec v\u1eady vi\u1ec7c s\u1eed d\u1ee5ng t\u1ea5m Danpla l\u00e0 m\u1ed9t gi\u1ea3i ph\u00e1p hi\u1ec7u qu\u1ea3 trong vi\u1ec7c b\u1ea3o v\u1ec7.<\/li>\n<li><strong>Ph\u00f2ng s\u1ea1ch (cleanroom)<\/strong>: T\u1ea5m Danpla ch\u1ed1ng t\u0129nh \u0111i\u1ec7n r\u1ea5t l\u00fd t\u01b0\u1edfng \u0111\u1ec3 s\u1eed d\u1ee5ng trong c\u00e1c ph\u00f2ng s\u1ea1ch, n\u01a1i y\u00eau c\u1ea7u m\u00f4i tr\u01b0\u1eddng kh\u00e9p k\u00edn v\u1edbi ki\u1ec3m so\u00e1t t\u0129nh \u0111i\u1ec7n nghi\u00eam ng\u1eb7t. C\u00e1c \u1ee9ng d\u1ee5ng trong ng\u00e0nh d\u01b0\u1ee3c ph\u1ea9m, vi sinh, v\u00e0 c\u00e1c ph\u00f2ng th\u00ed nghi\u1ec7m c\u0169ng c\u00f3 th\u1ec3 t\u1eadn d\u1ee5ng s\u1ea3n ph\u1ea9m n\u00e0y \u0111\u1ec3 gi\u1eef m\u00f4i tr\u01b0\u1eddng l\u00e0m vi\u1ec7c lu\u00f4n s\u1ea1ch s\u1ebd v\u00e0 an to\u00e0n.<\/li>\n<li><strong>Ng\u00e0nh y t\u1ebf<\/strong>: T\u1ea5m Danpla c\u00f3 th\u1ec3 \u0111\u01b0\u1ee3c d\u00f9ng \u0111\u1ec3 \u0111\u00f3ng g\u00f3i c\u00e1c thi\u1ebft b\u1ecb y t\u1ebf, d\u1ee5ng c\u1ee5 ph\u1eabu thu\u1eadt ho\u1eb7c c\u00e1c v\u1eadt li\u1ec7u sinh h\u1ecdc c\u1ea7n \u0111\u01b0\u1ee3c b\u1ea3o v\u1ec7 kh\u1ecfi s\u1ef1 nhi\u1ec5m b\u1ea9n v\u00e0 t\u00e1c \u0111\u1ed9ng c\u1ee7a t\u0129nh \u0111i\u1ec7n. Ngo\u00e0i ra, c\u00e1c s\u1ea3n ph\u1ea9m n\u00e0y c\u0169ng c\u00f3 th\u1ec3 \u0111\u01b0\u1ee3c s\u1eed d\u1ee5ng trong c\u00e1c kho ch\u1ee9a d\u1ee5ng c\u1ee5 y t\u1ebf ho\u1eb7c trong quy tr\u00ecnh s\u1ea3n xu\u1ea5t thi\u1ebft b\u1ecb y t\u1ebf.<\/li>\n<li><strong>L\u01b0u tr\u1eef v\u00e0 v\u1eadn chuy\u1ec3n<\/strong>: T\u1ea5m Danpla ch\u1ed1ng t\u0129nh \u0111i\u1ec7n c\u00f2n \u0111\u01b0\u1ee3c s\u1eed d\u1ee5ng trong vi\u1ec7c \u0111\u00f3ng g\u00f3i v\u00e0 v\u1eadn chuy\u1ec3n c\u00e1c thi\u1ebft b\u1ecb, linh ki\u1ec7n, s\u1ea3n ph\u1ea9m \u0111i\u1ec7n t\u1eed ho\u1eb7c v\u1eadt li\u1ec7u nh\u1ea1y c\u1ea3m kh\u00e1c. T\u1ea5m n\u00e0y gi\u00fap b\u1ea3o v\u1ec7 c\u00e1c s\u1ea3n ph\u1ea9m kh\u1ecfi b\u1ee5i b\u1ea9n, \u0111\u1ed9 \u1ea9m v\u00e0 c\u00e1c y\u1ebfu t\u1ed1 g\u00e2y h\u01b0 h\u1ecfng.<\/li>\n<\/ol>\n<h3>L\u1ee3i \u00edch khi s\u1eed d\u1ee5ng T\u1ea5m Danpla ch\u1ed1ng t\u0129nh \u0111i\u1ec7n (PP):<\/h3>\n<ul>\n<li><strong>B\u1ea3o v\u1ec7 linh ki\u1ec7n<\/strong>: Ng\u0103n ng\u1eeba s\u1ef1 t\u00edch t\u1ee5 v\u00e0 ph\u00e1t t\u00e1n t\u0129nh \u0111i\u1ec7n, b\u1ea3o v\u1ec7 c\u00e1c linh ki\u1ec7n \u0111i\u1ec7n t\u1eed v\u00e0 thi\u1ebft b\u1ecb kh\u1ecfi c\u00e1c h\u01b0 h\u1ecfng.<\/li>\n<li><strong>Ti\u1ebft ki\u1ec7m chi ph\u00ed<\/strong>: V\u1edbi kh\u1ea3 n\u0103ng t\u00e1i s\u1eed d\u1ee5ng nhi\u1ec1u l\u1ea7n, t\u1ea5m Danpla gi\u00fap gi\u1ea3m thi\u1ec3u chi ph\u00ed \u0111\u00f3ng g\u00f3i v\u00e0 b\u1ea3o v\u1ec7 s\u1ea3n ph\u1ea9m.<\/li>\n<li><strong>\u0110\u1ea3m b\u1ea3o ch\u1ea5t l\u01b0\u1ee3ng s\u1ea3n ph\u1ea9m<\/strong>: T\u1ea5m Danpla gi\u00fap gi\u1eef cho c\u00e1c s\u1ea3n ph\u1ea9m \u0111i\u1ec7n t\u1eed, y t\u1ebf ho\u1eb7c c\u00e1c v\u1eadt li\u1ec7u nh\u1ea1y c\u1ea3m lu\u00f4n \u1edf tr\u1ea1ng th\u00e1i t\u1ed1t nh\u1ea5t, kh\u00f4ng b\u1ecb t\u00e1c \u0111\u1ed9ng b\u1edfi c\u00e1c y\u1ebfu t\u1ed1 b\u00ean ngo\u00e0i.<\/li>\n<li><strong>Ti\u1ec7n l\u1ee3i v\u00e0 d\u1ec5 s\u1eed d\u1ee5ng<\/strong>: D\u1ec5 d\u00e0ng v\u1eadn chuy\u1ec3n, x\u1ebfp ch\u1ed3ng, b\u1ea3o qu\u1ea3n v\u00e0 t\u00e1i s\u1eed d\u1ee5ng, ti\u1ebft ki\u1ec7m kh\u00f4ng gian l\u01b0u tr\u1eef.<\/li>\n<\/ul>\n<p><em><strong>B\u00ean c\u00f4ng ty ch\u00fang t\u00f4i l\u00e0m \u0111\u01b0\u1ee3c theo k\u00edch th\u01b0\u1edbc y\u00eau c\u1ea7u c\u1ee7a b\u1ea1n.<\/strong><\/em><\/p>","protected":false},"excerpt":{"rendered":"<p>T\u1ea5m Danpla ch\u1ed1ng t\u0129nh \u0111i\u1ec7n (PP) l\u00e0 m\u1ed9t s\u1ea3n ph\u1ea9m \u0111\u1eb7c bi\u1ec7t, \u0111\u01b0\u1ee3c ch\u1ebf t\u1ea1o t\u1eeb nh\u1ef1a Polypropylene (PP) k\u1ebft h\u1ee3p v\u1edbi c\u00e1c h\u1ee3p ch\u1ea5t ch\u1ed1ng t\u0129nh \u0111i\u1ec7n, gi\u00fap h\u1ea1n ch\u1ebf s\u1ef1 t\u00edch t\u1ee5 v\u00e0 ph\u00e1t t\u00e1n \u0111i\u1ec7n t\u00edch. Nh\u1edd \u0111\u1eb7c t\u00ednh n\u00e0y, t\u1ea5m Danpla ch\u1ed1ng t\u0129nh \u0111i\u1ec7n PP th\u01b0\u1eddng \u0111\u01b0\u1ee3c s\u1eed d\u1ee5ng trong c\u00e1c [&#8230;]","protected":false},"featured_media":30626,"template":"","meta":[],"_links":{"self":[{"href":"http:\/\/handan.com.vn\/en\/wp-json\/wp\/v2\/product\/30625"}],"collection":[{"href":"http:\/\/handan.com.vn\/en\/wp-json\/wp\/v2\/product"}],"about":[{"href":"http:\/\/handan.com.vn\/en\/wp-json\/wp\/v2\/types\/product"}],"wp:featuredmedia":[{"embeddable":true,"href":"http:\/\/handan.com.vn\/en\/wp-json\/wp\/v2\/media\/30626"}],"wp:attachment":[{"href":"http:\/\/handan.com.vn\/en\/wp-json\/wp\/v2\/media?parent=30625"}],"curies":[{"name":"wp","href":"https:\/\/api.w.org\/{rel}","templated":true}]}}