{"id":30622,"date":"2024-12-26T10:45:56","date_gmt":"2024-12-26T03:45:56","guid":{"rendered":"https:\/\/handan.com.vn\/?post_type=product&#038;p=30622"},"modified":"2026-01-05T15:15:59","modified_gmt":"2026-01-05T08:15:59","slug":"tam-nhua-danpla-thuong-pp","status":"publish","type":"product","link":"http:\/\/handan.com.vn\/en\/product\/tam-nhua-danpla-thuong-pp\/","title":{"rendered":"T\u1ea5m nh\u1ef1a danpla th\u01b0\u1eddng (PP)"},"content":{"rendered":"<p>T\u1ea5m nh\u1ef1a PP c\u00f3 s\u00f3ng \u0111\u01b0\u1ee3c s\u1ea3n xu\u1ea5t t\u1eeb nguy\u00ean v\u1eadt li\u1ec7u nh\u1ef1a Polypropylene Copolymer, chuy\u00ean d\u1ee5ng trong ng\u00e0nh \u0111\u00f3ng g\u00f3i bao b\u00ec nh\u1ef1a, th\u00f9ng h\u1ed9p nh\u1ef1a, t\u1ea5m l\u00f3t v\u00e0 v\u00e1ch ng\u0103n. S\u1ea3n ph\u1ea9m n\u00e0y c\u00f3 \u0111\u1ed9 b\u1ec1n cao, kh\u00f4ng \u0111\u1ed9c h\u1ea1i v\u00e0 th\u00e2n thi\u1ec7n v\u1edbi m\u00f4i tr\u01b0\u1eddng.<\/p>\n<p><strong>T\u00ednh n\u0103ng s\u1ea3n ph\u1ea9m:<\/strong><\/p>\n<ul>\n<li>Tr\u1ecdng l\u01b0\u1ee3ng nh\u1eb9<\/li>\n<li>C\u00f3 th\u1ec3 \u0111\u00f3ng g\u00f3i v\u00e0 s\u1eed d\u1ee5ng l\u1ea1i nhi\u1ec1u l\u1ea7n<\/li>\n<li>Kh\u00f4ng \u0111\u1ed9c h\u1ea1i<\/li>\n<li>D\u1ec5 g\u1ea5p g\u1ecdn l\u1ea1i<\/li>\n<li>Ch\u1ed1ng th\u1ea5m t\u1ed1t<\/li>\n<li>\u0110\u1ed9 b\u1ec1n cao<\/li>\n<li>Kh\u00f4ng b\u1ecb phai m\u00e0u<\/li>\n<\/ul>\n<p><strong>K\u00edch th\u01b0\u1edbc:<\/strong><\/p>\n<ul>\n<li><strong>\u0110\u1ed9 d\u00e0y:<\/strong> 2 mm, 3 mm, 4 mm, 5 mm, 6 mm<\/li>\n<\/ul>\n<p><strong>M\u00e0u s\u1eafc:<\/strong><\/p>\n<p>Xanh t\u00edm, Xanh nh\u1ea1t, Xanh bi\u1ec3n, Xanh \u0111\u1eadm, Tr\u1eafng trong, Tr\u1eafng \u0111\u1ee5c, V\u00e0ng, \u0110\u1ecf, \u0110en, N\u00e2u.<\/p>\n<p>&nbsp;<\/p>\n<p><em><strong>B\u00ean c\u00f4ng ty ch\u00fang t\u00f4i l\u00e0m \u0111\u01b0\u1ee3c theo k\u00edch th\u01b0\u1edbc y\u00eau c\u1ea7u c\u1ee7a b\u1ea1n.<\/strong><\/em><\/p>","protected":false},"excerpt":{"rendered":"<p>T\u1ea5m nh\u1ef1a PP c\u00f3 s\u00f3ng \u0111\u01b0\u1ee3c s\u1ea3n xu\u1ea5t t\u1eeb nguy\u00ean v\u1eadt li\u1ec7u nh\u1ef1a Polypropylene Copolymer, chuy\u00ean d\u1ee5ng trong ng\u00e0nh \u0111\u00f3ng g\u00f3i bao b\u00ec nh\u1ef1a, th\u00f9ng h\u1ed9p nh\u1ef1a, t\u1ea5m l\u00f3t v\u00e0 v\u00e1ch ng\u0103n. S\u1ea3n ph\u1ea9m n\u00e0y c\u00f3 \u0111\u1ed9 b\u1ec1n cao, kh\u00f4ng \u0111\u1ed9c h\u1ea1i v\u00e0 th\u00e2n thi\u1ec7n v\u1edbi m\u00f4i tr\u01b0\u1eddng. T\u00ednh n\u0103ng s\u1ea3n ph\u1ea9m: Tr\u1ecdng l\u01b0\u1ee3ng nh\u1eb9 [&#8230;]","protected":false},"featured_media":30623,"template":"","meta":[],"_links":{"self":[{"href":"http:\/\/handan.com.vn\/en\/wp-json\/wp\/v2\/product\/30622"}],"collection":[{"href":"http:\/\/handan.com.vn\/en\/wp-json\/wp\/v2\/product"}],"about":[{"href":"http:\/\/handan.com.vn\/en\/wp-json\/wp\/v2\/types\/product"}],"wp:featuredmedia":[{"embeddable":true,"href":"http:\/\/handan.com.vn\/en\/wp-json\/wp\/v2\/media\/30623"}],"wp:attachment":[{"href":"http:\/\/handan.com.vn\/en\/wp-json\/wp\/v2\/media?parent=30622"}],"curies":[{"name":"wp","href":"https:\/\/api.w.org\/{rel}","templated":true}]}}