{"id":30606,"date":"2024-12-25T15:36:31","date_gmt":"2024-12-25T08:36:31","guid":{"rendered":"https:\/\/handan.com.vn\/?post_type=product&#038;p=30606"},"modified":"2026-01-05T15:15:59","modified_gmt":"2026-01-05T08:15:59","slug":"khan-lau-mem","status":"publish","type":"product","link":"http:\/\/handan.com.vn\/en\/product\/khan-lau-mem\/","title":{"rendered":"Kh\u0103n lau m\u1ec1m Hashimoto-cloth"},"content":{"rendered":"<p><strong>\u0110\u1eb7c \u0111i\u1ec3m:\u00a0<\/strong><\/p>\n<p>S\u1ea3n ph\u1ea9m \u0111\u01b0\u1ee3c l\u00e0m t\u1eeb 100% cotton v\u00e0 c\u00f3 k\u1ebft c\u1ea5u m\u1ec1m m\u1ea1i, r\u1ea5t th\u00edch h\u1ee3p \u0111\u1ec3 lau c\u00e1c b\u1ed9 ph\u1eadn d\u1ec5 tr\u1ea7y x\u01b0\u1edbc. V\u00ec kh\u00f4ng s\u1eed d\u1ee5ng ch\u1ea5t h\u00f3a h\u1ecdc trong qu\u00e1 tr\u00ecnh s\u1ea3n xu\u1ea5t n\u00ean kh\u00f4ng c\u00f3 s\u1ef1 r\u1eeda gi\u1ea3i c\u1ee7a c\u00e1c ion v\u00e0 t\u1ea1p ch\u1ea5t d\u1eabn \u0111\u1ebfn s\u1ea3n ph\u1ea9m c\u00f3 th\u1ec3 \u0111\u01b0\u1ee3c s\u1eed d\u1ee5ng an to\u00e0n trong c\u00e1c dung m\u00f4i kh\u00e1c nhau. S\u1ea3n ph\u1ea9m l\u00e0m t\u1eeb s\u1ee3i t\u1ef1 nhi\u00ean n\u00ean n\u00f3 \u00edt t\u1ea1o ra t\u0129nh \u0111i\u1ec7n h\u01a1n v\u00e0 c\u00f3 kh\u1ea3 n\u0103ng th\u1ea5m h\u00fat v\u00e0 gi\u1eef ch\u1ea5t l\u1ecfng tuy\u1ec7t v\u1eddi, l\u00fd t\u01b0\u1edfng cho vi\u1ec7c h\u1ea5p th\u1ee5 c\u00e1c ch\u1ea5t l\u1ecfng kh\u00e1c nhau<\/p>\n<table>\n<tbody>\n<tr>\n<td width=\"40\"><strong>M\u00e3 SP<\/strong><\/td>\n<td width=\"40\"><strong>K\u00edch th\u01b0\u1edbc<\/strong><\/p>\n<p><strong>(mm)<\/strong><\/td>\n<td width=\"92\"><strong>SL \u0111\u00f3ng h\u1ed9p (T\u1ed5ng)<\/strong><\/td>\n<\/tr>\n<tr>\n<td width=\"40\">UW1<\/td>\n<td width=\"40\">220&#215;250<\/td>\n<td width=\"92\">100 t\u1edd x 30 t\u00fai(3,000 t\u1edd)<\/td>\n<\/tr>\n<tr>\n<td width=\"40\">U2525<\/td>\n<td width=\"40\">250&#215;250<\/td>\n<td width=\"92\">100 t\u1edd x 30 t\u00fai(3,000 t\u1edd)<\/td>\n<\/tr>\n<\/tbody>\n<\/table>","protected":false},"excerpt":{"rendered":"<p><strong>Model:\u00a0 <\/strong>UW1 , U2525<\/p>\n<p><strong>V\u1eadt li\u1ec7u:<\/strong> 100% Coton<\/p>\n<p>&nbsp;<\/p>\n<p>&nbsp;<\/p>\n<p>&nbsp;<\/p>","protected":false},"featured_media":30607,"template":"","meta":[],"_links":{"self":[{"href":"http:\/\/handan.com.vn\/en\/wp-json\/wp\/v2\/product\/30606"}],"collection":[{"href":"http:\/\/handan.com.vn\/en\/wp-json\/wp\/v2\/product"}],"about":[{"href":"http:\/\/handan.com.vn\/en\/wp-json\/wp\/v2\/types\/product"}],"wp:featuredmedia":[{"embeddable":true,"href":"http:\/\/handan.com.vn\/en\/wp-json\/wp\/v2\/media\/30607"}],"wp:attachment":[{"href":"http:\/\/handan.com.vn\/en\/wp-json\/wp\/v2\/media?parent=30606"}],"curies":[{"name":"wp","href":"https:\/\/api.w.org\/{rel}","templated":true}]}}