{"id":30602,"date":"2024-12-25T15:27:32","date_gmt":"2024-12-25T08:27:32","guid":{"rendered":"https:\/\/handan.com.vn\/?post_type=product&#038;p=30602"},"modified":"2026-01-05T15:16:00","modified_gmt":"2026-01-05T08:16:00","slug":"vai-lau-sieu-sach-super-clean-n2325-tencel-rayon-hashimoto-cloth","status":"publish","type":"product","link":"http:\/\/handan.com.vn\/en\/product\/vai-lau-sieu-sach-super-clean-n2325-tencel-rayon-hashimoto-cloth\/","title":{"rendered":"V\u1ea3i lau si\u00eau s\u1ea1ch Super Clean  N2325 (Tencel + Rayon)  Hashimoto-cloth"},"content":{"rendered":"<p><strong>\u0110\u1eb7c \u0111i\u1ec3m:\u00a0<\/strong><\/p>\n<p>Kh\u0103n lau h\u1ea7u nh\u01b0 kh\u00f4ng s\u1ea3n sinh ra b\u1ee5i, c\u00f3 s\u1ef1 c\u00e2n b\u1eb1ng tuy\u1ec7t v\u1eddi gi\u1eefa \u0111\u1ed9 b\u1ec1n d\u1ecdc v\u00e0 ngang. L\u00e0 \u0111i\u1ec1u ki\u1ec7n l\u00fd t\u01b0\u1edfng \u0111\u1ec3 l\u00e0m vi\u1ec7c trong ph\u00f2ng s\u1ea1ch n\u01a1i b\u1ea1n kh\u00f4ng th\u00edch b\u1ee5i<\/p>\n<p>&nbsp;<\/p>","protected":false},"excerpt":{"rendered":"<table>\n<tbody>\n<tr>\n<td width=\"31\"><strong>M\u00e3 SP<\/strong><\/td>\n<td width=\"35\"><strong>K\u00edch th\u01b0\u1edbc<\/strong><strong>(mm)<\/strong><\/td>\n<td width=\"67\"><strong>SL \u0111\u00f3ng h\u1ed9p (T\u1ed5ng)<\/strong><\/td>\n<\/tr>\n<tr>\n<td width=\"31\">N2325<\/td>\n<td width=\"35\">230\u00d7250<\/td>\n<td width=\"67\">100 t\u1edd x 30 t\u00fai(3,000 t\u1edd)<\/td>\n<\/tr>\n<\/tbody>\n<\/table>","protected":false},"featured_media":30603,"template":"","meta":[],"_links":{"self":[{"href":"http:\/\/handan.com.vn\/en\/wp-json\/wp\/v2\/product\/30602"}],"collection":[{"href":"http:\/\/handan.com.vn\/en\/wp-json\/wp\/v2\/product"}],"about":[{"href":"http:\/\/handan.com.vn\/en\/wp-json\/wp\/v2\/types\/product"}],"wp:featuredmedia":[{"embeddable":true,"href":"http:\/\/handan.com.vn\/en\/wp-json\/wp\/v2\/media\/30603"}],"wp:attachment":[{"href":"http:\/\/handan.com.vn\/en\/wp-json\/wp\/v2\/media?parent=30602"}],"curies":[{"name":"wp","href":"https:\/\/api.w.org\/{rel}","templated":true}]}}