{"id":30600,"date":"2024-12-25T15:10:32","date_gmt":"2024-12-25T08:10:32","guid":{"rendered":"https:\/\/handan.com.vn\/?post_type=product&#038;p=30600"},"modified":"2026-01-05T15:16:00","modified_gmt":"2026-01-05T08:16:00","slug":"clean-knit-polyester-hashimoto-cloth","status":"publish","type":"product","link":"http:\/\/handan.com.vn\/en\/product\/clean-knit-polyester-hashimoto-cloth\/","title":{"rendered":"Clean Knit (Polyester) Hashimoto-cloth"},"content":{"rendered":"<p><strong>\u0110\u1eb7c \u0111i\u1ec3m:\u00a0\u00a0<\/strong><\/p>\n<p>Kh\u0103n lau d\u1ec7t kim \u0111\u01b0\u1ee3c l\u00e0m t\u1eeb s\u1ee3i polyester c\u00f3 kh\u1ea3 n\u0103ng th\u1ea5m h\u00fat v\u00e0 kh\u00e1ng h\u00f3a ch\u1ea5t tuy\u1ec7t v\u1eddi.<\/p>\n<p>h\u00edch h\u1ee3p \u0111\u1ec3 lau v\u1edbi c\u1ed3n ho\u1eb7c c\u00e1c dung m\u00f4i kh\u00e1c nhau. V\u1ea3i \u0111\u01b0\u1ee3c x\u1eed l\u00fd c\u1eaft c\u1ea1nh b\u1eb1ng nhi\u1ec7t \u0111\u00e1p \u1ee9ng ti\u00eau chu\u1ea9n ph\u00f2ng s\u1ea1ch class 100. N\u00f3 c\u0169ng th\u00edch h\u1ee3p \u0111\u1ec3 s\u1eed d\u1ee5ng trong c\u00e1c khu v\u1ef1c c\u00f3 ti\u00eau chu\u1ea9n s\u1ea1ch s\u1ebd cao.<\/p>\n<p><strong>\u1ee8ng d\u1ee5ng:\u00a0<\/strong><\/p>\n<p>D\u00f9ng trong khu v\u1ef1c s\u1ea1ch kh\u00f4ng c\u00f3 b\u1ee5i<\/p>\n<p>&nbsp;<\/p>\n<p><strong>B\u1ea3ng th\u00f4ng s\u1ed1:<\/strong><\/p>\n[Clean Knit] \u0110\u00e1p \u1ee9ng class 100<\/p>\n<table>\n<tbody>\n<tr>\n<td width=\"41\"><strong>M\u00e3 SP<\/strong><\/td>\n<td width=\"41\"><strong>K\u00edch<\/strong><\/p>\n<p><strong>th\u01b0\u1edbc(in)<\/strong><\/td>\n<td width=\"97\"><strong>SL \u0111\u00f3ng h\u1ed9p (T\u1ed5ng)<\/strong><\/td>\n<\/tr>\n<tr>\n<td width=\"41\">CN9x9<\/td>\n<td width=\"41\">9&#215;9<\/td>\n<td width=\"97\">75 t\u1edd x 2 x 10 t\u00fai(1,500 t\u1edd)<\/td>\n<\/tr>\n<tr>\n<td width=\"41\">CN6x6<\/td>\n<td width=\"41\">6&#215;6<\/td>\n<td width=\"97\">75 t\u1edd x 2 x 10 t\u00fai(1,500 t\u1edd)<\/td>\n<\/tr>\n<tr>\n<td width=\"41\">CN9x9S<\/td>\n<td width=\"41\">9&#215;9<\/td>\n<td width=\"97\">75 t\u1edd x 2 x 1 t\u00fai(150 t\u1edd)<\/td>\n<\/tr>\n<tr>\n<td width=\"41\">CN6x6S<\/td>\n<td width=\"41\">6&#215;6<\/td>\n<td width=\"97\">75 t\u1edd x 2 x 1 t\u00fai(150 t\u1edd)<\/td>\n<\/tr>\n<\/tbody>\n<\/table>","protected":false},"excerpt":{"rendered":"<p>\u0110\u1eb7c \u0111i\u1ec3m:\u00a0\u00a0 Kh\u0103n lau d\u1ec7t kim \u0111\u01b0\u1ee3c l\u00e0m t\u1eeb s\u1ee3i polyester c\u00f3 kh\u1ea3 n\u0103ng th\u1ea5m h\u00fat v\u00e0 kh\u00e1ng h\u00f3a ch\u1ea5t tuy\u1ec7t v\u1eddi. h\u00edch h\u1ee3p \u0111\u1ec3 lau v\u1edbi c\u1ed3n ho\u1eb7c c\u00e1c dung m\u00f4i kh\u00e1c nhau. V\u1ea3i \u0111\u01b0\u1ee3c x\u1eed l\u00fd c\u1eaft c\u1ea1nh b\u1eb1ng nhi\u1ec7t \u0111\u00e1p \u1ee9ng ti\u00eau chu\u1ea9n ph\u00f2ng s\u1ea1ch class 100. N\u00f3 c\u0169ng th\u00edch h\u1ee3p \u0111\u1ec3 [&#8230;]","protected":false},"featured_media":30601,"template":"","meta":[],"_links":{"self":[{"href":"http:\/\/handan.com.vn\/en\/wp-json\/wp\/v2\/product\/30600"}],"collection":[{"href":"http:\/\/handan.com.vn\/en\/wp-json\/wp\/v2\/product"}],"about":[{"href":"http:\/\/handan.com.vn\/en\/wp-json\/wp\/v2\/types\/product"}],"wp:featuredmedia":[{"embeddable":true,"href":"http:\/\/handan.com.vn\/en\/wp-json\/wp\/v2\/media\/30601"}],"wp:attachment":[{"href":"http:\/\/handan.com.vn\/en\/wp-json\/wp\/v2\/media?parent=30600"}],"curies":[{"name":"wp","href":"https:\/\/api.w.org\/{rel}","templated":true}]}}