{"id":30595,"date":"2024-12-25T14:51:04","date_gmt":"2024-12-25T07:51:04","guid":{"rendered":"https:\/\/handan.com.vn\/?post_type=product&#038;p=30595"},"modified":"2026-01-05T15:16:00","modified_gmt":"2026-01-05T08:16:00","slug":"giay-loc-melty","status":"publish","type":"product","link":"http:\/\/handan.com.vn\/en\/product\/giay-loc-melty\/","title":{"rendered":"Gi\u1ea5y l\u1ecdc Melty"},"content":{"rendered":"<p><strong>\u0110\u1eb7c \u0111i\u1ec3m:\u00a0<\/strong><\/p>\n<p>Kh\u0103n lau kh\u00f4ng d\u1ec7t Polypropylen, kh\u00e1ng h\u00f3a ch\u1ea5t v\u00e0 th\u1ea5m h\u00fat t\u1ed1t.<\/p>\n<p>Kh\u0103n lau kh\u00f4ng d\u1ec7t Polypropylen l\u00e0 kh\u0103n l\u00e0m t\u1eeb nh\u1eefng s\u1ee3i si\u00eau m\u1ecbn \u0111\u01b0\u1ee3c s\u1ea3n xu\u1ea5t b\u1eb1ng k\u1ef9 thu\u1eadt k\u00e9o s\u1ee3i th\u1ed5i ch\u1ea3y (meltblown). V\u00ec n\u00f3 c\u00f3 tr\u1ecdng l\u01b0\u1ee3ng ri\u00eang nh\u1eb9 n\u00ean n\u00f3 n\u1ed5i tr\u00ean n\u01b0\u1edbc, c\u00f3 kh\u1ea3 n\u0103ng kh\u00e1ng h\u00f3a ch\u1ea5t t\u1ed1t, kh\u1ea3 n\u0103ng lo\u1ea1i b\u1ecf b\u1ee5i b\u1ea9n, h\u00fat n\u01b0\u1edbc v\u00e0 t\u1ed1c \u0111\u1ed9 h\u00fat d\u1ea7u nhanh.<\/p>\n<p>Lo\u1ea1i 4 l\u01b0\u1ee3t g\u1ea5p<\/p>\n<p>&nbsp;<\/p>","protected":false},"excerpt":{"rendered":"<p><strong>M\u00e3 SP<\/strong>: EW3334<\/p>\n<p><strong>K\u00edch th\u01b0\u1edbc (mm)<\/strong>: 330\u00d7340<\/p>\n<p><strong>Quy c\u00e1ch \u0111\u00f3ng h\u1ed9p (T\u1ed5ng s\u1ed1 )<\/strong>: 52 t\u1edd \u00d7 24 t\u00fai (1,200 t\u1edd)<\/p>\n<p>&nbsp;<\/p>","protected":false},"featured_media":30597,"template":"","meta":[],"_links":{"self":[{"href":"http:\/\/handan.com.vn\/en\/wp-json\/wp\/v2\/product\/30595"}],"collection":[{"href":"http:\/\/handan.com.vn\/en\/wp-json\/wp\/v2\/product"}],"about":[{"href":"http:\/\/handan.com.vn\/en\/wp-json\/wp\/v2\/types\/product"}],"wp:featuredmedia":[{"embeddable":true,"href":"http:\/\/handan.com.vn\/en\/wp-json\/wp\/v2\/media\/30597"}],"wp:attachment":[{"href":"http:\/\/handan.com.vn\/en\/wp-json\/wp\/v2\/media?parent=30595"}],"curies":[{"name":"wp","href":"https:\/\/api.w.org\/{rel}","templated":true}]}}