{"id":30593,"date":"2024-12-25T14:09:51","date_gmt":"2024-12-25T07:09:51","guid":{"rendered":"https:\/\/handan.com.vn\/?post_type=product&#038;p=30593"},"modified":"2026-01-05T15:16:01","modified_gmt":"2026-01-05T08:16:01","slug":"khan-economy-bot-giay-100","status":"publish","type":"product","link":"http:\/\/handan.com.vn\/en\/product\/khan-economy-bot-giay-100\/","title":{"rendered":"Kh\u0103n Economy EW3334  (B\u1ed9t gi\u1ea5y 100%) Hashimoto-cloth"},"content":{"rendered":"<p><strong>\u0110\u1eb7c \u0111i\u1ec3m:\u00a0<\/strong><\/p>\n<p>Kh\u0103n lau l\u00e0m t\u1eeb 100% b\u1ed9t gi\u1ea5y n\u00ean c\u00f3 kh\u1ea3 n\u0103ng th\u1ea5m h\u00fat c\u1ef1c t\u1ed1t. Kh\u0103n \u0111\u01b0\u1ee3c l\u00e0m t\u1eeb 3 l\u1edbp gi\u00fap t\u0103ng \u0111\u1ed9 b\u1ec1n, cho c\u1ea3m gi\u00e1c d\u00e0y d\u1eb7n khi c\u1ea7m<\/p>\n<p><strong>\u1ee8ng d\u1ee5ng:\u00a0<\/strong><\/p>\n<p>Lau s\u1ea3n ph\u1ea9m v\u00e0 trang thi\u1ebft b\u1ecb m\u00e1y m\u00f3c.<\/p>\n<p>Lau d\u1ea7u v\u00e0 n\u01b0\u1edbc ph\u00e1t sinh trong qu\u00e1 tr\u00ecnh l\u00e0m vi\u1ec7c<\/p>","protected":false},"excerpt":{"rendered":"<table>\n<tbody>\n<tr>\n<td width=\"37\"><strong>M\u00e3 SP<\/strong><\/td>\n<td width=\"37\"><strong>K\u00edch th\u01b0\u1edbc<\/strong><\/p>\n<p><strong>(mm)<\/strong><\/td>\n<td width=\"75\"><strong>SL \u0111\u00f3ng h\u1ed9p (T\u1ed5ng)<\/strong><\/td>\n<\/tr>\n<tr>\n<td width=\"37\">EW3334<\/td>\n<td width=\"37\">330&#215;340<\/td>\n<td width=\"75\">52 t\u1edd x 24 t\u00fai(1,200 t\u1edd)<\/td>\n<\/tr>\n<\/tbody>\n<\/table>","protected":false},"featured_media":30594,"template":"","meta":[],"_links":{"self":[{"href":"http:\/\/handan.com.vn\/en\/wp-json\/wp\/v2\/product\/30593"}],"collection":[{"href":"http:\/\/handan.com.vn\/en\/wp-json\/wp\/v2\/product"}],"about":[{"href":"http:\/\/handan.com.vn\/en\/wp-json\/wp\/v2\/types\/product"}],"wp:featuredmedia":[{"embeddable":true,"href":"http:\/\/handan.com.vn\/en\/wp-json\/wp\/v2\/media\/30594"}],"wp:attachment":[{"href":"http:\/\/handan.com.vn\/en\/wp-json\/wp\/v2\/media?parent=30593"}],"curies":[{"name":"wp","href":"https:\/\/api.w.org\/{rel}","templated":true}]}}