{"id":30589,"date":"2024-12-25T14:06:48","date_gmt":"2024-12-25T07:06:48","guid":{"rendered":"https:\/\/handan.com.vn\/?post_type=product&#038;p=30589"},"modified":"2026-01-05T15:16:01","modified_gmt":"2026-01-05T08:16:01","slug":"khan-rp","status":"publish","type":"product","link":"http:\/\/handan.com.vn\/en\/product\/khan-rp\/","title":{"rendered":"Kh\u0103n gi\u1ea5y RP Hashimoto-cloth"},"content":{"rendered":"<p>Kh\u0103n kh\u00f4ng d\u1ec7t c\u00f3 \u0111\u1ed9 th\u1ea5m h\u00fat v\u00e0 \u0111\u1ed9 b\u1ec1n c\u1ee7a s\u1ee3i Rayon v\u00e0 b\u1ed9t gi\u1ea5y<\/p>\n<p><strong>\u0110\u1eb7c \u0111i\u1ec3m:\u00a0<\/strong><\/p>\n<p>D\u00f9ng \u0111\u1ec3 lau trong c\u00e1c ng\u00e0nh s\u1ea3n xu\u1ea5t nh\u01b0 nh\u00e0 m\u00e1y gia c\u00f4ng kim lo\u1ea1i, nh\u00e0 m\u00e1y s\u1ea3n xu\u1ea5t \u00f4 t\u00f4.<\/p>\n<p>D\u00f9ng \u0111\u1ec3 lau khu\u00f4n v\u00e0 l\u00e0m s\u1ea1ch m\u1ef1c t\u1ea1i nh\u00e0 m\u00e1y in.<\/p>\n<p>D\u00f9ng \u0111\u1ec3 lau, b\u1ea3o tr\u00ec c\u00e1c trang thi\u1ebft b\u1ecb k\u1ebft h\u1ee3p v\u1edbi dung m\u00f4i.<\/p>\n<p>D\u00f9ng \u0111\u1ec3 lau t\u1ea1i c\u00e1c nh\u00e0 m\u00e1y th\u1ef1c ph\u1ea9m, d\u1ecbch v\u1ee5 \u0103n u\u1ed1ng, D\u00f9ng \u0111\u1ec3 lau t\u1ea1i c\u00e1c x\u01b0\u1edfng d\u1ecbch v\u1ee5 b\u1ea3o d\u01b0\u1ee1ng \u00f4 t\u00f4<\/p>\n<p>&nbsp;<\/p>\n<p><strong>\u1ee8ng d\u1ee5ng:\u00a0<\/strong><\/p>\n<p>D\u00f9ng \u0111\u1ec3 lau trong c\u00e1c ng\u00e0nh s\u1ea3n xu\u1ea5t nh\u01b0 nh\u00e0 m\u00e1y gia c\u00f4ng kim lo\u1ea1i, nh\u00e0 m\u00e1y s\u1ea3n xu\u1ea5t \u00f4 t\u00f4.<\/p>\n<p>D\u00f9ng \u0111\u1ec3 lau khu\u00f4n v\u00e0 l\u00e0m s\u1ea1ch m\u1ef1c t\u1ea1i nh\u00e0 m\u00e1y in.<\/p>\n<p>D\u00f9ng \u0111\u1ec3 lau, b\u1ea3o tr\u00ec c\u00e1c trang thi\u1ebft b\u1ecb k\u1ebft h\u1ee3p v\u1edbi dung m\u00f4i. D\u00f9ng \u0111\u1ec3 lau t\u1ea1i c\u00e1c nh\u00e0 m\u00e1y th\u1ef1c ph\u1ea9m, d\u1ecbch v\u1ee5 \u0103n u\u1ed1ng, D\u00f9ng \u0111\u1ec3 lau t\u1ea1i c\u00e1c x\u01b0\u1edfng d\u1ecbch v\u1ee5 b\u1ea3o d\u01b0\u1ee1ng \u00f4 t\u00f4<\/p>\n<p>&nbsp;<\/p>\n<p><strong>Lo\u1ea1i 4 l\u01b0\u1ee3t g\u1ea5p:<\/strong><\/p>\n<table>\n<tbody>\n<tr>\n<td width=\"50\"><strong>M\u00e3 SP<\/strong><\/td>\n<td width=\"37\"><strong>K\u00edch th\u01b0\u1edbc (mm)<\/strong><\/td>\n<td width=\"74\"><strong>SL \u0111\u00f3ng h\u1ed9p (T\u1ed5ng)<\/strong><\/td>\n<\/tr>\n<tr>\n<td width=\"50\">RP2938<\/td>\n<td width=\"37\">287&#215;380<\/td>\n<td width=\"74\">50 t\u1edd x 18 t\u00fai (900 t\u1edd)<\/td>\n<\/tr>\n<\/tbody>\n<\/table>\n<p>&nbsp;<\/p>\n<p><strong>Lo\u1ea1i cu\u1ed9n:<\/strong><\/p>\n<table>\n<tbody>\n<tr>\n<td width=\"51\"><strong>M\u00e3 SP<\/strong><\/td>\n<td width=\"38\"><strong>K\u00edch th\u01b0\u1edbc<\/strong><\/p>\n<p><strong>(mm)<\/strong><\/td>\n<td width=\"76\"><strong>SL \u0111\u00f3ng h\u1ed9p (T\u1ed5ng)<\/strong><\/td>\n<\/tr>\n<tr>\n<td width=\"51\">RPR2940<\/td>\n<td width=\"38\">287&#215;400<\/td>\n<td width=\"76\">580t\u1eddx 2cu\u1ed9n(1,160 t\u1edd)<\/td>\n<\/tr>\n<\/tbody>\n<\/table>","protected":false},"excerpt":{"rendered":"<p><strong>V\u1eadt li\u1ec7u:<\/strong> V\u1ea3i kh\u00f4ng d\u1ec7t Rayon + S\u1ee3i b\u1ed9t gi\u1ea5y<\/p>","protected":false},"featured_media":30590,"template":"","meta":[],"_links":{"self":[{"href":"http:\/\/handan.com.vn\/en\/wp-json\/wp\/v2\/product\/30589"}],"collection":[{"href":"http:\/\/handan.com.vn\/en\/wp-json\/wp\/v2\/product"}],"about":[{"href":"http:\/\/handan.com.vn\/en\/wp-json\/wp\/v2\/types\/product"}],"wp:featuredmedia":[{"embeddable":true,"href":"http:\/\/handan.com.vn\/en\/wp-json\/wp\/v2\/media\/30590"}],"wp:attachment":[{"href":"http:\/\/handan.com.vn\/en\/wp-json\/wp\/v2\/media?parent=30589"}],"curies":[{"name":"wp","href":"https:\/\/api.w.org\/{rel}","templated":true}]}}