{"id":30584,"date":"2024-12-25T11:48:12","date_gmt":"2024-12-25T04:48:12","guid":{"rendered":"https:\/\/handan.com.vn\/?post_type=product&#038;p=30584"},"modified":"2026-01-05T15:16:12","modified_gmt":"2026-01-05T08:16:12","slug":"khan-lau-cung-hashimoto-cloth","status":"publish","type":"product","link":"http:\/\/handan.com.vn\/en\/product\/khan-lau-cung-hashimoto-cloth\/","title":{"rendered":"Kh\u0103n lau c\u1ee9ng  Hashimoto-cloth"},"content":{"rendered":"<p><strong>\u0110\u1eb7c \u0111i\u1ec3m :<\/strong><\/p>\n<p>Lo\u1ea1i kh\u0103n n\u00e0y c\u00f3 kh\u1ea3 n\u0103ng ch\u1ed1ng m\u00e0i m\u00f2n \u01b0u vi\u1ec7t, kh\u00f4ng \u0111\u1ec3 l\u1ea1i\u00a0l\u00f4ng t\u01a1 hay x\u01a1 v\u1ea3i tr\u00ean b\u1ec1 m\u1eb7t lau. Ngo\u00e0i ra ngay c\u1ea3 khi th\u1ea5m n\u01b0\u1edbc, s\u1ee9c lau c\u0169ng kh\u00f4ng gi\u1ea3m. D\u00f2ng s\u1ea3n ph\u1ea9m n\u00e0y c\u00f3 k\u00edch th\u01b0\u1edbc \u0111a d\u1ea1ng t\u1eeb v\u1eeba l\u00f2ng b\u00e0n tay cho \u0111\u1ebfn c\u1ee1 l\u1edbn, gi\u00fap d\u1ec5 d\u00e0ng s\u1eed d\u1ee5ng \u1edf c\u00e1c \u0111\u1ecba \u0111i\u1ec3m kh\u00e1c nhau t\u00f9y theo nhu c\u1ea7u s\u1eed d\u1ee5ng.<\/p>\n<p><strong>\u1ee8ng d\u1ee5ng:<\/strong><\/p>\n<p>D\u00f9ng trong khi b\u1ea3o tr\u00ec m\u00e1y m\u00f3c ho\u1eb7c trong c\u00e1c c\u00f4ng \u0111o\u1ea1n v\u1ec7 sinh v\u1edbi dung m\u00f4i.<\/p>\n<p>Lau h\u01a1i d\u1ea7u trong nh\u00e0 m\u00e1y.<\/p>\n<p><strong>Lo\u1ea1i kh\u0103n c\u1ee9ng 4 l\u1ea7n g\u1ea5p:\u00a0<\/strong><\/p>\n<table>\n<tbody>\n<tr>\n<td width=\"51\">\n<p style=\"text-align: center;\"><strong>M\u00e3 SP<\/strong><\/p>\n<\/td>\n<td style=\"text-align: center;\" width=\"38\"><strong>K\u00edch th\u01b0\u1edbc<\/strong><\/p>\n<p><strong>(mm)<\/strong><\/td>\n<td style=\"text-align: center;\" width=\"76\"><strong>SL \u0111\u00f3ng h\u1ed9p (T\u1ed5ng)<\/strong><\/td>\n<\/tr>\n<tr>\n<td style=\"text-align: center;\" width=\"51\">S250<\/td>\n<td style=\"text-align: center;\" width=\"38\">250&#215;300<\/td>\n<td style=\"text-align: center;\" width=\"76\">50 t\u1edd x 36 t\u00fai(1,800 t\u1edd)<\/td>\n<\/tr>\n<tr>\n<td style=\"text-align: center;\" width=\"51\">A300<\/td>\n<td style=\"text-align: center;\" width=\"38\">300&#215;390<\/td>\n<td style=\"text-align: center;\" width=\"76\">50 t\u1edd x 24 t\u00fai(1,200 t\u1edd)<\/td>\n<\/tr>\n<tr>\n<td style=\"text-align: center;\" width=\"51\">AX400<\/td>\n<td style=\"text-align: center;\" width=\"38\">380&#215;390<\/td>\n<td style=\"text-align: center;\" width=\"76\">50 t\u1edd x 18 t\u00fai(900 t\u1edd)<\/td>\n<\/tr>\n<tr>\n<td style=\"text-align: center;\" width=\"51\">AZ500<\/td>\n<td style=\"text-align: center;\" width=\"38\">480X390<\/td>\n<td width=\"76\">\n<p style=\"text-align: center;\">50 t\u1edd x 12 t\u00fai(600 t\u1edd)<\/p>\n<\/td>\n<\/tr>\n<\/tbody>\n<\/table>\n<p>&nbsp;<\/p>\n<p><strong>Lo\u1ea1i cu\u1ed9n:\u00a0<\/strong><\/p>\n<table>\n<tbody>\n<tr>\n<td width=\"51\">\n<p style=\"text-align: center;\"><strong>M\u00e3 SP<\/strong><\/p>\n<\/td>\n<td style=\"text-align: center;\" width=\"38\"><strong>K\u00edch th\u01b0\u1edbc<\/strong><\/p>\n<p><strong>(mm)<\/strong><\/td>\n<td style=\"text-align: center;\" width=\"76\"><strong>SL \u0111\u00f3ng h\u1ed9p (T\u1ed5ng)<\/strong><\/td>\n<\/tr>\n<tr>\n<td style=\"text-align: center;\" width=\"51\">HDR48<\/td>\n<td style=\"text-align: center;\" width=\"38\">280X380<\/td>\n<td width=\"76\">\n<p style=\"text-align: center;\">480 t\u1edd x 2cu\u1ed9n(960 t\u1edd)<\/p>\n<\/td>\n<\/tr>\n<\/tbody>\n<\/table>\n<p>&nbsp;<\/p>\n<p><strong>Gi\u00e1 \u0111\u1ee1 \u0111\u1ee9ng:<\/strong><\/p>\n<table>\n<tbody>\n<tr>\n<td width=\"35\">\n<p style=\"text-align: center;\"><strong>M\u00e3 SP<\/strong><\/p>\n<\/td>\n<td style=\"text-align: center;\" width=\"58\"><strong>K\u00edch th\u01b0\u1edbc (mm)<\/strong><\/td>\n<td style=\"text-align: center;\" width=\"68\"><strong>SL \u0111\u00f3ng h\u1ed9p (T\u1ed5ng)<\/strong><\/td>\n<\/tr>\n<tr>\n<td style=\"text-align: center;\" width=\"35\">FS-20<\/td>\n<td style=\"text-align: center;\" width=\"58\">W440xD440xH850<\/td>\n<td width=\"68\">\n<p style=\"text-align: center;\">1 gi\u00e1<\/p>\n<\/td>\n<\/tr>\n<\/tbody>\n<\/table>\n<p>&nbsp;<\/p>","protected":false},"excerpt":{"rendered":"<p><strong>V\u1eadt li\u1ec7u:<\/strong> (S\u1ee3i b\u1ed9t gi\u1ea5y v\u00e0 v\u1ea3i kh\u00f4ng d\u1ec7t polypropylene)<\/p>\n<p>&nbsp;<\/p>","protected":false},"featured_media":30585,"template":"","meta":[],"_links":{"self":[{"href":"http:\/\/handan.com.vn\/en\/wp-json\/wp\/v2\/product\/30584"}],"collection":[{"href":"http:\/\/handan.com.vn\/en\/wp-json\/wp\/v2\/product"}],"about":[{"href":"http:\/\/handan.com.vn\/en\/wp-json\/wp\/v2\/types\/product"}],"wp:featuredmedia":[{"embeddable":true,"href":"http:\/\/handan.com.vn\/en\/wp-json\/wp\/v2\/media\/30585"}],"wp:attachment":[{"href":"http:\/\/handan.com.vn\/en\/wp-json\/wp\/v2\/media?parent=30584"}],"curies":[{"name":"wp","href":"https:\/\/api.w.org\/{rel}","templated":true}]}}