{"id":30582,"date":"2024-12-25T11:41:13","date_gmt":"2024-12-25T04:41:13","guid":{"rendered":"https:\/\/handan.com.vn\/?post_type=product&#038;p=30582"},"modified":"2026-01-05T15:16:13","modified_gmt":"2026-01-05T08:16:13","slug":"khan-lau-cung-alpha-hashimoto-cloth","status":"publish","type":"product","link":"http:\/\/handan.com.vn\/en\/product\/khan-lau-cung-alpha-hashimoto-cloth\/","title":{"rendered":"Kh\u0103n lau c\u1ee9ng alpha Hashimoto-cloth"},"content":{"rendered":"<p><strong>\u0110\u1eb7c \u0111i\u1ec3m:<\/strong><\/p>\n<p>\u0110\u00e2y l\u00e0 lo\u1ea1i kh\u0103n kh\u00f4ng d\u1ec7t c\u00f3 \u0111\u1ed9 m\u1ec1m v\u00e0 \u0111\u1ed9 b\u1ec1n nh\u01b0 v\u1ea3i v\u00e0 kh\u1ea3 n\u0103ng th\u1ea5m h\u00fat cao ch\u1ec9 c\u00f3 \u1edf b\u1ed9t gi\u1ea5y. Lo\u1ea1i kh\u0103n n\u00e0y \u00edt \u0111\u1ec3 l\u1ea1i l\u00f4ng t\u01a1 hay x\u01a1 v\u1ea3i tr\u00ean b\u1ec1 m\u1eb7t lau. Ngo\u00e0i ra ngay c\u1ea3 khi th\u1ea5m n\u01b0\u1edbc, kh\u1ea3 n\u0103ng lau c\u0169ng kh\u00f4ng gi\u1ea3m n\u00ean n\u00f3 c\u00f3 th\u1ec3 \u0111\u01b0\u1ee3c s\u1eed d\u1ee5ng lau c\u00f9ng v\u1edbi n\u01b0\u1edbc ho\u1eb7c dung m\u00f4i. \u1ede nh\u1eefng n\u01a1i th\u01b0\u1eddng d\u00f9ng kh\u0103n lau v\u1ea3i, gi\u1edd \u0111\u00e2y s\u1ebd ti\u1ebft ki\u1ec7m \u0111\u01b0\u1ee3c chi ph\u00ed nh\u1edd gi\u1ea3m thi\u1ebfu \u0111\u01b0\u1ee3c c\u00f4ng s\u1ee9c ch\u1ecdn l\u1ef1a kh\u0103n lau c\u0169ng nh\u01b0 kh\u00f4ng c\u00f2n ph\u1ea3i v\u1ee9t b\u1ecf nh\u1eefng kh\u0103n v\u1ea3i kh\u00f4ng s\u1eed d\u1ee5ng \u0111\u01b0\u1ee3c.<\/p>\n<p><strong>\u1ee8ng d\u1ee5ng:<\/strong><\/p>\n<ul>\n<li>D\u00f9ng \u0111\u1ec3 lau ch\u00f9i trong c\u00e1c ng\u00e0nh s\u1ea3n xu\u1ea5t nh\u01b0 gia c\u00f4ng kim lo\u1ea1i, nh\u00e0 m\u00e1y \u00f4 t\u00f4.<\/li>\n<li>D\u00f9ng \u0111\u1ec3 lau b\u1ea3n in v\u00e0 l\u00e0m s\u1ea1ch m\u1ef1c trong c\u00e1c nh\u00e0 m\u00e1y in \u1ea5n.<\/li>\n<li>D\u00f9ng \u0111\u1ec3 lau c\u00e1c thi\u1ebft b\u1ecb v\u00e0 d\u1ee5ng c\u1ee5 v\u1edbi dung m\u00f4i, c\u0169ng nh\u01b0 b\u1ea3o tr\u00ec.<\/li>\n<li>D\u00f9ng \u0111\u1ec3 lau ch\u00f9i trong c\u00e1c nh\u00e0 m\u00e1y th\u1ef1c ph\u1ea9m v\u00e0 d\u1ecbch v\u1ee5 \u0103n u\u1ed1ng.<\/li>\n<li>D\u00f9ng \u0111\u1ec3 lau d\u1ea7u trong c\u00e1c c\u00f4ng vi\u1ec7c lau ch\u00f9i t\u1ea1i nh\u00e0 m\u00e1y.<\/li>\n<\/ul>\n<p>&nbsp;<\/p>\n<p><strong>Lo\u1ea1i kh\u0103n c\u1ee9ng 4 l\u1ea7n g\u1ea5p m\u00e0u tr\u1eafng:<\/strong><\/p>\n<table>\n<thead>\n<tr>\n<th>M\u00e3 s\u1ea3n ph\u1ea9m<\/th>\n<th><span>K\u00edch th\u01b0\u1edbc (mm)<\/span><\/th>\n<th><span>S\u1ed1 tr\u01b0\u1eddng h\u1ee3p (t\u1ed5ng s\u1ed1)<\/span><\/th>\n<\/tr>\n<\/thead>\n<tbody>\n<tr>\n<td><span>AL660 (m\u1ecfng)<\/span><\/td>\n<td><span>300\u00d7340<\/span><\/td>\n<td><span>65 t\u1edd x 18 t\u00fai (1.170 t\u1edd)<\/span><\/td>\n<\/tr>\n<tr>\n<td><span>AL770 (trung b\u00ecnh)<\/span><\/td>\n<td><span>300\u00d7340<\/span><\/td>\n<td><span>60 t\u1edd x 18 t\u00fai (1.080 t\u1edd)<\/span><\/td>\n<\/tr>\n<tr>\n<td><span>AL880 (d\u00e0y)<\/span><\/td>\n<td><span>300\u00d7340<\/span><\/td>\n<td><span>60 t\u1edd x 12 t\u00fai (720 t\u1edd)<\/span><\/td>\n<\/tr>\n<\/tbody>\n<\/table>\n<p>&nbsp;<\/p>\n<p><strong>Lo\u1ea1i kh\u0103n c\u1ee9ng 4 l\u1ea7n g\u1ea5p m\u00e0u xanh:<\/strong><\/p>\n<table>\n<thead>\n<tr>\n<th>M\u00e3 s\u1ea3n ph\u1ea9m<\/th>\n<th><span>K\u00edch th\u01b0\u1edbc (mm)<\/span><\/th>\n<th><span>S\u1ed1 tr\u01b0\u1eddng h\u1ee3p (t\u1ed5ng s\u1ed1)<\/span><\/th>\n<\/tr>\n<\/thead>\n<tbody>\n<tr>\n<td><span>AL770B<\/span><\/td>\n<td><span>330\u00d7350<\/span><\/td>\n<td><span>60 t\u1edd x 18 t\u00fai (1.080 t\u1edd)<\/span><\/td>\n<\/tr>\n<\/tbody>\n<\/table>\n<p><strong>Lo\u1ea1i cu\u1ed9n c\u1ee9ng 4 l\u1ea7n g\u1ea5p m\u00e0u xanh:<\/strong><\/p>\n<table>\n<thead>\n<tr>\n<th>M\u00e3 s\u1ea3n ph\u1ea9m<\/th>\n<th><span>K\u00edch th\u01b0\u1edbc (mm)<\/span><\/th>\n<th><span>S\u1ed1 tr\u01b0\u1eddng h\u1ee3p (t\u1ed5ng s\u1ed1)<\/span><\/th>\n<\/tr>\n<\/thead>\n<tbody>\n<tr>\n<td><span>ALR40B<\/span><\/td>\n<td><span>262\u00d7380<\/span><\/td>\n<td><span>400 t\u1edd x 2 s\u1ed5 (cu\u1ed9n 800 t\u1edd)<\/span><\/td>\n<\/tr>\n<\/tbody>\n<\/table>\n<p>&nbsp;<\/p>","protected":false},"excerpt":{"rendered":"<p><strong>V\u1eadt li\u1ec7u:<\/strong> (S\u1ee3i b\u1ed9t gi\u1ea5y + v\u1ea3i kh\u00f4ng d\u1ec7t polypropylene)<\/p>\n<p>&nbsp;<\/p>","protected":false},"featured_media":30583,"template":"","meta":[],"_links":{"self":[{"href":"http:\/\/handan.com.vn\/en\/wp-json\/wp\/v2\/product\/30582"}],"collection":[{"href":"http:\/\/handan.com.vn\/en\/wp-json\/wp\/v2\/product"}],"about":[{"href":"http:\/\/handan.com.vn\/en\/wp-json\/wp\/v2\/types\/product"}],"wp:featuredmedia":[{"embeddable":true,"href":"http:\/\/handan.com.vn\/en\/wp-json\/wp\/v2\/media\/30583"}],"wp:attachment":[{"href":"http:\/\/handan.com.vn\/en\/wp-json\/wp\/v2\/media?parent=30582"}],"curies":[{"name":"wp","href":"https:\/\/api.w.org\/{rel}","templated":true}]}}