{"id":30580,"date":"2024-12-25T11:29:19","date_gmt":"2024-12-25T04:29:19","guid":{"rendered":"https:\/\/handan.com.vn\/?post_type=product&#038;p=30580"},"modified":"2026-01-05T15:16:13","modified_gmt":"2026-01-05T08:16:13","slug":"giay-lau-dang-cuon-pr58-pr30-hashimoto-cloth","status":"publish","type":"product","link":"http:\/\/handan.com.vn\/en\/product\/giay-lau-dang-cuon-pr58-pr30-hashimoto-cloth\/","title":{"rendered":"Gi\u1ea5y lau d\u1ea1ng cu\u1ed9n PR58\/PR30 Hashimoto-cloth"},"content":{"rendered":"<p><strong>\u0110\u1eb7c \u0111i\u1ec3m:\u00a0<\/strong><\/p>\n<p>\u0110\u00e2y l\u00e0 lo\u1ea1i kh\u0103n lau d\u1ea1ng cu\u1ed9n,c\u00f3 \u0111\u01b0\u1eddng kim c\u1eaft n\u00ean d\u1ec5 d\u00e0n g x\u00e9 ra s\u1eed d\u1ee5ng. B\u1ea1n c\u00f3 th\u1ec3 d\u1ec5 d\u00e0ng l\u1ea5y l\u01b0\u1ee3ng gi\u1ea5y \u0111\u1ee7 d\u00f9ng<\/p>","protected":false},"excerpt":{"rendered":"<table>\n<tbody>\n<tr>\n<td width=\"50\">\n<p style=\"text-align: center;\"><strong>M\u00e3 SP<\/strong><\/p>\n<\/td>\n<td style=\"text-align: center;\" width=\"37\"><strong>K\u00edch th\u01b0\u1edbc<\/strong><\/p>\n<p><strong>(mm)<\/strong><\/td>\n<td width=\"74\">\n<p style=\"text-align: center;\"><strong>SL \u0111\u00f3ng h\u1ed9p (T\u1ed5ng)<\/strong><\/p>\n<\/td>\n<\/tr>\n<tr>\n<td width=\"50\">PR58<\/td>\n<td width=\"37\">265&#215;400<\/td>\n<td width=\"74\">580 t\u1eddx2cu\u1ed9n(1,160 t\u1edd)<\/td>\n<\/tr>\n<tr>\n<td width=\"50\">PR30<\/td>\n<td width=\"37\">265&#215;400<\/td>\n<td width=\"74\">300 t\u1eddx4cu\u1ed9n(1,200 t\u1edd)<\/td>\n<\/tr>\n<\/tbody>\n<\/table>","protected":false},"featured_media":30581,"template":"","meta":[],"_links":{"self":[{"href":"http:\/\/handan.com.vn\/en\/wp-json\/wp\/v2\/product\/30580"}],"collection":[{"href":"http:\/\/handan.com.vn\/en\/wp-json\/wp\/v2\/product"}],"about":[{"href":"http:\/\/handan.com.vn\/en\/wp-json\/wp\/v2\/types\/product"}],"wp:featuredmedia":[{"embeddable":true,"href":"http:\/\/handan.com.vn\/en\/wp-json\/wp\/v2\/media\/30581"}],"wp:attachment":[{"href":"http:\/\/handan.com.vn\/en\/wp-json\/wp\/v2\/media?parent=30580"}],"curies":[{"name":"wp","href":"https:\/\/api.w.org\/{rel}","templated":true}]}}