{"id":30577,"date":"2024-12-25T10:44:59","date_gmt":"2024-12-25T03:44:59","guid":{"rendered":"https:\/\/handan.com.vn\/?post_type=product&#038;p=30577"},"modified":"2026-01-05T15:16:13","modified_gmt":"2026-01-05T08:16:13","slug":"giay-lau-dang-rut-pp2840-pp1740-hashimoto-cloth","status":"publish","type":"product","link":"http:\/\/handan.com.vn\/en\/product\/giay-lau-dang-rut-pp2840-pp1740-hashimoto-cloth\/","title":{"rendered":"Gi\u1ea5y lau d\u1ea1ng r\u00fat PP2840\/PP1740 Hashimoto-cloth"},"content":{"rendered":"<p><strong>Gi\u1ea5y lau d\u1ea1ng r\u00fat PP2840\/PP1740 Hashimoto-cloth<\/strong><\/p>\n<p><strong>\u0110\u1eb7c \u0111i\u1ec3m:\u00a0<\/strong><\/p>\n<p>\u0110\u00e2y l\u00e0 lo\u1ea1i kh\u0103n lau d\u1ea1ng r\u00fat, c\u00f3 th\u1ec3 l\u1ea5y t\u1eebng t\u1edd m\u1ed9t c\u00e1ch d\u1ec5 d\u00e0ng gi\u1ed1ng nh\u01b0 gi\u1ea5y \u0103n. S\u1ea3n ph\u1ea9m kh\u00f4ng c\u00f3 \u0111\u01b0\u1eddng kim c\u1eaft c\u1eaft n\u00ean kh\u00f4ng c\u1ea7n ph\u1ea3i lo l\u1eafng \u0111\u1ebfn s\u1ee3i l\u00f4ng bung ra t\u1eeb c\u1ea1nh c\u1ee7a kh\u0103n. V\u00ec v\u1eady c\u00f3 th\u1ec3 \u0111\u01b0\u1ee3c s\u1eed d\u1ee5ng c\u1ea3 \u1edf trong nh\u00e0 m\u00e1y th\u1ef1c ph\u1ea9m.<\/p>","protected":false},"excerpt":{"rendered":"<table>\n<tbody>\n<tr>\n<td width=\"34\">\n<p style=\"text-align: center;\"><strong>M\u00e3 SP<\/strong><\/p>\n<\/td>\n<td style=\"text-align: center;\" width=\"34\"><strong>K\u00edch th\u01b0\u1edbc<\/strong><\/p>\n<p><strong>(mm)<\/strong><\/td>\n<td width=\"86\">\n<p style=\"text-align: center;\"><strong>SL \u0111\u00f3ng h\u1ed9p (T\u1ed5ng)<\/strong><\/p>\n<\/td>\n<\/tr>\n<tr>\n<td width=\"34\">PP2840<\/td>\n<td width=\"34\">280&#215;400<\/td>\n<td width=\"86\">100 t\u1eddx12 t\u00fai(1,200 t\u1edd)<\/td>\n<\/tr>\n<tr>\n<td width=\"34\">PP1740<\/td>\n<td width=\"34\">175&#215;400<\/td>\n<td width=\"86\">100 t\u1eddx18 t\u00fai(1,800 t\u1edd)<\/td>\n<\/tr>\n<\/tbody>\n<\/table>","protected":false},"featured_media":30579,"template":"","meta":[],"_links":{"self":[{"href":"http:\/\/handan.com.vn\/en\/wp-json\/wp\/v2\/product\/30577"}],"collection":[{"href":"http:\/\/handan.com.vn\/en\/wp-json\/wp\/v2\/product"}],"about":[{"href":"http:\/\/handan.com.vn\/en\/wp-json\/wp\/v2\/types\/product"}],"wp:featuredmedia":[{"embeddable":true,"href":"http:\/\/handan.com.vn\/en\/wp-json\/wp\/v2\/media\/30579"}],"wp:attachment":[{"href":"http:\/\/handan.com.vn\/en\/wp-json\/wp\/v2\/media?parent=30577"}],"curies":[{"name":"wp","href":"https:\/\/api.w.org\/{rel}","templated":true}]}}