{"id":30575,"date":"2024-12-25T10:42:21","date_gmt":"2024-12-25T03:42:21","guid":{"rendered":"https:\/\/handan.com.vn\/?post_type=product&#038;p=30575"},"modified":"2026-01-05T15:16:13","modified_gmt":"2026-01-05T08:16:13","slug":"giay-lau-p460-hashimoto-cloth","status":"publish","type":"product","link":"http:\/\/handan.com.vn\/en\/product\/giay-lau-p460-hashimoto-cloth\/","title":{"rendered":"Gi\u1ea5y lau P460 Hashimoto-cloth"},"content":{"rendered":"<p><strong>Gi\u1ea5y lau P460 Hashimoto-cloth:<\/strong> Lo\u1ea1i 4 l\u01b0\u1ee3t g\u1ea5p<\/p>\n<p><strong>\u0110\u1eb7c \u0111i\u1ec3m:\u00a0<\/strong><\/p>\n<p>\u0110\u00e2y l\u00e0 lo\u1ea1i c\u00f3 k\u00edch th\u01b0\u1edbc l\u1edbn nh\u1ea5t, c\u1ee1 LL. Do c\u00f3 k\u00edch th\u01b0\u1edbc l\u1edbn n\u00ean n\u00f3 \u0111\u01b0\u1ee3c d\u00f9ng kh\u00f4ng ch\u1ec9 \u0111\u1ec3 lau m\u00e0 c\u00f2n c \u00f3th\u1ec3 d\u00f9ng l\u00e0m t\u1ea5m th\u1ea5m n\u01b0\u1edbc ho\u1eb7c t\u1ea5m \u0111\u1ec7m l\u00f3t.<\/p>","protected":false},"excerpt":{"rendered":"<table>\n<tbody>\n<tr>\n<td width=\"50\"><strong>M\u00e3 SP<\/strong><\/td>\n<td style=\"text-align: center;\" width=\"37\"><strong>K\u00edch th\u01b0\u1edbc<\/strong><\/p>\n<p style=\"text-align: center;\"><strong>(mm)<\/strong><\/p>\n<\/td>\n<td style=\"text-align: center;\" width=\"74\"><strong>SL \u0111\u00f3ng h\u1ed9p (T\u1ed5ng)<\/strong><\/td>\n<\/tr>\n<tr>\n<td width=\"50\">P460<\/td>\n<td width=\"37\">460\u00d7400<\/td>\n<td width=\"74\">50 t\u1edd x 12 t\u00fai (600 t\u1edd)<\/td>\n<\/tr>\n<\/tbody>\n<\/table>","protected":false},"featured_media":30576,"template":"","meta":[],"_links":{"self":[{"href":"http:\/\/handan.com.vn\/en\/wp-json\/wp\/v2\/product\/30575"}],"collection":[{"href":"http:\/\/handan.com.vn\/en\/wp-json\/wp\/v2\/product"}],"about":[{"href":"http:\/\/handan.com.vn\/en\/wp-json\/wp\/v2\/types\/product"}],"wp:featuredmedia":[{"embeddable":true,"href":"http:\/\/handan.com.vn\/en\/wp-json\/wp\/v2\/media\/30576"}],"wp:attachment":[{"href":"http:\/\/handan.com.vn\/en\/wp-json\/wp\/v2\/media?parent=30575"}],"curies":[{"name":"wp","href":"https:\/\/api.w.org\/{rel}","templated":true}]}}