{"id":30572,"date":"2024-12-25T10:38:57","date_gmt":"2024-12-25T03:38:57","guid":{"rendered":"https:\/\/handan.com.vn\/?post_type=product&#038;p=30572"},"modified":"2026-01-05T15:16:13","modified_gmt":"2026-01-05T08:16:13","slug":"giay-lau-p175-hashimoto-cloth","status":"publish","type":"product","link":"http:\/\/handan.com.vn\/en\/product\/giay-lau-p175-hashimoto-cloth\/","title":{"rendered":"Gi\u1ea5y lau P175 Hashimoto-cloth"},"content":{"rendered":"<p><strong>Gi\u1ea5y lau P175 Hashimoto-cloth:<\/strong>\u00a0Lo\u1ea1i 2 l\u01b0\u1ee3t g\u1ea5p<\/p>\n<p><strong>\u0110\u1eb7c \u0111i\u1ec3m:<\/strong><\/p>\n<p>\u0110\u00e2y l\u00e0 lo\u1ea1i kh\u0103n 2 l\u01b0\u1ee3t g\u1ea5p th\u00edch h\u1ee3p cho vi\u1ec7c lau qua v\u1ebft b\u1ea9n tr\u00ean d\u1ee5ng c\u1ee5 v\u00e0 m\u00e1y m\u00f3c. \u0110\u1eb7c bi\u1ec7t s\u1ee9c m\u1ea1nh tuy\u1ec7t v\u1eddi c\u1ee7a kh\u0103n gi\u1ea5y Hashimoto gi\u00fap gi\u1ea3m \u0111\u00e1ng k\u1ec3 chi ph\u00ed v\u00e0 r\u00e1c.<\/p>\n<p>&nbsp;<\/p>","protected":false},"excerpt":{"rendered":"<table>\n<tbody>\n<tr>\n<td width=\"50\"><strong>M\u00e3 SP<\/strong><\/td>\n<td width=\"37\"><strong>K\u00edch th\u01b0\u1edbc<\/strong><\/p>\n<p><strong>(mm)<\/strong><\/td>\n<td width=\"74\"><strong>SL \u0111\u00f3ng h\u1ed9p (T\u1ed5ng)<\/strong><\/td>\n<\/tr>\n<tr>\n<td width=\"50\">P175<\/td>\n<td width=\"37\">175&#215;400<\/td>\n<td width=\"74\">100 t\u1eddx16 t\u00fai(1,600 t\u1edd)<\/td>\n<\/tr>\n<\/tbody>\n<\/table>","protected":false},"featured_media":30573,"template":"","meta":[],"_links":{"self":[{"href":"http:\/\/handan.com.vn\/en\/wp-json\/wp\/v2\/product\/30572"}],"collection":[{"href":"http:\/\/handan.com.vn\/en\/wp-json\/wp\/v2\/product"}],"about":[{"href":"http:\/\/handan.com.vn\/en\/wp-json\/wp\/v2\/types\/product"}],"wp:featuredmedia":[{"embeddable":true,"href":"http:\/\/handan.com.vn\/en\/wp-json\/wp\/v2\/media\/30573"}],"wp:attachment":[{"href":"http:\/\/handan.com.vn\/en\/wp-json\/wp\/v2\/media?parent=30572"}],"curies":[{"name":"wp","href":"https:\/\/api.w.org\/{rel}","templated":true}]}}