{"id":30570,"date":"2024-12-25T10:37:29","date_gmt":"2024-12-25T03:37:29","guid":{"rendered":"https:\/\/handan.com.vn\/?post_type=product&#038;p=30570"},"modified":"2026-01-05T15:16:13","modified_gmt":"2026-01-05T08:16:13","slug":"giay-lau-p350-hashimoto-cloth","status":"publish","type":"product","link":"http:\/\/handan.com.vn\/en\/product\/giay-lau-p350-hashimoto-cloth\/","title":{"rendered":"Gi\u1ea5y lau P350  Hashimoto-cloth"},"content":{"rendered":"<p><strong>Gi\u1ea5y lau P350 Hashimoto-cloth: <\/strong>Lo\u1ea1i 4 l\u01b0\u1ee3t g\u1ea5p<\/p>\n<p><strong>\u0110\u1eb7c \u0111i\u1ec3m:<\/strong><\/p>\n<p>\u0110\u00e2y l\u00e0 lo\u1ea1i kh\u0103n c\u1ee1 l\u1edbn . V\u00ec v\u1eady n\u00f3 c\u00f3 th\u1ec3 lau ph\u1ea1m vi l\u1edbn, gi\u00fap ph\u1ea7n gi\u1ea3m thi\u1ec3u s\u1ed1 l\u01b0\u1ee3ng kh\u0103n lau c\u1ea7n d\u00f9ng<\/p>\n<p>&nbsp;<\/p>","protected":false},"excerpt":{"rendered":"<table>\n<tbody>\n<tr>\n<td width=\"50\"><strong>M\u00e3<\/strong><\/td>\n<td width=\"37\"><strong>K\u00edch th\u01b0\u1edbc<\/strong><strong>(mm)<\/strong><\/td>\n<td width=\"74\"><strong>S\u1ed1 l\u01b0\u1ee3ng \u0111\u00f3ng th\u00f9ng<\/strong><strong>(T\u1ed5ng)<\/strong><\/td>\n<\/tr>\n<tr>\n<td width=\"50\">P350<\/td>\n<td width=\"37\">350&#215;400<\/td>\n<td width=\"74\">50 t\u1edd x 16 t\u00fai (800 t\u1edd)<\/td>\n<\/tr>\n<\/tbody>\n<\/table>","protected":false},"featured_media":30571,"template":"","meta":[],"_links":{"self":[{"href":"http:\/\/handan.com.vn\/en\/wp-json\/wp\/v2\/product\/30570"}],"collection":[{"href":"http:\/\/handan.com.vn\/en\/wp-json\/wp\/v2\/product"}],"about":[{"href":"http:\/\/handan.com.vn\/en\/wp-json\/wp\/v2\/types\/product"}],"wp:featuredmedia":[{"embeddable":true,"href":"http:\/\/handan.com.vn\/en\/wp-json\/wp\/v2\/media\/30571"}],"wp:attachment":[{"href":"http:\/\/handan.com.vn\/en\/wp-json\/wp\/v2\/media?parent=30570"}],"curies":[{"name":"wp","href":"https:\/\/api.w.org\/{rel}","templated":true}]}}