{"id":30568,"date":"2024-12-25T10:32:32","date_gmt":"2024-12-25T03:32:32","guid":{"rendered":"https:\/\/handan.com.vn\/?post_type=product&#038;p=30568"},"modified":"2026-01-05T15:16:14","modified_gmt":"2026-01-05T08:16:14","slug":"khan-giay-p280-hashimoto-cloth","status":"publish","type":"product","link":"http:\/\/handan.com.vn\/en\/product\/khan-giay-p280-hashimoto-cloth\/","title":{"rendered":"Gi\u1ea5y lau P280  Hashimoto-cloth"},"content":{"rendered":"<p><strong>Kh\u0103n gi\u1ea5y P280 Hashimoto-cloth : <\/strong>Lo\u1ea1i 4 l\u01b0\u1ee3t g\u1ea5p<\/p>\n<p><strong>\u0110\u1eb7c \u0111i\u1ec3m:<\/strong><\/p>\n<p>Kh\u0103n \u0111\u01b0\u1ee3c d\u1eadp n\u1ed5i tr\u00ean b\u1ec1 m\u1eb7t gi\u00fap th\u1ea5m h\u00fat nhanh h\u01a1n v\u00e0 kh\u00f3 r\u00e1ch. Do kh\u0103n c\u00f3 k\u00edch th\u01b0\u1edbc v\u1eeba l\u00f2ng b\u00e0n tay n\u00ean b\u1ea1n c\u00f3 th\u1ec3 lau d\u1ec5 d\u00e0ng b\u1eb1ng m\u1ed9t tay.<\/p>\n<p>&nbsp;<\/p>","protected":false},"excerpt":{"rendered":"<table>\n<tbody>\n<tr>\n<td width=\"50\"><strong>M\u00e3<\/strong><\/td>\n<td width=\"37\"><strong>K\u00edch th\u01b0\u1edbc<\/strong><\/p>\n<p><strong>(mm<\/strong>)<\/td>\n<td width=\"74\"><strong>S\u1ed1 l\u01b0\u1ee3ng \u0111\u00f3ng th\u00f9ng<\/strong><\/p>\n<p><strong>(T\u1ed5ng)<\/strong><\/td>\n<\/tr>\n<tr>\n<td width=\"50\">P280<\/td>\n<td width=\"37\">270&#215;400<\/td>\n<td width=\"74\">52 t\u1edd x 24 t\u00fai (1,248t\u1edd)<\/td>\n<\/tr>\n<\/tbody>\n<\/table>","protected":false},"featured_media":30569,"template":"","meta":[],"_links":{"self":[{"href":"http:\/\/handan.com.vn\/en\/wp-json\/wp\/v2\/product\/30568"}],"collection":[{"href":"http:\/\/handan.com.vn\/en\/wp-json\/wp\/v2\/product"}],"about":[{"href":"http:\/\/handan.com.vn\/en\/wp-json\/wp\/v2\/types\/product"}],"wp:featuredmedia":[{"embeddable":true,"href":"http:\/\/handan.com.vn\/en\/wp-json\/wp\/v2\/media\/30569"}],"wp:attachment":[{"href":"http:\/\/handan.com.vn\/en\/wp-json\/wp\/v2\/media?parent=30568"}],"curies":[{"name":"wp","href":"https:\/\/api.w.org\/{rel}","templated":true}]}}