{"id":30566,"date":"2024-12-25T10:27:18","date_gmt":"2024-12-25T03:27:18","guid":{"rendered":"https:\/\/handan.com.vn\/?post_type=product&#038;p=30566"},"modified":"2026-01-05T15:16:14","modified_gmt":"2026-01-05T08:16:14","slug":"khan-lau-dang-rut-up2840-hashimoto-cloth","status":"publish","type":"product","link":"http:\/\/handan.com.vn\/en\/product\/khan-lau-dang-rut-up2840-hashimoto-cloth\/","title":{"rendered":"Kh\u0103n lau d\u1ea1ng r\u00fat  UP2840 Hashimoto-cloth"},"content":{"rendered":"<p><strong>Kh\u0103n lau d\u1ea1ng r\u00fat UP2840 Hashimoto-cloth<\/strong><\/p>\n<p>\u0110\u00e2y l\u00e0 lo\u1ea1i kh\u0103n lau d\u1ea1ng r\u00fat, c\u00f3 th\u1ec3 l\u1ea5y t\u1eebng t\u1edd m\u1ed9t c\u00e1ch d\u1ec5 d\u00e0ng gi\u1ed1ng nh\u01b0 gi\u1ea5y \u0103n.<\/p>\n<p>S\u1ea3n ph\u1ea9m kh\u00f4ng c\u00f3 \u0111\u01b0\u1eddng kim c\u1eaft, v\u00ec v\u1eady b\u1ea1n kh\u00f4ng c\u1ea7n ph\u1ea3i lo l\u1eafng v\u1ec1 vi\u1ec7c s\u1ee3i l\u00f4ng b\u1ecb bung ra t\u1eeb c\u1ea1nh kh\u0103n.<\/p>\n<p>V\u00ec v\u1eady, b\u1ea1n c\u00f3 th\u1ec3 y\u00ean t\u00e2m s\u1eed d\u1ee5ng cho m\u1ecdi kh\u00e2u s\u1ea3n xu\u1ea5t<\/p>\n<p><strong>\u0110\u1eb7c \u0111i\u1ec3m:<\/strong><\/p>\n<p>Lau ho\u00e0n thi\u1ec7n s\u1ea3n ph\u1ea9m<\/p>\n<p>Lau b\u1ee5i b\u1ea9n \u1edf b\u1ed9 ph\u1eadn n\u00f3ng<\/p>\n<p>&nbsp;<\/p>","protected":false},"excerpt":{"rendered":"<p><strong>Model:<\/strong> UP2840<\/p>\n<p><strong>K\u00edch th\u01b0\u1edbc (mm): <\/strong>275&#215;400<\/p>\n<p><strong>Quy c\u00e1ch:<\/strong> 150 t\u1edd x 6 t\u00fai (900 t\u1edd)<\/p>\n<p>&nbsp;<\/p>","protected":false},"featured_media":30567,"template":"","meta":[],"_links":{"self":[{"href":"http:\/\/handan.com.vn\/en\/wp-json\/wp\/v2\/product\/30566"}],"collection":[{"href":"http:\/\/handan.com.vn\/en\/wp-json\/wp\/v2\/product"}],"about":[{"href":"http:\/\/handan.com.vn\/en\/wp-json\/wp\/v2\/types\/product"}],"wp:featuredmedia":[{"embeddable":true,"href":"http:\/\/handan.com.vn\/en\/wp-json\/wp\/v2\/media\/30567"}],"wp:attachment":[{"href":"http:\/\/handan.com.vn\/en\/wp-json\/wp\/v2\/media?parent=30566"}],"curies":[{"name":"wp","href":"https:\/\/api.w.org\/{rel}","templated":true}]}}