{"id":30562,"date":"2024-12-25T09:57:33","date_gmt":"2024-12-25T02:57:33","guid":{"rendered":"https:\/\/handan.com.vn\/?post_type=product&#038;p=30562"},"modified":"2026-01-05T15:16:14","modified_gmt":"2026-01-05T08:16:14","slug":"khan-lau-usr40-usr60-usr80-hashimoto-cloth","status":"publish","type":"product","link":"http:\/\/handan.com.vn\/en\/product\/khan-lau-usr40-usr60-usr80-hashimoto-cloth\/","title":{"rendered":"Kh\u0103n lau USR40\/USR60\/USR80 Hashimoto-cloth"},"content":{"rendered":"<p><strong>Kh\u0103n lau USR40\/USR60\/USR80 <\/strong><\/p>\n<p><strong>L\u00e0 lo\u1ea1i d\u1ea1ng cu\u1ed9n\u00a0<\/strong><\/p>\n<ul>\n<li>Lo\u1ea1i m\u1ecfng: D\u00f9ng \u0111\u1ec3 lau ch\u00f9i ho\u00e0n thi\u1ec7n s\u1ea3n ph\u1ea9m.<\/li>\n<li>Lo\u1ea1i \u0111\u1ed9 d\u00e0y trung b\u00ecnh: D\u00f9ng cho c\u00e1c c\u00f4ng vi\u1ec7c lau ch\u00f9i ph\u00e1t sinh trong qu\u00e1 tr\u00ecnh l\u00e0m vi\u1ec7c h\u00e0ng ng\u00e0y.<\/li>\n<li>Lo\u1ea1i d\u00e0y: D\u00f9ng \u0111\u1ec3 lau c\u00e1c b\u1ed9 ph\u1eadn c\u00f3 nhi\u1ec7t \u0111\u1ed9 cao.<br \/>\nV\u00ec c\u00f3 v\u1ebft r\u0103ng c\u01b0a, n\u00ean c\u00f3 th\u1ec3 c\u1eaft \u0111\u00fang s\u1ed1 l\u01b0\u1ee3ng c\u1ea7n thi\u1ebft m\u00e0 kh\u00f4ng b\u1ecb l\u1ea5y qu\u00e1 nhi\u1ec1u. V\u1edbi ba lo\u1ea1i \u0111\u1ed9 d\u00e0y v\u1ea3i kh\u00e1c nhau, s\u1ea3n ph\u1ea9m c\u00f3 th\u1ec3 \u0111\u01b0\u1ee3c s\u1eed d\u1ee5ng cho nhi\u1ec1u m\u1ee5c \u0111\u00edch, t\u1eeb lau ch\u00f9i c\u00e1c b\u1ed9 ph\u1eadn nh\u1ecf \u0111\u1ebfn lau ch\u00f9i c\u00e1c b\u1ed9 ph\u1eadn c\u00f3 nhi\u1ec7t \u0111\u1ed9 cao.<\/li>\n<\/ul>\n<p><strong>Ng\u00e0nh ngh\u1ec1 \u00e1p d\u1ee5ng:<\/strong><\/p>\n<ul>\n<li>Si\u00eau th\u1ecb<\/li>\n<li>Ng\u00e0nh c\u00f4ng nghi\u1ec7p d\u1ecbch v\u1ee5 \u0103n u\u1ed1ng<\/li>\n<li>Nh\u00e0 m\u00e1y in \u1ea5n<\/li>\n<li>Nh\u00e0 m\u00e1y ch\u1ebf bi\u1ebfn th\u1ee7y s\u1ea3n<\/li>\n<li>Nh\u00e0 m\u00e1y s\u1eeda ch\u1eefa \u00f4 t\u00f4<\/li>\n<li>Nh\u00e0 m\u00e1y gia c\u00f4ng kim lo\u1ea1i<\/li>\n<li>Nh\u00e0 m\u00e1y th\u1ef1c ph\u1ea9m<\/li>\n<\/ul>\n<p><strong>B\u1ea3ng th\u00f4ng s\u1ed1<\/strong><\/p>\n<ul>\n<li><strong>Model<\/strong>: USR40 (M\u1ecfng)<br \/>\n<strong>K\u00edch th\u01b0\u1edbc (mm)<\/strong>: 280\u00d7400<br \/>\n<strong>Quy c\u00e1ch trong m\u1ed7i th\u00f9ng (t\u1ed5ng s\u1ed1)<\/strong>: 500 t\u1edd \u00d7 2 cu\u1ed9n (1,000 t\u1edd)<\/li>\n<li><strong>Model<\/strong>: USR60 (\u0110\u1ed9 d\u00e0y trung b\u00ecnh)<br \/>\n<strong>K\u00edch th\u01b0\u1edbc (mm)<\/strong>: 280\u00d7400<br \/>\n<strong>Quy c\u00e1ch trong m\u1ed7i th\u00f9ng (t\u1ed5ng s\u1ed1)<\/strong>: 370 t\u1edd \u00d7 2 cu\u1ed9n (740 t\u1edd)<\/li>\n<li><strong>Model<\/strong>: USR80 (D\u00e0y)<br \/>\n<strong>K\u00edch th\u01b0\u1edbc (mm)<\/strong>: 280\u00d7400<br \/>\n<strong>Quy c\u00e1ch trong m\u1ed7i th\u00f9ng (t\u1ed5ng s\u1ed1)<\/strong>: 300 t\u1edd \u00d7 2 cu\u1ed9n (600 t\u1edd)<\/li>\n<\/ul>\n<div><\/div>","protected":false},"excerpt":{"rendered":"<p>Kh\u0103n lau USR40\/USR60\/USR80 L\u00e0 lo\u1ea1i d\u1ea1ng cu\u1ed9n\u00a0 Lo\u1ea1i m\u1ecfng: D\u00f9ng \u0111\u1ec3 lau ch\u00f9i ho\u00e0n thi\u1ec7n s\u1ea3n ph\u1ea9m. Lo\u1ea1i \u0111\u1ed9 d\u00e0y trung b\u00ecnh: D\u00f9ng cho c\u00e1c c\u00f4ng vi\u1ec7c lau ch\u00f9i ph\u00e1t sinh trong qu\u00e1 tr\u00ecnh l\u00e0m vi\u1ec7c h\u00e0ng ng\u00e0y. Lo\u1ea1i d\u00e0y: D\u00f9ng \u0111\u1ec3 lau c\u00e1c b\u1ed9 ph\u1eadn c\u00f3 nhi\u1ec7t \u0111\u1ed9 cao. V\u00ec c\u00f3 v\u1ebft r\u0103ng c\u01b0a, [&#8230;]","protected":false},"featured_media":30563,"template":"","meta":[],"_links":{"self":[{"href":"http:\/\/handan.com.vn\/en\/wp-json\/wp\/v2\/product\/30562"}],"collection":[{"href":"http:\/\/handan.com.vn\/en\/wp-json\/wp\/v2\/product"}],"about":[{"href":"http:\/\/handan.com.vn\/en\/wp-json\/wp\/v2\/types\/product"}],"wp:featuredmedia":[{"embeddable":true,"href":"http:\/\/handan.com.vn\/en\/wp-json\/wp\/v2\/media\/30563"}],"wp:attachment":[{"href":"http:\/\/handan.com.vn\/en\/wp-json\/wp\/v2\/media?parent=30562"}],"curies":[{"name":"wp","href":"https:\/\/api.w.org\/{rel}","templated":true}]}}